{"id":270,"date":"2023-12-22T20:49:27","date_gmt":"2023-12-22T19:49:27","guid":{"rendered":"https:\/\/collection.galerie-gerdes.com\/?post_type=product&#038;p=270"},"modified":"2024-04-24T14:06:31","modified_gmt":"2024-04-24T12:06:31","slug":"huile-sur-toile-femme-denude-1976","status":"publish","type":"product","link":"https:\/\/collection.galerie-gerdes.com\/lt\/p\/huile-sur-toile-femme-denude-1976\/","title":{"rendered":"Portrait de femme nue, 1976, \u00d6lgem\u00e4lde auf Leinwand, Akt"},"content":{"rendered":"<p>Louis Toncini, geboren am 30. November 1907 in Marseille und dort am 27. Dezember 2002 gestorben, war ein franz\u00f6sischer Maler.<\/p>\n<p>Louis Toncini war Sch\u00fcler der \u00c9cole des beaux-arts in Marseille, wo er zun\u00e4chst Bildhauerei und dann Malerei studierte. Im Jahr 1928 stellte er in der Galerie und Kunstbuchhandlung Guibert am Cours Pierre-Puget in Marseille aus. Kurz darauf nimmt er an der Bewegung der jungen Malerei in Marseille teil und gr\u00fcndet 1931 mit Leon Cadenel, Antoine Serra, Jean Tognetti und Fran\u00e7ois Diana die Gruppe der proletarischen Maler, die sich sp\u00e4ter Volksmaler nennen wird. Er malt die Arbeitswelt und behandelt st\u00e4dtische Themen: Fabriken, Bahnh\u00f6fe, H\u00e4fen etc.<\/p>\n<p>Er \u00fcbte auch eine T\u00e4tigkeit als Dekorationsstaffeur aus, f\u00fcr die er von zahlreichen Architekten angefragt wurde. 1936 beteiligte er sich (ebenfalls mit Antoine Serra, Fran\u00e7ois Diana und Leon Cadenel) an der Gr\u00fcndung des ersten Kulturhauses der Provinz, das von Louis Aragon, Andr\u00e9 Malraux und Jean Giono unterst\u00fctzt wurde.<\/p>\n<p>Nach der Befreiung gewann sein optimistischer Charakter die Oberhand: Er malte Stillleben, Blumenstr\u00e4u\u00dfe und Landschaften. Er wurde zu einer der wichtigsten Figuren unter den Malern des P\u00e9ano. Nachdem er ein Haus in den Hautes-Alpes gekauft hat, malt er auch die Ufer der Durance, die Berge, D\u00f6rfer usw.<\/p>\n<p>Andr\u00e9 Alauzen und Laurent Noet, Dictionnaire des peintres et sculpteurs de Provence-Alpes-C\u00f4te d&#8217;Azur, Marseille, Jeanne Laffitte, 2006 (1. Aufl. 1986), 473 S. (ISBN 978-2-86276-441-2), S. 433-434<\/p>\n<p>Siehe insbesondere: toncini-louis.odexpo.com<\/p>\n","protected":false},"excerpt":{"rendered":"<p>Louis Toncini (1907-2002)<\/p>\n","protected":false},"featured_media":271,"template":"","meta":{"site-sidebar-layout":"default","site-content-layout":"","ast-site-content-layout":"default","site-content-style":"default","site-sidebar-style":"default","ast-global-header-display":"","ast-banner-title-visibility":"","ast-main-header-display":"","ast-hfb-above-header-display":"","ast-hfb-below-header-display":"","ast-hfb-mobile-header-display":"","site-post-title":"","ast-breadcrumbs-content":"","ast-featured-img":"","footer-sml-layout":"","ast-disable-related-posts":"","theme-transparent-header-meta":"","adv-header-id-meta":"","stick-header-meta":"","header-above-stick-meta":"","header-main-stick-meta":"","header-below-stick-meta":"","astra-migrate-meta-layouts":"default","ast-page-background-enabled":"default","ast-page-background-meta":{"desktop":{"background-color":"var(--ast-global-color-4)","background-image":"","background-repeat":"repeat","background-position":"center center","background-size":"auto","background-attachment":"scroll","background-type":"","background-media":"","overlay-type":"","overlay-color":"","overlay-opacity":"","overlay-gradient":""},"tablet":{"background-color":"","background-image":"","background-repeat":"repeat","background-position":"center center","background-size":"auto","background-attachment":"scroll","background-type":"","background-media":"","overlay-type":"","overlay-color":"","overlay-opacity":"","overlay-gradient":""},"mobile":{"background-color":"","background-image":"","background-repeat":"repeat","background-position":"center center","background-size":"auto","background-attachment":"scroll","background-type":"","background-media":"","overlay-type":"","overlay-color":"","overlay-opacity":"","overlay-gradient":""}},"ast-content-background-meta":{"desktop":{"background-color":"var(--ast-global-color-5)","background-image":"","background-repeat":"repeat","background-position":"center center","background-size":"auto","background-attachment":"scroll","background-type":"","background-media":"","overlay-type":"","overlay-color":"","overlay-opacity":"","overlay-gradient":""},"tablet":{"background-color":"var(--ast-global-color-5)","background-image":"","background-repeat":"repeat","background-position":"center center","background-size":"auto","background-attachment":"scroll","background-type":"","background-media":"","overlay-type":"","overlay-color":"","overlay-opacity":"","overlay-gradient":""},"mobile":{"background-color":"var(--ast-global-color-5)","background-image":"","background-repeat":"repeat","background-position":"center center","background-size":"auto","background-attachment":"scroll","background-type":"","background-media":"","overlay-type":"","overlay-color":"","overlay-opacity":"","overlay-gradient":""}}},"product_brand":[],"product_cat":[52,65,179,110],"product_tag":[364,362,363,74,361,365],"class_list":{"0":"post-270","1":"product","2":"type-product","3":"status-publish","4":"has-post-thumbnail","6":"product_cat-20th-century","7":"product_cat-franzoesisch","8":"product_cat-gemaelde","9":"product_cat-louis-toncini","10":"product_tag-art","11":"product_tag-gemalde","12":"product_tag-kunst","13":"product_tag-painting","14":"product_tag-peintures","15":"product_tag-pittura","16":"desktop-align-center","17":"tablet-align-left","18":"mobile-align-left","20":"first","21":"instock","22":"taxable","23":"shipping-taxable","24":"product-type-simple"},"_links":{"self":[{"href":"https:\/\/collection.galerie-gerdes.com\/lt\/wp-json\/wp\/v2\/product\/270","targetHints":{"allow":["GET"]}}],"collection":[{"href":"https:\/\/collection.galerie-gerdes.com\/lt\/wp-json\/wp\/v2\/product"}],"about":[{"href":"https:\/\/collection.galerie-gerdes.com\/lt\/wp-json\/wp\/v2\/types\/product"}],"wp:featuredmedia":[{"embeddable":true,"href":"https:\/\/collection.galerie-gerdes.com\/lt\/wp-json\/wp\/v2\/media\/271"}],"wp:attachment":[{"href":"https:\/\/collection.galerie-gerdes.com\/lt\/wp-json\/wp\/v2\/media?parent=270"}],"wp:term":[{"taxonomy":"product_brand","embeddable":true,"href":"https:\/\/collection.galerie-gerdes.com\/lt\/wp-json\/wp\/v2\/product_brand?post=270"},{"taxonomy":"product_cat","embeddable":true,"href":"https:\/\/collection.galerie-gerdes.com\/lt\/wp-json\/wp\/v2\/product_cat?post=270"},{"taxonomy":"product_tag","embeddable":true,"href":"https:\/\/collection.galerie-gerdes.com\/lt\/wp-json\/wp\/v2\/product_tag?post=270"}],"curies":[{"name":"wp","href":"https:\/\/api.w.org\/{rel}","templated":true}]}}