{"id":309021,"date":"2023-12-16T16:14:59","date_gmt":"2023-12-16T15:14:59","guid":{"rendered":"https:\/\/collection.galerie-gerdes.com\/produkt\/ziemos-peizazas-willy-link-paveikslas\/"},"modified":"2023-12-16T16:14:59","modified_gmt":"2023-12-16T15:14:59","slug":"ziemos-peizazas-willy-link-paveikslas","status":"publish","type":"product","link":"https:\/\/collection.galerie-gerdes.com\/lt\/p\/ziemos-peizazas-willy-link-paveikslas\/","title":{"rendered":"\u017diemos peiza\u017eas, Willy Link paveikslas"},"content":{"rendered":"<p>Wilhelm (Willy) Link, gim\u0119s 1877 m. spalio 13 d. Karlsr\u016bj\u0117je ir mir\u0117 1959 m. gegu\u017e\u0117s 14 d. Pforcheime, buvo universalus vokie\u010di\u0173 menininkas, dirb\u0119s tapybos, grafikos ir skulpt\u016bros srityse.<\/p>\n<p>1897-1903 m. jis mok\u0117si Karlsr\u016bh\u0117s meno mokykloje (Kunstgewerbeschule Karlsruhe) ir Karlsr\u016bh\u0117s meno akademijoje (Kunstakademie Karlsruhe), kur jam vadovavo Victoras Weishauptas ir Wilhelmas Tr\u00fcbneris.<\/p>\n<p>1913-1938 m. jis d\u0117st\u0117 pie\u0161im\u0105 ir modeliavim\u0105 Pforcheimo auksakali\u0173 mokykloje. \u017dinomas d\u0117l savo aistros vaizduoti arklius, jis buvo pramintas &#8222;Pferdles-Link&#8221;.<\/p>\n<p>1926 m. Wilhelmas Linkas dalyvavo \u0160tutgarto secesijos parodoje su paveikslu &#8222;Zehn Majoliken&#8221;. Per savo karjer\u0105 jis taip pat sureng\u0117 personalines parodas Pforcheime 1957 ir 1982 m.<\/p>\n","protected":false},"excerpt":{"rendered":"<p>Wilhelm (Willy) Link (1877-1959)<br \/>\nReik\u0117t\u0173 i\u0161valyti.<\/p>\n","protected":false},"featured_media":7632,"template":"","meta":{"site-sidebar-layout":"default","site-content-layout":"","ast-site-content-layout":"default","site-content-style":"default","site-sidebar-style":"default","ast-global-header-display":"","ast-banner-title-visibility":"","ast-main-header-display":"","ast-hfb-above-header-display":"","ast-hfb-below-header-display":"","ast-hfb-mobile-header-display":"","site-post-title":"","ast-breadcrumbs-content":"","ast-featured-img":"","footer-sml-layout":"","ast-disable-related-posts":"","theme-transparent-header-meta":"default","adv-header-id-meta":"","stick-header-meta":"","header-above-stick-meta":"","header-main-stick-meta":"","header-below-stick-meta":"","astra-migrate-meta-layouts":"default","ast-page-background-enabled":"default","ast-page-background-meta":{"desktop":{"background-color":"var(--ast-global-color-4)","background-image":"","background-repeat":"repeat","background-position":"center center","background-size":"auto","background-attachment":"scroll","background-type":"","background-media":"","overlay-type":"","overlay-color":"","overlay-opacity":"","overlay-gradient":""},"tablet":{"background-color":"","background-image":"","background-repeat":"repeat","background-position":"center center","background-size":"auto","background-attachment":"scroll","background-type":"","background-media":"","overlay-type":"","overlay-color":"","overlay-opacity":"","overlay-gradient":""},"mobile":{"background-color":"","background-image":"","background-repeat":"repeat","background-position":"center center","background-size":"auto","background-attachment":"scroll","background-type":"","background-media":"","overlay-type":"","overlay-color":"","overlay-opacity":"","overlay-gradient":""}},"ast-content-background-meta":{"desktop":{"background-color":"var(--ast-global-color-5)","background-image":"","background-repeat":"repeat","background-position":"center center","background-size":"auto","background-attachment":"scroll","background-type":"","background-media":"","overlay-type":"","overlay-color":"","overlay-opacity":"","overlay-gradient":""},"tablet":{"background-color":"var(--ast-global-color-5)","background-image":"","background-repeat":"repeat","background-position":"center center","background-size":"auto","background-attachment":"scroll","background-type":"","background-media":"","overlay-type":"","overlay-color":"","overlay-opacity":"","overlay-gradient":""},"mobile":{"background-color":"var(--ast-global-color-5)","background-image":"","background-repeat":"repeat","background-position":"center center","background-size":"auto","background-attachment":"scroll","background-type":"","background-media":"","overlay-type":"","overlay-color":"","overlay-opacity":"","overlay-gradient":""}}},"product_brand":[],"product_cat":[735,639,641],"product_tag":[1549,14835,1550,14833,1551,1552,1553,1554,14834,14831,14832],"class_list":{"0":"post-309021","1":"product","2":"type-product","3":"status-publish","4":"has-post-thumbnail","6":"product_cat-german-lt","7":"product_cat-landschaft-lt","8":"product_cat-painting-lt","9":"product_tag-art-lt","10":"product_tag-drobe","11":"product_tag-gemalde-lt","12":"product_tag-krastovaizdis","13":"product_tag-kunst-lt","14":"product_tag-painting-lt","15":"product_tag-peintures-lt","16":"product_tag-pittura-lt","17":"product_tag-tapyba-aliejiniais-dazais","18":"product_tag-vilhelmas-link","19":"product_tag-ziema-lt","20":"desktop-align-center","21":"tablet-align-left","22":"mobile-align-left","24":"first","25":"instock","26":"taxable","27":"shipping-taxable","28":"product-type-simple"},"_links":{"self":[{"href":"https:\/\/collection.galerie-gerdes.com\/lt\/wp-json\/wp\/v2\/product\/309021","targetHints":{"allow":["GET"]}}],"collection":[{"href":"https:\/\/collection.galerie-gerdes.com\/lt\/wp-json\/wp\/v2\/product"}],"about":[{"href":"https:\/\/collection.galerie-gerdes.com\/lt\/wp-json\/wp\/v2\/types\/product"}],"wp:featuredmedia":[{"embeddable":true,"href":"https:\/\/collection.galerie-gerdes.com\/lt\/wp-json\/wp\/v2\/media\/7632"}],"wp:attachment":[{"href":"https:\/\/collection.galerie-gerdes.com\/lt\/wp-json\/wp\/v2\/media?parent=309021"}],"wp:term":[{"taxonomy":"product_brand","embeddable":true,"href":"https:\/\/collection.galerie-gerdes.com\/lt\/wp-json\/wp\/v2\/product_brand?post=309021"},{"taxonomy":"product_cat","embeddable":true,"href":"https:\/\/collection.galerie-gerdes.com\/lt\/wp-json\/wp\/v2\/product_cat?post=309021"},{"taxonomy":"product_tag","embeddable":true,"href":"https:\/\/collection.galerie-gerdes.com\/lt\/wp-json\/wp\/v2\/product_tag?post=309021"}],"curies":[{"name":"wp","href":"https:\/\/api.w.org\/{rel}","templated":true}]}}