{"id":309041,"date":"2023-12-16T22:46:00","date_gmt":"2023-12-16T21:46:00","guid":{"rendered":"https:\/\/collection.galerie-gerdes.com\/produkt\/kaimo-muzika-piesinys-adolfas-miunzeris-vyras-su-tuba\/"},"modified":"2023-12-16T22:46:00","modified_gmt":"2023-12-16T21:46:00","slug":"kaimo-muzika-piesinys-adolfas-miunzeris-vyras-su-tuba","status":"publish","type":"product","link":"https:\/\/collection.galerie-gerdes.com\/lt\/p\/kaimo-muzika-piesinys-adolfas-miunzeris-vyras-su-tuba\/","title":{"rendered":"&#8222;Kaimo muzika&#8221;, pie\u0161inys, Adolfas Miunzeris, vyras su t\u016bba"},"content":{"rendered":"<p>Gim\u0117 Ples\u0117je, Auk\u0161tutin\u0117je Silezijoje, o po ankstyvos t\u0117vo mirties 1876 m. vaikyst\u0119 praleido Breslaujoje, kur lank\u0117 Mato gimnazij\u0105 ir 1886 m. prad\u0117jo mokytis pas dekoratyvin\u012f dailinink\u0105 Georg\u0105 Heintze. V\u0117liau t\u0119s\u0117 mokslus Breslau meno ir amat\u0173 mokykloje, kur j\u012f mok\u0117 tokie mokytojai kaip Heinrichas Irmannas, Paulis Schobeltas ir Albrechtas Br\u00e4ueris.  <\/p>\n<p>1894 m. Miunzeris prad\u0117jo studijas Miuncheno dail\u0117s akademijoje, kur jam d\u0117st\u0117 tokie gars\u016bs dailininkai kaip Karlas Rauppas ir Otto Seitzas. Atlikdamas karin\u0119 tarnyb\u0105, jis \u012fstojo \u012f Pauliaus Hoeckerio tapybos klas\u0119, kurioje daugiausia d\u0117mesio skyr\u0117 tapybai po atviru dangumi. \u010cia 1896 m. Miunzeriui netgi buvo suteikta nuosava meistro studija.  <\/p>\n<p>1898 m. jis buvo vienas i\u0161 dviej\u0173 Ludwigo Stollwercko (Liudviko Stollverko) pirmojo konkurso, skirto Stollwercko kolekcini\u0173 paveiksl\u0173 dizainui, nugal\u0117toj\u0173, kurio piniginis prizas siek\u0117 1000 marki\u0173. Nuo 1899 m. Miunzeris savo darbus eksponavo Miuncheno &#8222;Glaspalast&#8221;, priklausydamas Scholle meninink\u0173 grupei. Tai taip pat paskatino j\u012f bendradarbiauti su Miuncheno savaitiniu \u017eurnalu &#8222;Jugend&#8221; ir satyriniu \u017eurnalu &#8222;Simplicissimus&#8221;.  <\/p>\n<p>1900-1902 m. b\u016bdamas Pary\u017eiuje, jis sustiprino savo menin\u012f tobul\u0117jim\u0105. 1903 m. jis susipa\u017eino su Marie Therese Dree\u00dfen, gimusia von Vestenhof, kuri\u0105 ved\u0117 pra\u0117jus metams po \u012fsp\u016bdingo skandalo. D\u0117l \u0161io skandalo M. Dree\u00dfen ir jos vyras i\u0161siskyr\u0117.   <\/p>\n<p>1909 m. Miunzeris tapo Diuseldorfo dail\u0117s akademijos tapybos klas\u0117s vadovu, kurioje d\u0117st\u0117 iki 1932 m. Tuo metu jis taip pat k\u016br\u0117 freskas ir lub\u0173 tapyb\u0105 Diuseldorfo rajono vald\u017eiai. Per Pirm\u0105j\u012f pasaulin\u012f kar\u0105 1915 m. tarnavo fronte karo dailininku, o 1917 m. i\u0161\u0117jo savanoriu, ta\u010diau \u012f m\u016b\u0161\u012f neatvyko.  <\/p>\n<p>1938 m. Miunzeri\u0173 \u0161eima persik\u0117l\u0117 \u012f Holchauzen\u0105 prie Ammersee. Miunzerio darbai buvo eksponuojami \u012fvairiuose \u017einomuose muziejuose ir kolekcijose, \u012fskaitant Neue Pinakothek Miunchene, Wallraf-Richartz-Museum Kelne, St\u00e4dtisches Kunstmuseum Diuseldorfe ir Bazelio Kunstverein kolekcij\u0105. <\/p>\n<p>1938-1944 m. Miunzeris aktyviai dalyvavo nacionalsocialist\u0173 inicijuotose Did\u017eiosiose vokie\u010di\u0173 meno parodose Miuncheno &#8222;Haus der Deutschen Kunst&#8221; ir net pardav\u0117 vien\u0105 k\u016brin\u012f Adolfui Hitleriui. 1950 m. Miuncheno dailinink\u0173 kooperatyve jis eksponavo trisde\u0161imt paveiksl\u0173. 1944 m. Miunzeris buvo \u012ftrauktas \u012f Reicho liaudies \u0161vietimo ir propagandos ministerijos apdovanot\u0173j\u0173 s\u0105ra\u0161\u0105.  <\/p>\n<p>M\u00fcnzerio pasakojimo stilius buvo akivaizdus jo grafikoje, ypa\u010d pasak\u0173 iliustracijose Mainco leidyklai &#8222;Scholz&#8221;. Jis taip pat buvo Deutscher K\u00fcnstlerbund narys. <\/p>\n","protected":false},"excerpt":{"rendered":"<p>Adolf M\u00fcnzer (1870-1953)<br \/>\nAm\u017eiaus po\u017eymiai, \u017er. nuotraukas<\/p>\n","protected":false},"featured_media":7686,"template":"","meta":{"site-sidebar-layout":"default","site-content-layout":"","ast-site-content-layout":"default","site-content-style":"default","site-sidebar-style":"default","ast-global-header-display":"","ast-banner-title-visibility":"","ast-main-header-display":"","ast-hfb-above-header-display":"","ast-hfb-below-header-display":"","ast-hfb-mobile-header-display":"","site-post-title":"","ast-breadcrumbs-content":"","ast-featured-img":"","footer-sml-layout":"","ast-disable-related-posts":"","theme-transparent-header-meta":"default","adv-header-id-meta":"","stick-header-meta":"","header-above-stick-meta":"","header-main-stick-meta":"","header-below-stick-meta":"","astra-migrate-meta-layouts":"default","ast-page-background-enabled":"default","ast-page-background-meta":{"desktop":{"background-color":"var(--ast-global-color-4)","background-image":"","background-repeat":"repeat","background-position":"center center","background-size":"auto","background-attachment":"scroll","background-type":"","background-media":"","overlay-type":"","overlay-color":"","overlay-opacity":"","overlay-gradient":""},"tablet":{"background-color":"","background-image":"","background-repeat":"repeat","background-position":"center center","background-size":"auto","background-attachment":"scroll","background-type":"","background-media":"","overlay-type":"","overlay-color":"","overlay-opacity":"","overlay-gradient":""},"mobile":{"background-color":"","background-image":"","background-repeat":"repeat","background-position":"center center","background-size":"auto","background-attachment":"scroll","background-type":"","background-media":"","overlay-type":"","overlay-color":"","overlay-opacity":"","overlay-gradient":""}},"ast-content-background-meta":{"desktop":{"background-color":"var(--ast-global-color-5)","background-image":"","background-repeat":"repeat","background-position":"center center","background-size":"auto","background-attachment":"scroll","background-type":"","background-media":"","overlay-type":"","overlay-color":"","overlay-opacity":"","overlay-gradient":""},"tablet":{"background-color":"var(--ast-global-color-5)","background-image":"","background-repeat":"repeat","background-position":"center center","background-size":"auto","background-attachment":"scroll","background-type":"","background-media":"","overlay-type":"","overlay-color":"","overlay-opacity":"","overlay-gradient":""},"mobile":{"background-color":"var(--ast-global-color-5)","background-image":"","background-repeat":"repeat","background-position":"center center","background-size":"auto","background-attachment":"scroll","background-type":"","background-media":"","overlay-type":"","overlay-color":"","overlay-opacity":"","overlay-gradient":""}}},"product_brand":[],"product_cat":[735,641],"product_tag":[14877,1549,1550,1551,1552,1553,14881,1554,14878],"class_list":{"0":"post-309041","1":"product","2":"type-product","3":"status-publish","4":"has-post-thumbnail","6":"product_cat-german-lt","7":"product_cat-painting-lt","8":"product_tag-adolfas-miunzeris","9":"product_tag-art-lt","10":"product_tag-gemalde-lt","11":"product_tag-kunst-lt","12":"product_tag-painting-lt","13":"product_tag-peintures-lt","14":"product_tag-piesimas","15":"product_tag-pittura-lt","16":"product_tag-vokieciu-kalba","17":"desktop-align-center","18":"tablet-align-left","19":"mobile-align-left","21":"first","22":"instock","23":"taxable","24":"shipping-taxable","25":"product-type-simple"},"_links":{"self":[{"href":"https:\/\/collection.galerie-gerdes.com\/lt\/wp-json\/wp\/v2\/product\/309041","targetHints":{"allow":["GET"]}}],"collection":[{"href":"https:\/\/collection.galerie-gerdes.com\/lt\/wp-json\/wp\/v2\/product"}],"about":[{"href":"https:\/\/collection.galerie-gerdes.com\/lt\/wp-json\/wp\/v2\/types\/product"}],"wp:featuredmedia":[{"embeddable":true,"href":"https:\/\/collection.galerie-gerdes.com\/lt\/wp-json\/wp\/v2\/media\/7686"}],"wp:attachment":[{"href":"https:\/\/collection.galerie-gerdes.com\/lt\/wp-json\/wp\/v2\/media?parent=309041"}],"wp:term":[{"taxonomy":"product_brand","embeddable":true,"href":"https:\/\/collection.galerie-gerdes.com\/lt\/wp-json\/wp\/v2\/product_brand?post=309041"},{"taxonomy":"product_cat","embeddable":true,"href":"https:\/\/collection.galerie-gerdes.com\/lt\/wp-json\/wp\/v2\/product_cat?post=309041"},{"taxonomy":"product_tag","embeddable":true,"href":"https:\/\/collection.galerie-gerdes.com\/lt\/wp-json\/wp\/v2\/product_tag?post=309041"}],"curies":[{"name":"wp","href":"https:\/\/api.w.org\/{rel}","templated":true}]}}