{"id":320869,"date":"2025-08-04T17:22:46","date_gmt":"2025-08-04T15:22:46","guid":{"rendered":"https:\/\/collection.galerie-gerdes.com\/?post_type=product&#038;p=320869"},"modified":"2025-08-04T17:22:46","modified_gmt":"2025-08-04T15:22:46","slug":"portrait-richard-wagner-pastellkreide-gemaelde-von-uwe-paulsen-1940-2023-art-brut","status":"publish","type":"product","link":"https:\/\/collection.galerie-gerdes.com\/lt\/p\/portrait-richard-wagner-pastellkreide-gemaelde-von-uwe-paulsen-1940-2023-art-brut\/","title":{"rendered":"Portrait Richard Wagner | Pastellkreide, Gem\u00e4lde von Uwe Paulsen (1940-2023) &#8211; Art Brut"},"content":{"rendered":"<p>Uwe Paulsen (geb. 12. Juni 1940 in Schleswig, gest. 2023) war ein deutscher K\u00fcnstler, dessen Werk der Art brut bzw. der Outsider Art zugerechnet wird.<\/p>\n<p>Bekannt wurde Paulsen durch seine eigenwillige Bildsprache und seine charakteristische Arbeitsweise: Ausgangspunkt seiner Arbeiten waren stets Vorlagen, die er zun\u00e4chst mit Bleistift vorzeichnete. Anschlie\u00dfend \u00fcbertrug er diese Entw\u00fcrfe mit \u00d6l\u00adpastellkreiden auf das endg\u00fcltige Bildtr\u00e4gerformat. In diesem Prozess verdichtete und transformierte er das Motiv so stark, dass daraus eigenst\u00e4ndige, sehr pers\u00f6nliche Werke entstanden, die sich deutlich von der Vorlage absetzten.<\/p>\n<p>Sein Werk war eng mit dem Outsiderkunst-Museum Schleswig verbunden, wo seine Arbeiten regelm\u00e4\u00dfig in wechselnden Ausstellungen gezeigt wurden. Zudem sind Werke Paulsens in der Artothek Schleswig vertreten.<\/p>\n<p>Uwe Paulsen stellte zwischen 2002 und 2018 in zahlreichen Institutionen und Galerien aus, darunter:<\/p>\n<p>2002 Galerie Messerschmidt, Flensburg<\/p>\n<p>2003 Evangelische Bildungsst\u00e4tte, Neukirchen<\/p>\n<p>2004 &amp; 2005 Der Helle Wahnsinn, prima center, Berlin<\/p>\n<p>2005 Wer ist Outsider? Wer ist Insider?, Landeshaus Kiel<\/p>\n<p>2006 Wer ist Insider? Wer ist Outsider?, Wagenhaus, Rendsburg<\/p>\n<p>2007 Kunst-Tausch, Werkhof, Kiel<\/p>\n<p>2010 Royal-Tee, kielkind, Kiel<\/p>\n<p>2012 Royal-Tee, Galerie ART CRU, Berlin<\/p>\n<p>2012 Kr\u00f6nungkr\u00f6nung, Museum f\u00fcr Outsiderkunst Schleswig<\/p>\n<p>2016 Celebrities and Bottles, Galerie ART CRU, Berlin<\/p>\n<p>2016 Positions Art Fair, Berlin<\/p>\n<p>2018 Fantasie und Schneegest\u00f6ber, Museum f\u00fcr Outsiderkunst Schleswig<\/p>\n<p>Uwe Paulsen bleibt als eigenst\u00e4ndiger und authentischer K\u00fcnstler in Erinnerung, der mit seiner intuitiven und unkonventionellen Arbeitsweise die Grenzen zwischen individueller Bildwelt und kollektiver Wahrnehmung hinterfragte. Seine Werke sind Ausdruck einer k\u00fcnstlerischen Position, die sich bewusst au\u00dferhalb akademischer Traditionen verortete \u2013 ganz im Sinne der Art brut.<\/p>\n","protected":false},"excerpt":{"rendered":"<p>Uwe Paulsen (1940-2023)<\/p>\n","protected":false},"featured_media":323737,"template":"","meta":{"site-sidebar-layout":"default","site-content-layout":"","ast-site-content-layout":"default","site-content-style":"default","site-sidebar-style":"default","ast-global-header-display":"","ast-banner-title-visibility":"","ast-main-header-display":"","ast-hfb-above-header-display":"","ast-hfb-below-header-display":"","ast-hfb-mobile-header-display":"","site-post-title":"","ast-breadcrumbs-content":"","ast-featured-img":"","footer-sml-layout":"","ast-disable-related-posts":"","theme-transparent-header-meta":"default","adv-header-id-meta":"","stick-header-meta":"","header-above-stick-meta":"","header-main-stick-meta":"","header-below-stick-meta":"","astra-migrate-meta-layouts":"set","ast-page-background-enabled":"default","ast-page-background-meta":{"desktop":{"background-color":"var(--ast-global-color-4)","background-image":"","background-repeat":"repeat","background-position":"center center","background-size":"auto","background-attachment":"scroll","background-type":"","background-media":"","overlay-type":"","overlay-color":"","overlay-opacity":"","overlay-gradient":""},"tablet":{"background-color":"","background-image":"","background-repeat":"repeat","background-position":"center center","background-size":"auto","background-attachment":"scroll","background-type":"","background-media":"","overlay-type":"","overlay-color":"","overlay-opacity":"","overlay-gradient":""},"mobile":{"background-color":"","background-image":"","background-repeat":"repeat","background-position":"center center","background-size":"auto","background-attachment":"scroll","background-type":"","background-media":"","overlay-type":"","overlay-color":"","overlay-opacity":"","overlay-gradient":""}},"ast-content-background-meta":{"desktop":{"background-color":"var(--ast-global-color-5)","background-image":"","background-repeat":"repeat","background-position":"center center","background-size":"auto","background-attachment":"scroll","background-type":"","background-media":"","overlay-type":"","overlay-color":"","overlay-opacity":"","overlay-gradient":""},"tablet":{"background-color":"var(--ast-global-color-5)","background-image":"","background-repeat":"repeat","background-position":"center center","background-size":"auto","background-attachment":"scroll","background-type":"","background-media":"","overlay-type":"","overlay-color":"","overlay-opacity":"","overlay-gradient":""},"mobile":{"background-color":"var(--ast-global-color-5)","background-image":"","background-repeat":"repeat","background-position":"center center","background-size":"auto","background-attachment":"scroll","background-type":"","background-media":"","overlay-type":"","overlay-color":"","overlay-opacity":"","overlay-gradient":""}}},"product_brand":[],"product_cat":[15256],"product_tag":[],"class_list":{"0":"post-320869","1":"product","2":"type-product","3":"status-publish","4":"has-post-thumbnail","6":"product_cat-uwe-paulsen","7":"desktop-align-center","8":"tablet-align-left","9":"mobile-align-left","11":"first","12":"instock","13":"taxable","14":"shipping-taxable","15":"product-type-simple"},"_links":{"self":[{"href":"https:\/\/collection.galerie-gerdes.com\/lt\/wp-json\/wp\/v2\/product\/320869","targetHints":{"allow":["GET"]}}],"collection":[{"href":"https:\/\/collection.galerie-gerdes.com\/lt\/wp-json\/wp\/v2\/product"}],"about":[{"href":"https:\/\/collection.galerie-gerdes.com\/lt\/wp-json\/wp\/v2\/types\/product"}],"wp:featuredmedia":[{"embeddable":true,"href":"https:\/\/collection.galerie-gerdes.com\/lt\/wp-json\/wp\/v2\/media\/323737"}],"wp:attachment":[{"href":"https:\/\/collection.galerie-gerdes.com\/lt\/wp-json\/wp\/v2\/media?parent=320869"}],"wp:term":[{"taxonomy":"product_brand","embeddable":true,"href":"https:\/\/collection.galerie-gerdes.com\/lt\/wp-json\/wp\/v2\/product_brand?post=320869"},{"taxonomy":"product_cat","embeddable":true,"href":"https:\/\/collection.galerie-gerdes.com\/lt\/wp-json\/wp\/v2\/product_cat?post=320869"},{"taxonomy":"product_tag","embeddable":true,"href":"https:\/\/collection.galerie-gerdes.com\/lt\/wp-json\/wp\/v2\/product_tag?post=320869"}],"curies":[{"name":"wp","href":"https:\/\/api.w.org\/{rel}","templated":true}]}}