{"id":332867,"date":"2025-10-31T16:52:12","date_gmt":"2025-10-31T15:52:12","guid":{"rendered":"https:\/\/collection.galerie-gerdes.com\/?post_type=product&#038;p=332867"},"modified":"2025-10-31T17:12:20","modified_gmt":"2025-10-31T16:12:20","slug":"aeltere-dame-federzeichnung-von-carl-becker","status":"publish","type":"product","link":"https:\/\/collection.galerie-gerdes.com\/lt\/p\/aeltere-dame-federzeichnung-von-carl-becker\/","title":{"rendered":"\u00c4ltere Dame | Federzeichnung von Carl Becker"},"content":{"rendered":"<p>Prof. Carl Becker (geboren am 29. Januar 1862 in Karlsruhe; gestorben vor 1935 in Gengenbach) war ein deutscher Portr\u00e4t- und Genremaler sowie Illustrator, der sich auf Milit\u00e4rkunst spezialisiert hatte.<\/p>\n<p>Becker studierte an der Gro\u00dfherzoglich Badischen Kunstschule Karlsruhe Malerei unter der Anleitung von Karl Heinrich Hoff dem \u00c4lteren. Seine Karriere als Milit\u00e4rmaler begann in Berlin, bevor er ab 1899 in M\u00fcnchen t\u00e4tig war. 1894 schuf er zusammen mit Karl Kehr und Friedrich Kallmorgen das Panorama &#8222;Erst\u00fcrmung von Nuits&#8221;. Ab 1919 lebte Becker in Gengenbach bei Offenburg in Baden. Zudem war er Mitarbeiter der &#8222;Illustrirten Zeitung&#8221; in Leipzig.<\/p>\n","protected":false},"excerpt":{"rendered":"<p>Carl Becker (1862-1935)<\/p>\n","protected":false},"featured_media":334038,"template":"","meta":{"site-sidebar-layout":"default","site-content-layout":"","ast-site-content-layout":"default","site-content-style":"default","site-sidebar-style":"default","ast-global-header-display":"","ast-banner-title-visibility":"","ast-main-header-display":"","ast-hfb-above-header-display":"","ast-hfb-below-header-display":"","ast-hfb-mobile-header-display":"","site-post-title":"","ast-breadcrumbs-content":"","ast-featured-img":"","footer-sml-layout":"","ast-disable-related-posts":"","theme-transparent-header-meta":"default","adv-header-id-meta":"","stick-header-meta":"","header-above-stick-meta":"","header-main-stick-meta":"","header-below-stick-meta":"","astra-migrate-meta-layouts":"set","ast-page-background-enabled":"default","ast-page-background-meta":{"desktop":{"background-color":"var(--ast-global-color-4)","background-image":"","background-repeat":"repeat","background-position":"center center","background-size":"auto","background-attachment":"scroll","background-type":"","background-media":"","overlay-type":"","overlay-color":"","overlay-opacity":"","overlay-gradient":""},"tablet":{"background-color":"","background-image":"","background-repeat":"repeat","background-position":"center center","background-size":"auto","background-attachment":"scroll","background-type":"","background-media":"","overlay-type":"","overlay-color":"","overlay-opacity":"","overlay-gradient":""},"mobile":{"background-color":"","background-image":"","background-repeat":"repeat","background-position":"center center","background-size":"auto","background-attachment":"scroll","background-type":"","background-media":"","overlay-type":"","overlay-color":"","overlay-opacity":"","overlay-gradient":""}},"ast-content-background-meta":{"desktop":{"background-color":"var(--ast-global-color-5)","background-image":"","background-repeat":"repeat","background-position":"center center","background-size":"auto","background-attachment":"scroll","background-type":"","background-media":"","overlay-type":"","overlay-color":"","overlay-opacity":"","overlay-gradient":""},"tablet":{"background-color":"var(--ast-global-color-5)","background-image":"","background-repeat":"repeat","background-position":"center center","background-size":"auto","background-attachment":"scroll","background-type":"","background-media":"","overlay-type":"","overlay-color":"","overlay-opacity":"","overlay-gradient":""},"mobile":{"background-color":"var(--ast-global-color-5)","background-image":"","background-repeat":"repeat","background-position":"center center","background-size":"auto","background-attachment":"scroll","background-type":"","background-media":"","overlay-type":"","overlay-color":"","overlay-opacity":"","overlay-gradient":""}}},"product_brand":[],"product_cat":[53,289,25,179,424,266],"product_tag":[364,362,363,74,361,365],"class_list":{"0":"post-332867","1":"product","2":"type-product","3":"status-publish","4":"has-post-thumbnail","6":"product_cat-19th-century","7":"product_cat-carl-becker","8":"product_cat-deutsch","9":"product_cat-gemaelde","10":"product_cat-karikaturen","11":"product_cat-zeichnung","12":"product_tag-art","13":"product_tag-gemalde","14":"product_tag-kunst","15":"product_tag-painting","16":"product_tag-peintures","17":"product_tag-pittura","18":"desktop-align-center","19":"tablet-align-left","20":"mobile-align-left","22":"first","23":"instock","24":"taxable","25":"shipping-taxable","26":"product-type-simple"},"_links":{"self":[{"href":"https:\/\/collection.galerie-gerdes.com\/lt\/wp-json\/wp\/v2\/product\/332867","targetHints":{"allow":["GET"]}}],"collection":[{"href":"https:\/\/collection.galerie-gerdes.com\/lt\/wp-json\/wp\/v2\/product"}],"about":[{"href":"https:\/\/collection.galerie-gerdes.com\/lt\/wp-json\/wp\/v2\/types\/product"}],"wp:featuredmedia":[{"embeddable":true,"href":"https:\/\/collection.galerie-gerdes.com\/lt\/wp-json\/wp\/v2\/media\/334038"}],"wp:attachment":[{"href":"https:\/\/collection.galerie-gerdes.com\/lt\/wp-json\/wp\/v2\/media?parent=332867"}],"wp:term":[{"taxonomy":"product_brand","embeddable":true,"href":"https:\/\/collection.galerie-gerdes.com\/lt\/wp-json\/wp\/v2\/product_brand?post=332867"},{"taxonomy":"product_cat","embeddable":true,"href":"https:\/\/collection.galerie-gerdes.com\/lt\/wp-json\/wp\/v2\/product_cat?post=332867"},{"taxonomy":"product_tag","embeddable":true,"href":"https:\/\/collection.galerie-gerdes.com\/lt\/wp-json\/wp\/v2\/product_tag?post=332867"}],"curies":[{"name":"wp","href":"https:\/\/api.w.org\/{rel}","templated":true}]}}