{"id":432199,"date":"2026-02-08T18:06:34","date_gmt":"2026-02-08T17:06:34","guid":{"rendered":"https:\/\/collection.galerie-gerdes.com\/?post_type=product&#038;p=432199"},"modified":"2026-03-06T17:54:28","modified_gmt":"2026-03-06T16:54:28","slug":"portraet-gemaelde-von-rudi-baerwind","status":"publish","type":"product","link":"https:\/\/collection.galerie-gerdes.com\/lt\/p\/portraet-gemaelde-von-rudi-baerwind\/","title":{"rendered":"Portr\u00e4t | Gem\u00e4lde von Rudi Baerwind"},"content":{"rendered":"<p data-start=\"0\" data-end=\"205\">Ernst Rudolf Baerwind (* 11. Februar 1910 in Mannheim; \u2020 12. November 1982 ebenda) war ein deutscher Maler. Er absolvierte seine k\u00fcnstlerische Ausbildung an den Kunstakademien in M\u00fcnchen, Berlin und Paris.<\/p>\n<p data-start=\"207\" data-end=\"750\">In den 1950er- und 1960er-Jahren geh\u00f6rte Baerwind, der zeitweise in Mannheim und Paris lebte, zu den wenigen deutschen K\u00fcnstlern mit internationaler Pr\u00e4senz. Von 1947 bis 1949 wirkte er als k\u00fcnstlerischer Leiter des von ihm gemeinsam mit Egon G\u00fcnther gegr\u00fcndeten \u201eHauses f\u00fcr moderne Kunst und Raumgestaltung \u2013 Egon G\u00fcnther GmbH\u201c in Mannheim. 1959 organisierte Baerwind die erste deutsch-franz\u00f6sische Kunstausstellung, die sowohl in M\u00fcnchen als auch in Paris gezeigt wurde. 1961 entstand ein Filmportr\u00e4t \u00fcber ihn f\u00fcr die Abendschau des SWR\/ARD.<\/p>\n<p data-start=\"752\" data-end=\"1162\">Ab 1963 war Baerwind f\u00fcr mehrere Jahre als k\u00fcnstlerischer Berater f\u00fcr die Mannheimer Galeristin Margarete Lauter t\u00e4tig. In Zusammenarbeit mit Paul Facchetti organisierte er die Er\u00f6ffnungsausstellung der Mannheimer Galerie. 1965 folgte die Dialogausstellung \u201eGeorges No\u00ebl \u2013 Rudi Baerwind\u201c. 1968 rief er in Mannheim das \u201eSymposion der K\u00fcnste\u201c ins Leben, das seinen Sitz in der Bismarckstra\u00dfe (Quadrat L 7) hatte.<\/p>\n<p data-start=\"1164\" data-end=\"1447\">Stilistisch orientierten sich Baerwinds fr\u00fche Arbeiten am deutschen Expressionismus. Nach einer Phase surrealistischer Einfl\u00fcsse wurde sein Werk in Paris ma\u00dfgeblich durch die \u00c9cole de Paris sowie durch das Informel gepr\u00e4gt, bevor er zu einer international gepr\u00e4gten Bildsprache fand.<\/p>\n<p data-start=\"1449\" data-end=\"1672\">In den Jahren 1955 und 1959 verbrachte Baerwind jeweils mehrere Monate im Mannheimer Landesgef\u00e4ngnis, da ihm gleichgeschlechtliche sexuelle Handlungen vorgeworfen wurden, die zu jener Zeit nach Paragraph 175 strafbar waren.<\/p>\n<p data-start=\"1674\" data-end=\"1961\" data-is-last-node=\"\" data-is-only-node=\"\">Anl\u00e4sslich seines 70. Geburtstags widmete ihm die Kunsthalle Mannheim im Jahr 1980 eine umfangreiche Retrospektive. Im Juli 2010 erschien zudem die Publikation \u201eMaler und mehr\u201c, die Ernst Rudolf Baerwind nicht nur als K\u00fcnstler, sondern auch als Kulturf\u00f6rderer und Pers\u00f6nlichkeit w\u00fcrdigt.<\/p>\n","protected":false},"excerpt":{"rendered":"<p>Rudi Baerwind (1910-1982)<\/p>\n","protected":false},"featured_media":432724,"template":"","meta":{"site-sidebar-layout":"default","site-content-layout":"","ast-site-content-layout":"default","site-content-style":"default","site-sidebar-style":"default","ast-global-header-display":"","ast-banner-title-visibility":"","ast-main-header-display":"","ast-hfb-above-header-display":"","ast-hfb-below-header-display":"","ast-hfb-mobile-header-display":"","site-post-title":"","ast-breadcrumbs-content":"","ast-featured-img":"","footer-sml-layout":"","ast-disable-related-posts":"","theme-transparent-header-meta":"default","adv-header-id-meta":"","stick-header-meta":"","header-above-stick-meta":"","header-main-stick-meta":"","header-below-stick-meta":"","astra-migrate-meta-layouts":"set","ast-page-background-enabled":"default","ast-page-background-meta":{"desktop":{"background-color":"var(--ast-global-color-4)","background-image":"","background-repeat":"repeat","background-position":"center center","background-size":"auto","background-attachment":"scroll","background-type":"","background-media":"","overlay-type":"","overlay-color":"","overlay-opacity":"","overlay-gradient":""},"tablet":{"background-color":"","background-image":"","background-repeat":"repeat","background-position":"center center","background-size":"auto","background-attachment":"scroll","background-type":"","background-media":"","overlay-type":"","overlay-color":"","overlay-opacity":"","overlay-gradient":""},"mobile":{"background-color":"","background-image":"","background-repeat":"repeat","background-position":"center center","background-size":"auto","background-attachment":"scroll","background-type":"","background-media":"","overlay-type":"","overlay-color":"","overlay-opacity":"","overlay-gradient":""}},"ast-content-background-meta":{"desktop":{"background-color":"var(--ast-global-color-5)","background-image":"","background-repeat":"repeat","background-position":"center center","background-size":"auto","background-attachment":"scroll","background-type":"","background-media":"","overlay-type":"","overlay-color":"","overlay-opacity":"","overlay-gradient":""},"tablet":{"background-color":"var(--ast-global-color-5)","background-image":"","background-repeat":"repeat","background-position":"center center","background-size":"auto","background-attachment":"scroll","background-type":"","background-media":"","overlay-type":"","overlay-color":"","overlay-opacity":"","overlay-gradient":""},"mobile":{"background-color":"var(--ast-global-color-5)","background-image":"","background-repeat":"repeat","background-position":"center center","background-size":"auto","background-attachment":"scroll","background-type":"","background-media":"","overlay-type":"","overlay-color":"","overlay-opacity":"","overlay-gradient":""}}},"product_brand":[],"product_cat":[15376],"product_tag":[],"class_list":{"0":"post-432199","1":"product","2":"type-product","3":"status-publish","4":"has-post-thumbnail","6":"product_cat-rudi-baerwind","7":"desktop-align-center","8":"tablet-align-left","9":"mobile-align-left","11":"first","12":"instock","13":"taxable","14":"shipping-taxable","15":"product-type-simple"},"_links":{"self":[{"href":"https:\/\/collection.galerie-gerdes.com\/lt\/wp-json\/wp\/v2\/product\/432199","targetHints":{"allow":["GET"]}}],"collection":[{"href":"https:\/\/collection.galerie-gerdes.com\/lt\/wp-json\/wp\/v2\/product"}],"about":[{"href":"https:\/\/collection.galerie-gerdes.com\/lt\/wp-json\/wp\/v2\/types\/product"}],"wp:featuredmedia":[{"embeddable":true,"href":"https:\/\/collection.galerie-gerdes.com\/lt\/wp-json\/wp\/v2\/media\/432724"}],"wp:attachment":[{"href":"https:\/\/collection.galerie-gerdes.com\/lt\/wp-json\/wp\/v2\/media?parent=432199"}],"wp:term":[{"taxonomy":"product_brand","embeddable":true,"href":"https:\/\/collection.galerie-gerdes.com\/lt\/wp-json\/wp\/v2\/product_brand?post=432199"},{"taxonomy":"product_cat","embeddable":true,"href":"https:\/\/collection.galerie-gerdes.com\/lt\/wp-json\/wp\/v2\/product_cat?post=432199"},{"taxonomy":"product_tag","embeddable":true,"href":"https:\/\/collection.galerie-gerdes.com\/lt\/wp-json\/wp\/v2\/product_tag?post=432199"}],"curies":[{"name":"wp","href":"https:\/\/api.w.org\/{rel}","templated":true}]}}