{"id":444712,"date":"2026-02-14T16:23:49","date_gmt":"2026-02-14T15:23:49","guid":{"rendered":"https:\/\/collection.galerie-gerdes.com\/?post_type=product&#038;p=444712"},"modified":"2026-02-28T23:24:49","modified_gmt":"2026-02-28T22:24:49","slug":"stillleben-mit-aepfeln-und-flasche-1940-gemaelde-von-alfon-bayrle","status":"publish","type":"product","link":"https:\/\/collection.galerie-gerdes.com\/lt\/p\/stillleben-mit-aepfeln-und-flasche-1940-gemaelde-von-alfon-bayrle\/","title":{"rendered":"Stillleben mit \u00c4pfeln und Flasche, 1940 | Gem\u00e4lde von Alfon Bayrle"},"content":{"rendered":"<p>Alfon &#8222;Alf&#8221; Bayrle (auch Alf Singer-Bayrle) wurde am 15. Dezember 1900 in Biberach an der Ri\u00df geboren und verstarb am 11. September 1982 in Rotthalm\u00fcnster. Er war ein deutscher K\u00fcnstler der Moderne.<\/p>\n<p>Nach seinem Wehrdienst und seiner Teilnahme am Ersten Weltkrieg absolvierte Bayrle von 1918 bis 1922 ein Kunststudium in Stuttgart. Dort waren seine Lehrer Adolf H\u00f6lzel, Robert Poetzelberger, Gottfried Graf, Arnold Waldschmidt, Heinrich K\u00f6rner und Friedrich Schneidler. In dieser Zeit begann seine Freundschaft mit Willi Baumeister und Oskar Schlemmer, doch seine Teilnahme am Triadischen Ballett von Schlemmer erfolgte erst 1932 in Paris.<\/p>\n<p>1922 zog er nach M\u00fcnchen und setzte sein Studium bis 1925 fort. In M\u00fcnchen studierte er bei Franz von Stuck an der Akademie und an der Hans Hofmann Schule f\u00fcr bildende Kunst sowie an der Universit\u00e4t bei Heinrich W\u00f6lfflin. W\u00e4hrend seiner Studienjahre in M\u00fcnchen schrieb er 1923 und 1924 als Student \u00fcber das mangelnde Verst\u00e4ndnis f\u00fcr moderne Kunst.<\/p>\n<p>1926 zog er nach Paris, wo er sich als Maler niederlie\u00df und die Acad\u00e9mie de la Grande Chaumi\u00e8re besuchte. Er hatte Kontakte zu bekannten Pers\u00f6nlichkeiten wie Colette, Andr\u00e9 Derain, Rene Jurdain, Paul Poiret und Maurice Ravel. Bayrle teilte Atelierr\u00e4ume mit Rene Jurdain von 1928 bis 1934 und verbrachte zudem mehrere Monate in St. Tropez bei Madame Aude. W\u00e4hrend seiner Zeit in Paris hatte er Kontakt zu prominenten K\u00fcnstlern wie Giorgio de Chirico, Jean Cocteau, Le Corbusier, Raoul Dufy, Aristide Maillol, Henri Matisse und Pablo Picasso.<\/p>\n<p>1934 erhielt er ein Angebot von Leo Frobenius, nach Deutschland zur\u00fcckzukehren und ihn als wissenschaftlichen und k\u00fcnstlerischen Mitarbeiter des Instituts auf Expeditionen nach Afrika zu begleiten. Er ver\u00f6ffentlichte ein Buch \u00fcber S\u00fcdabessinien mit 40 Tafeln in Kupfertiefdruck. In \u00c4thiopien erwarb er eine Ikone mit dem Titel &#8222;Der Heilige Georg, der Drachent\u00f6ter, rettet die Jungfrau Birutawit,&#8221; die er sp\u00e4ter der Religionskundlichen Sammlung der Universit\u00e4t Marburg schenkte. Es folgten weitere Expeditionen nach S\u00fcdfrankreich, Spanien, Libyen und \u00c4thiopien.<\/p>\n<p>1937 zog er mit seiner Ehefrau, der promovierten Kunsthistorikerin Elisabeth Bayrle, geborene Weiss, nach Berlin, wo sein Sohn Thomas Bayrle geboren wurde. W\u00e4hrend des Zweiten Weltkriegs wurde er 1939 zum Kriegsdienst eingezogen und geriet in Gefangenschaft. Seine Familie wurde 1940 nach Oberndorf bei Gelnhausen evakuiert. Bei Bombenangriffen in den Jahren 1943 und 1944 wurde ein Gro\u00dfteil seines bisherigen Werks zerst\u00f6rt. Bayrle lebte mit seiner Familie bis 1953 in Oberndorf und hatte seit 1948 sein Atelier in Frankfurt. Dort war er Mitglied im Berufsverband Bildender K\u00fcnstler Frankfurt am Main und arbeitete neben seiner k\u00fcnstlerischen T\u00e4tigkeit auch an Auftr\u00e4gen f\u00fcr Kulissen und Dekorationen. Er unterrichtete als Berufsschullehrer an der Gutenbergschule und hatte sein Atelier im selben Haus wie Adam Seide am R\u00f6derbergweg Nr. 64. 1966 er\u00f6ffnete Bayrle ein zweites Atelier in Bonn und war 1968 Gr\u00fcndungsmitglied der K\u00fcnstlergruppe Semikolon und Mitglied der K\u00fcnstlergruppe Bonn. Trotz mehrerer Anfragen lehnte er eine Retrospektive seiner Werke ab, sodass die gro\u00dfe Ausstellung von 1980 haupts\u00e4chlich zeitgen\u00f6ssische Werke zeigte.<\/p>\n<p>Nach seinem Tod 1982 wurden 1985 in Frankfurt und 1989 in Bonn Retrospektiven gezeigt. 1987 widmete Adam Seide seinen Roman &#8222;Rebecca&#8221; dem Andenken des Malers Alf Bayrle. Das Weltkulturenmuseum in Frankfurt zeigte 2012 Ausstellungen mit Werken von Alf Bayrle und mit Bezug auf ihn, und entschloss sich, einen Gro\u00dfteil davon in der Dauerausstellung zu zeigen.<\/p>\n<p>Im Jahr 2012 zeigte das Weltkulturen Museum in Frankfurt erstmals Zeichnungen und Fotografien, die Bayrle auf der 12. Deutschen Inner-Afrikanischen Forschungs-Expedition von Leo Frobenius 1934\/35 in \u00c4thiopien erstellt hatte.<\/p>\n<p>Bayrles Einfl\u00fcsse stammen von seiner Zeit bei Hans Hofmann, seiner k\u00fcnstlerischen T\u00e4tigkeit in Paris und seinen Afrikareisen. W\u00e4hrend seiner Pariser Zeit malte er h\u00e4ufig Stillleben, und einige Experten sehen &#8222;einen ausgesprochenen Cezannismus&#8221; in seinem Werk.<\/p>\n<p>F\u00fcr den Reichskolonialbund entwarf er Plakate und Postkarten, darunter das bekannte Plakat &#8222;Der Reichskolonialbund ruft auch Dich!&#8221; von 1938, das in der Dauerausstellung des Victoria and Albert Museum in London und der Sammlung der University of California, Berkeley, zu finden ist.<\/p>\n<p>Leider wurde ein gro\u00dfer Teil seines Fr\u00fchwerks bei Bombardements zerst\u00f6rt. Doch viele seiner Werke aus den 1920er und 1930er Jahren wurden verkauft und sind heute in verschiedenen Sammlungen zu finden. Ein bedeutendes Werk von ihm, &#8222;Stilleben mit Ananas,&#8221; wurde 1967 in der Kasimir Hagen-Sammlung entdeckt. Seine Afrika-Thematik beeinflusste auch sein sp\u00e4teres Werk.<\/p>\n","protected":false},"excerpt":{"rendered":"<p>Alfons &#8222;Alf&#8221; Bayrle (1900-1982)<\/p>\n","protected":false},"featured_media":444803,"template":"","meta":{"site-sidebar-layout":"default","site-content-layout":"","ast-site-content-layout":"default","site-content-style":"default","site-sidebar-style":"default","ast-global-header-display":"","ast-banner-title-visibility":"","ast-main-header-display":"","ast-hfb-above-header-display":"","ast-hfb-below-header-display":"","ast-hfb-mobile-header-display":"","site-post-title":"","ast-breadcrumbs-content":"","ast-featured-img":"","footer-sml-layout":"","ast-disable-related-posts":"","theme-transparent-header-meta":"default","adv-header-id-meta":"","stick-header-meta":"","header-above-stick-meta":"","header-main-stick-meta":"","header-below-stick-meta":"","astra-migrate-meta-layouts":"set","ast-page-background-enabled":"default","ast-page-background-meta":{"desktop":{"background-color":"var(--ast-global-color-4)","background-image":"","background-repeat":"repeat","background-position":"center center","background-size":"auto","background-attachment":"scroll","background-type":"","background-media":"","overlay-type":"","overlay-color":"","overlay-opacity":"","overlay-gradient":""},"tablet":{"background-color":"","background-image":"","background-repeat":"repeat","background-position":"center center","background-size":"auto","background-attachment":"scroll","background-type":"","background-media":"","overlay-type":"","overlay-color":"","overlay-opacity":"","overlay-gradient":""},"mobile":{"background-color":"","background-image":"","background-repeat":"repeat","background-position":"center center","background-size":"auto","background-attachment":"scroll","background-type":"","background-media":"","overlay-type":"","overlay-color":"","overlay-opacity":"","overlay-gradient":""}},"ast-content-background-meta":{"desktop":{"background-color":"var(--ast-global-color-5)","background-image":"","background-repeat":"repeat","background-position":"center center","background-size":"auto","background-attachment":"scroll","background-type":"","background-media":"","overlay-type":"","overlay-color":"","overlay-opacity":"","overlay-gradient":""},"tablet":{"background-color":"var(--ast-global-color-5)","background-image":"","background-repeat":"repeat","background-position":"center center","background-size":"auto","background-attachment":"scroll","background-type":"","background-media":"","overlay-type":"","overlay-color":"","overlay-opacity":"","overlay-gradient":""},"mobile":{"background-color":"var(--ast-global-color-5)","background-image":"","background-repeat":"repeat","background-position":"center center","background-size":"auto","background-attachment":"scroll","background-type":"","background-media":"","overlay-type":"","overlay-color":"","overlay-opacity":"","overlay-gradient":""}}},"product_brand":[],"product_cat":[15,25,179,409],"product_tag":[41,364,38,362,37,363,32,74,361,365],"class_list":{"0":"post-444712","1":"product","2":"type-product","3":"status-publish","4":"has-post-thumbnail","6":"product_cat-oesterreichisch","7":"product_cat-deutsch","8":"product_cat-gemaelde","9":"product_cat-landschaft","10":"product_tag-alfons-bayrle","11":"product_tag-art","12":"product_tag-drawing","13":"product_tag-gemalde","14":"product_tag-german","15":"product_tag-kunst","16":"product_tag-landscape","17":"product_tag-painting","18":"product_tag-peintures","19":"product_tag-pittura","20":"desktop-align-center","21":"tablet-align-left","22":"mobile-align-left","24":"first","25":"instock","26":"taxable","27":"shipping-taxable","28":"product-type-simple"},"_links":{"self":[{"href":"https:\/\/collection.galerie-gerdes.com\/lt\/wp-json\/wp\/v2\/product\/444712","targetHints":{"allow":["GET"]}}],"collection":[{"href":"https:\/\/collection.galerie-gerdes.com\/lt\/wp-json\/wp\/v2\/product"}],"about":[{"href":"https:\/\/collection.galerie-gerdes.com\/lt\/wp-json\/wp\/v2\/types\/product"}],"wp:featuredmedia":[{"embeddable":true,"href":"https:\/\/collection.galerie-gerdes.com\/lt\/wp-json\/wp\/v2\/media\/444803"}],"wp:attachment":[{"href":"https:\/\/collection.galerie-gerdes.com\/lt\/wp-json\/wp\/v2\/media?parent=444712"}],"wp:term":[{"taxonomy":"product_brand","embeddable":true,"href":"https:\/\/collection.galerie-gerdes.com\/lt\/wp-json\/wp\/v2\/product_brand?post=444712"},{"taxonomy":"product_cat","embeddable":true,"href":"https:\/\/collection.galerie-gerdes.com\/lt\/wp-json\/wp\/v2\/product_cat?post=444712"},{"taxonomy":"product_tag","embeddable":true,"href":"https:\/\/collection.galerie-gerdes.com\/lt\/wp-json\/wp\/v2\/product_tag?post=444712"}],"curies":[{"name":"wp","href":"https:\/\/api.w.org\/{rel}","templated":true}]}}