{"id":468099,"date":"2026-04-01T11:49:03","date_gmt":"2026-04-01T09:49:03","guid":{"rendered":"https:\/\/collection.galerie-gerdes.com\/?post_type=product&#038;p=468099"},"modified":"2026-04-01T11:54:16","modified_gmt":"2026-04-01T09:54:16","slug":"9-radierungen-von-reinhold-rudolf-junghanns-rrj","status":"publish","type":"product","link":"https:\/\/collection.galerie-gerdes.com\/lt\/p\/9-radierungen-von-reinhold-rudolf-junghanns-rrj\/","title":{"rendered":"9 Radierungen von Reinhold Rudolf Junghanns (RRJ)"},"content":{"rendered":"<p>Reinhold Rudolf Junghanns (* 29. September 1884 in Zwickau; \u2020 26. Februar 1967 in Z\u00fcrich) war ein vielseitiger deutscher K\u00fcnstler, der ab den fr\u00fchen 1920er-Jahren in der Schweiz lebte und arbeitete. Als Maler, Radierer, Lithograf und Bildhauer hinterlie\u00df er ein facettenreiches Werk, das \u00fcber mehrere Jahrzehnte hinweg entstand.<\/p>\n<p>Junghanns, Sohn eines Baumeisters, begann seine k\u00fcnstlerische Laufbahn 1908 an der Akademie der Bildenden K\u00fcnste in M\u00fcnchen, wo er unter der Leitung von Angelo Jank in der Malklasse ausgebildet wurde. Eine fr\u00fche Inspirationsquelle f\u00fcr ihn war die Schriftstellerin und Schauspielerin Emmy Hennings, deren Pers\u00f6nlichkeit ihn zu einer Serie von Zeichnungen und Radierungen anregte. Diese Arbeiten wurden 1914 in einer Mappe mit dem Titel <em>Variationen \u00fcber ein weibliches Thema<\/em> bei Kurt Wolff in M\u00fcnchen ver\u00f6ffentlicht.<\/p>\n<p>1916 verbrachte Junghanns eine Zeit zur Erholung im Engadin, was ihn vermutlich auch landschaftlich beeinflusste. Ab 1922 lie\u00df er sich in Bern nieder, bevor er 1930 nach Z\u00fcrich \u00fcbersiedelte, wo er bis zu seinem Tod lebte. Seine Werke fanden Anerkennung und wurden in bedeutenden Ausstellungen gezeigt, so etwa 1917 im Kunsthaus Z\u00fcrich, wo er unter anderem neben K\u00fcnstlern wie Augusto Giacometti und Max Oppenheimer ausstellte. 1926 nahm er an einer weiteren wichtigen Ausstellung in der Kunsthalle Bern teil, zusammen mit K\u00fcnstlern wie K\u00e4the Kollwitz und Karl Aegerter.<\/p>\n<p>Junghanns&#8217; Werk zeichnet sich durch die Vielfalt seiner Techniken und Motive aus und spiegelt die k\u00fcnstlerische Entwicklung und Str\u00f6mungen seiner Zeit wider.<\/p>\n","protected":false},"excerpt":{"rendered":"<p>Reinhold Rudolf Junghanns (1884 &#8211; 1967)<\/p>\n","protected":false},"featured_media":468101,"template":"","meta":{"site-sidebar-layout":"default","site-content-layout":"","ast-site-content-layout":"default","site-content-style":"default","site-sidebar-style":"default","ast-global-header-display":"","ast-banner-title-visibility":"","ast-main-header-display":"","ast-hfb-above-header-display":"","ast-hfb-below-header-display":"","ast-hfb-mobile-header-display":"","site-post-title":"","ast-breadcrumbs-content":"","ast-featured-img":"","footer-sml-layout":"","ast-disable-related-posts":"","theme-transparent-header-meta":"default","adv-header-id-meta":"","stick-header-meta":"","header-above-stick-meta":"","header-main-stick-meta":"","header-below-stick-meta":"","astra-migrate-meta-layouts":"set","ast-page-background-enabled":"default","ast-page-background-meta":{"desktop":{"background-color":"var(--ast-global-color-4)","background-image":"","background-repeat":"repeat","background-position":"center center","background-size":"auto","background-attachment":"scroll","background-type":"","background-media":"","overlay-type":"","overlay-color":"","overlay-opacity":"","overlay-gradient":""},"tablet":{"background-color":"","background-image":"","background-repeat":"repeat","background-position":"center center","background-size":"auto","background-attachment":"scroll","background-type":"","background-media":"","overlay-type":"","overlay-color":"","overlay-opacity":"","overlay-gradient":""},"mobile":{"background-color":"","background-image":"","background-repeat":"repeat","background-position":"center center","background-size":"auto","background-attachment":"scroll","background-type":"","background-media":"","overlay-type":"","overlay-color":"","overlay-opacity":"","overlay-gradient":""}},"ast-content-background-meta":{"desktop":{"background-color":"var(--ast-global-color-5)","background-image":"","background-repeat":"repeat","background-position":"center center","background-size":"auto","background-attachment":"scroll","background-type":"","background-media":"","overlay-type":"","overlay-color":"","overlay-opacity":"","overlay-gradient":""},"tablet":{"background-color":"var(--ast-global-color-5)","background-image":"","background-repeat":"repeat","background-position":"center center","background-size":"auto","background-attachment":"scroll","background-type":"","background-media":"","overlay-type":"","overlay-color":"","overlay-opacity":"","overlay-gradient":""},"mobile":{"background-color":"var(--ast-global-color-5)","background-image":"","background-repeat":"repeat","background-position":"center center","background-size":"auto","background-attachment":"scroll","background-type":"","background-media":"","overlay-type":"","overlay-color":"","overlay-opacity":"","overlay-gradient":""}}},"product_brand":[],"product_cat":[14392],"product_tag":[],"class_list":{"0":"post-468099","1":"product","2":"type-product","3":"status-publish","4":"has-post-thumbnail","6":"product_cat-reinhold-rudolf-junghanns","7":"desktop-align-center","8":"tablet-align-left","9":"mobile-align-left","11":"first","12":"instock","13":"taxable","14":"shipping-taxable","15":"product-type-simple"},"_links":{"self":[{"href":"https:\/\/collection.galerie-gerdes.com\/lt\/wp-json\/wp\/v2\/product\/468099","targetHints":{"allow":["GET"]}}],"collection":[{"href":"https:\/\/collection.galerie-gerdes.com\/lt\/wp-json\/wp\/v2\/product"}],"about":[{"href":"https:\/\/collection.galerie-gerdes.com\/lt\/wp-json\/wp\/v2\/types\/product"}],"wp:featuredmedia":[{"embeddable":true,"href":"https:\/\/collection.galerie-gerdes.com\/lt\/wp-json\/wp\/v2\/media\/468101"}],"wp:attachment":[{"href":"https:\/\/collection.galerie-gerdes.com\/lt\/wp-json\/wp\/v2\/media?parent=468099"}],"wp:term":[{"taxonomy":"product_brand","embeddable":true,"href":"https:\/\/collection.galerie-gerdes.com\/lt\/wp-json\/wp\/v2\/product_brand?post=468099"},{"taxonomy":"product_cat","embeddable":true,"href":"https:\/\/collection.galerie-gerdes.com\/lt\/wp-json\/wp\/v2\/product_cat?post=468099"},{"taxonomy":"product_tag","embeddable":true,"href":"https:\/\/collection.galerie-gerdes.com\/lt\/wp-json\/wp\/v2\/product_tag?post=468099"}],"curies":[{"name":"wp","href":"https:\/\/api.w.org\/{rel}","templated":true}]}}