{"id":94,"date":"2023-12-17T00:20:39","date_gmt":"2023-12-16T23:20:39","guid":{"rendered":"https:\/\/collection.galerie-gerdes.com\/?post_type=product&#038;p=94"},"modified":"2024-11-11T13:15:08","modified_gmt":"2024-11-11T12:15:08","slug":"clown-raymond-dalifard-franzoesisches-gemaelde-20-jhd","status":"publish","type":"product","link":"https:\/\/collection.galerie-gerdes.com\/lt\/p\/clown-raymond-dalifard-franzoesisches-gemaelde-20-jhd\/","title":{"rendered":"\u201eClown\u201c, Raymond Dalifard, franz\u00f6sisches Gem\u00e4lde, 20. Jhd."},"content":{"rendered":"<p>Raymond Dalifard ist ein Maler, der 1901 in Ch\u00e2teauneuf sur Sarthe geboren wurde. Der K\u00fcnstler malt instinktiv und entwickelt dabei eine sehr pers\u00f6nliche Technik und einen eigenen Stil. Dalifard ist von den K\u00e4mpfen der Avantgarden des 20. Jahrhunderts gepr\u00e4gt und hat es geschafft, seinen eigenen Weg zu finden, v\u00f6llig originell und au\u00dferhalb der Gruppen und Schulen, die es um ihn herum gibt. Dalifard bleibt zwar immer nah an dem Thema, das er behandelt, transformiert es aber, indem er die Volumen stilisiert, sie verflacht und vereinfacht, um ihr Wesen hervorzuheben. Das Gleiche gilt f\u00fcr die Farben, die den Leinw\u00e4nden eine glatte Oberfl\u00e4che verleihen, die von gro\u00dfen Fl\u00e4chen mit intensiven Farben bewohnt werden. Dalifard stellt seine Bilder jedes Jahr mit Erfolg auf dem Salon des Ind\u00e9pendants aus. Nach dem Zweiten Weltkrieg stellt er auf dem Salon des Surind\u00e9pendants aus. Er stirbt im Jahr 1975. 1976 widmet ihm der Salon des Ind\u00e9pendants eine Retrospektive, in der sechs Gem\u00e4lde, die aufgrund ihrer Bedeutung sorgf\u00e4ltig ausgew\u00e4hlt wurden, alle Aspekte seines kreativen Temperaments bezeugen.<\/p>\n","protected":false},"excerpt":{"rendered":"<p>Raymond Dalifard 1901-1975<br \/>\nEinige Farbabplatzer und Verunreinigungen. Verso Etikett<\/p>\n","protected":false},"featured_media":95,"template":"","meta":{"site-sidebar-layout":"default","site-content-layout":"","ast-site-content-layout":"default","site-content-style":"default","site-sidebar-style":"default","ast-global-header-display":"","ast-banner-title-visibility":"","ast-main-header-display":"","ast-hfb-above-header-display":"","ast-hfb-below-header-display":"","ast-hfb-mobile-header-display":"","site-post-title":"","ast-breadcrumbs-content":"","ast-featured-img":"","footer-sml-layout":"","ast-disable-related-posts":"","theme-transparent-header-meta":"default","adv-header-id-meta":"","stick-header-meta":"","header-above-stick-meta":"","header-main-stick-meta":"","header-below-stick-meta":"","astra-migrate-meta-layouts":"set","ast-page-background-enabled":"default","ast-page-background-meta":{"desktop":{"background-color":"var(--ast-global-color-4)","background-image":"","background-repeat":"repeat","background-position":"center center","background-size":"auto","background-attachment":"scroll","background-type":"","background-media":"","overlay-type":"","overlay-color":"","overlay-opacity":"","overlay-gradient":""},"tablet":{"background-color":"","background-image":"","background-repeat":"repeat","background-position":"center center","background-size":"auto","background-attachment":"scroll","background-type":"","background-media":"","overlay-type":"","overlay-color":"","overlay-opacity":"","overlay-gradient":""},"mobile":{"background-color":"","background-image":"","background-repeat":"repeat","background-position":"center center","background-size":"auto","background-attachment":"scroll","background-type":"","background-media":"","overlay-type":"","overlay-color":"","overlay-opacity":"","overlay-gradient":""}},"ast-content-background-meta":{"desktop":{"background-color":"var(--ast-global-color-5)","background-image":"","background-repeat":"repeat","background-position":"center center","background-size":"auto","background-attachment":"scroll","background-type":"","background-media":"","overlay-type":"","overlay-color":"","overlay-opacity":"","overlay-gradient":""},"tablet":{"background-color":"var(--ast-global-color-5)","background-image":"","background-repeat":"repeat","background-position":"center center","background-size":"auto","background-attachment":"scroll","background-type":"","background-media":"","overlay-type":"","overlay-color":"","overlay-opacity":"","overlay-gradient":""},"mobile":{"background-color":"var(--ast-global-color-5)","background-image":"","background-repeat":"repeat","background-position":"center center","background-size":"auto","background-attachment":"scroll","background-type":"","background-media":"","overlay-type":"","overlay-color":"","overlay-opacity":"","overlay-gradient":""}}},"product_brand":[],"product_cat":[52,65,179,66],"product_tag":[364,67,362,363,74,361,365,40],"class_list":{"0":"post-94","1":"product","2":"type-product","3":"status-publish","4":"has-post-thumbnail","6":"product_cat-20th-century","7":"product_cat-franzoesisch","8":"product_cat-gemaelde","9":"product_cat-raymond-dalifard","10":"product_tag-art","11":"product_tag-clown","12":"product_tag-gemalde","13":"product_tag-kunst","14":"product_tag-painting","15":"product_tag-peintures","16":"product_tag-pittura","17":"product_tag-portrait","18":"desktop-align-center","19":"tablet-align-left","20":"mobile-align-left","22":"first","23":"instock","24":"taxable","25":"shipping-taxable","26":"product-type-simple"},"_links":{"self":[{"href":"https:\/\/collection.galerie-gerdes.com\/lt\/wp-json\/wp\/v2\/product\/94","targetHints":{"allow":["GET"]}}],"collection":[{"href":"https:\/\/collection.galerie-gerdes.com\/lt\/wp-json\/wp\/v2\/product"}],"about":[{"href":"https:\/\/collection.galerie-gerdes.com\/lt\/wp-json\/wp\/v2\/types\/product"}],"wp:featuredmedia":[{"embeddable":true,"href":"https:\/\/collection.galerie-gerdes.com\/lt\/wp-json\/wp\/v2\/media\/95"}],"wp:attachment":[{"href":"https:\/\/collection.galerie-gerdes.com\/lt\/wp-json\/wp\/v2\/media?parent=94"}],"wp:term":[{"taxonomy":"product_brand","embeddable":true,"href":"https:\/\/collection.galerie-gerdes.com\/lt\/wp-json\/wp\/v2\/product_brand?post=94"},{"taxonomy":"product_cat","embeddable":true,"href":"https:\/\/collection.galerie-gerdes.com\/lt\/wp-json\/wp\/v2\/product_cat?post=94"},{"taxonomy":"product_tag","embeddable":true,"href":"https:\/\/collection.galerie-gerdes.com\/lt\/wp-json\/wp\/v2\/product_tag?post=94"}],"curies":[{"name":"wp","href":"https:\/\/api.w.org\/{rel}","templated":true}]}}