{"id":200,"date":"2023-12-20T23:25:36","date_gmt":"2023-12-20T22:25:36","guid":{"rendered":"https:\/\/collection.galerie-gerdes.com\/?post_type=product&#038;p=200"},"modified":"2024-09-26T17:16:30","modified_gmt":"2024-09-26T15:16:30","slug":"hirte-hans-hammer-1878-1917","status":"publish","type":"product","link":"https:\/\/collection.galerie-gerdes.com\/lv\/p\/hirte-hans-hammer-1878-1917\/","title":{"rendered":"&#8220;Hirte&#8221;, 1910, Gem\u00e4lde von Hans Hammer, Jugendstil, Pastell, M\u00fcnchen"},"content":{"rendered":"<p>Hans Hammer, der von 1878 bis 1917 lebte, zeichnete sich als ein talentierter Maler und Grafiker aus. Seine k\u00fcnstlerische Sch\u00f6pfung wurde gepr\u00e4gt von den Str\u00f6mungen des Impressionismus und des Jugendstils. Sein Schaffen erstreckte sich \u00fcber verschiedene Genres, darunter Portr\u00e4tmalerei, Landschaftsbilder und Szenen aus dem Alltag.<\/p>\n<p>Nach seiner Ausbildung unter der Anleitung von Heinrich Z\u00fcgel an der Akademie f\u00fcr Bildende K\u00fcnste in M\u00fcnchen er\u00f6ffneten sich f\u00fcr Hammer regelm\u00e4\u00dfige M\u00f6glichkeiten zur Teilnahme an bedeutenden Kunstausstellungen in M\u00fcnchen, Berlin und D\u00fcsseldorf. Seine Werke erfreuten sich gro\u00dfer Anerkennung, die bis heute anh\u00e4lt. Ein bedeutendes Werk von ihm ist in der Sammlung der Neuen Pinakothek ausgestellt.<\/p>\n","protected":false},"excerpt":{"rendered":"<p>Hans Hammer (1878-1917)<br \/>\nMit besch\u00e4digtem Rahmen.<\/p>\n","protected":false},"featured_media":201,"template":"","meta":{"site-sidebar-layout":"default","site-content-layout":"","ast-site-content-layout":"default","site-content-style":"default","site-sidebar-style":"default","ast-global-header-display":"","ast-banner-title-visibility":"","ast-main-header-display":"","ast-hfb-above-header-display":"","ast-hfb-below-header-display":"","ast-hfb-mobile-header-display":"","site-post-title":"","ast-breadcrumbs-content":"","ast-featured-img":"","footer-sml-layout":"","ast-disable-related-posts":"","theme-transparent-header-meta":"default","adv-header-id-meta":"","stick-header-meta":"","header-above-stick-meta":"","header-main-stick-meta":"","header-below-stick-meta":"","astra-migrate-meta-layouts":"set","ast-page-background-enabled":"default","ast-page-background-meta":{"desktop":{"background-color":"var(--ast-global-color-4)","background-image":"","background-repeat":"repeat","background-position":"center center","background-size":"auto","background-attachment":"scroll","background-type":"","background-media":"","overlay-type":"","overlay-color":"","overlay-opacity":"","overlay-gradient":""},"tablet":{"background-color":"","background-image":"","background-repeat":"repeat","background-position":"center center","background-size":"auto","background-attachment":"scroll","background-type":"","background-media":"","overlay-type":"","overlay-color":"","overlay-opacity":"","overlay-gradient":""},"mobile":{"background-color":"","background-image":"","background-repeat":"repeat","background-position":"center center","background-size":"auto","background-attachment":"scroll","background-type":"","background-media":"","overlay-type":"","overlay-color":"","overlay-opacity":"","overlay-gradient":""}},"ast-content-background-meta":{"desktop":{"background-color":"var(--ast-global-color-5)","background-image":"","background-repeat":"repeat","background-position":"center center","background-size":"auto","background-attachment":"scroll","background-type":"","background-media":"","overlay-type":"","overlay-color":"","overlay-opacity":"","overlay-gradient":""},"tablet":{"background-color":"var(--ast-global-color-5)","background-image":"","background-repeat":"repeat","background-position":"center center","background-size":"auto","background-attachment":"scroll","background-type":"","background-media":"","overlay-type":"","overlay-color":"","overlay-opacity":"","overlay-gradient":""},"mobile":{"background-color":"var(--ast-global-color-5)","background-image":"","background-repeat":"repeat","background-position":"center center","background-size":"auto","background-attachment":"scroll","background-type":"","background-media":"","overlay-type":"","overlay-color":"","overlay-opacity":"","overlay-gradient":""}}},"product_brand":[],"product_cat":[52,25,179,89],"product_tag":[364,362,90,363,74,361,365],"class_list":{"0":"post-200","1":"product","2":"type-product","3":"status-publish","4":"has-post-thumbnail","6":"product_cat-20th-century","7":"product_cat-deutsch","8":"product_cat-gemaelde","9":"product_cat-hans-hammer","10":"product_tag-art","11":"product_tag-gemalde","12":"product_tag-jugendstil","13":"product_tag-kunst","14":"product_tag-painting","15":"product_tag-peintures","16":"product_tag-pittura","17":"desktop-align-center","18":"tablet-align-left","19":"mobile-align-left","21":"first","22":"instock","23":"taxable","24":"shipping-taxable","25":"product-type-simple"},"_links":{"self":[{"href":"https:\/\/collection.galerie-gerdes.com\/lv\/wp-json\/wp\/v2\/product\/200","targetHints":{"allow":["GET"]}}],"collection":[{"href":"https:\/\/collection.galerie-gerdes.com\/lv\/wp-json\/wp\/v2\/product"}],"about":[{"href":"https:\/\/collection.galerie-gerdes.com\/lv\/wp-json\/wp\/v2\/types\/product"}],"wp:featuredmedia":[{"embeddable":true,"href":"https:\/\/collection.galerie-gerdes.com\/lv\/wp-json\/wp\/v2\/media\/201"}],"wp:attachment":[{"href":"https:\/\/collection.galerie-gerdes.com\/lv\/wp-json\/wp\/v2\/media?parent=200"}],"wp:term":[{"taxonomy":"product_brand","embeddable":true,"href":"https:\/\/collection.galerie-gerdes.com\/lv\/wp-json\/wp\/v2\/product_brand?post=200"},{"taxonomy":"product_cat","embeddable":true,"href":"https:\/\/collection.galerie-gerdes.com\/lv\/wp-json\/wp\/v2\/product_cat?post=200"},{"taxonomy":"product_tag","embeddable":true,"href":"https:\/\/collection.galerie-gerdes.com\/lv\/wp-json\/wp\/v2\/product_tag?post=200"}],"curies":[{"name":"wp","href":"https:\/\/api.w.org\/{rel}","templated":true}]}}