{"id":201883,"date":"2024-07-27T00:48:59","date_gmt":"2024-07-26T22:48:59","guid":{"rendered":"https:\/\/www.collection.galerie-gerdes.com\/?post_type=product&#038;p=201883"},"modified":"2024-09-26T17:12:54","modified_gmt":"2024-09-26T15:12:54","slug":"ohne-titel-um-1983-fische-gemaelde-von-bettina-semmer","status":"publish","type":"product","link":"https:\/\/collection.galerie-gerdes.com\/lv\/p\/ohne-titel-um-1983-fische-gemaelde-von-bettina-semmer\/","title":{"rendered":"&#8220;Ohne Titel&#8221;, um 1983 &#8211; Fische | Gem\u00e4lde von Bettina SEMMER"},"content":{"rendered":"<p>Bettina Semmer, geboren am 15. Februar 1955 in D\u00fcsseldorf, ist eine deutsche bildende K\u00fcnstlerin. Urspr\u00fcnglich studierte sie Germanistik und Sozialwissenschaften, bevor sie 1975 ein Kunststudium in M\u00fcnster begann. Ab 1976 setzte sie ihr Studium an der HfBK Hamburg fort, in der Klasse von Polke\/Walther und in der Filmklasse von Neumann, mit einem Gastsemester an der Kunstakademie D\u00fcsseldorf bei Gerhard Richter. 1992 schloss sie ihr Studium mit einem MA in Fine Arts am Goldsmiths College in London ab. Semmer wird den Neuen Wilden der 1980er-Jahre zugerechnet und war in Gruppenausstellungen und Kollaborationen mit Rosemarie Trockel und Jutta Koether aktiv. Seit 2009 ist sie durch Artifariti in der Westsahara mit Kunstprojekten, Filmen und einem Menschenrechtssymposium zur dOCUMENTA (13) engagiert. 2010 gr\u00fcndete sie \u201eSemmer-Berlin, Projektraum und Galerie\u201c. Bettina Semmer hat eine Tochter und lebt und arbeitet in Berlin.<\/p>\n","protected":false},"excerpt":{"rendered":"<p>Bettina SEMMER (1955)<\/p>\n","protected":false},"featured_media":202036,"template":"","meta":{"site-sidebar-layout":"default","site-content-layout":"","ast-site-content-layout":"default","site-content-style":"default","site-sidebar-style":"default","ast-global-header-display":"","ast-banner-title-visibility":"","ast-main-header-display":"","ast-hfb-above-header-display":"","ast-hfb-below-header-display":"","ast-hfb-mobile-header-display":"","site-post-title":"","ast-breadcrumbs-content":"","ast-featured-img":"","footer-sml-layout":"","ast-disable-related-posts":"","theme-transparent-header-meta":"default","adv-header-id-meta":"","stick-header-meta":"","header-above-stick-meta":"","header-main-stick-meta":"","header-below-stick-meta":"","astra-migrate-meta-layouts":"set","ast-page-background-enabled":"default","ast-page-background-meta":{"desktop":{"background-color":"var(--ast-global-color-4)","background-image":"","background-repeat":"repeat","background-position":"center center","background-size":"auto","background-attachment":"scroll","background-type":"","background-media":"","overlay-type":"","overlay-color":"","overlay-opacity":"","overlay-gradient":""},"tablet":{"background-color":"","background-image":"","background-repeat":"repeat","background-position":"center center","background-size":"auto","background-attachment":"scroll","background-type":"","background-media":"","overlay-type":"","overlay-color":"","overlay-opacity":"","overlay-gradient":""},"mobile":{"background-color":"","background-image":"","background-repeat":"repeat","background-position":"center center","background-size":"auto","background-attachment":"scroll","background-type":"","background-media":"","overlay-type":"","overlay-color":"","overlay-opacity":"","overlay-gradient":""}},"ast-content-background-meta":{"desktop":{"background-color":"var(--ast-global-color-5)","background-image":"","background-repeat":"repeat","background-position":"center center","background-size":"auto","background-attachment":"scroll","background-type":"","background-media":"","overlay-type":"","overlay-color":"","overlay-opacity":"","overlay-gradient":""},"tablet":{"background-color":"var(--ast-global-color-5)","background-image":"","background-repeat":"repeat","background-position":"center center","background-size":"auto","background-attachment":"scroll","background-type":"","background-media":"","overlay-type":"","overlay-color":"","overlay-opacity":"","overlay-gradient":""},"mobile":{"background-color":"var(--ast-global-color-5)","background-image":"","background-repeat":"repeat","background-position":"center center","background-size":"auto","background-attachment":"scroll","background-type":"","background-media":"","overlay-type":"","overlay-color":"","overlay-opacity":"","overlay-gradient":""}}},"product_brand":[],"product_cat":[14354],"product_tag":[14383,14382],"class_list":{"0":"post-201883","1":"product","2":"type-product","3":"status-publish","4":"has-post-thumbnail","6":"product_cat-bettina-semmer","7":"product_tag-sehr-gross","8":"product_tag-speditionsversand","9":"desktop-align-center","10":"tablet-align-left","11":"mobile-align-left","13":"first","14":"instock","15":"taxable","16":"shipping-taxable","17":"product-type-simple"},"_links":{"self":[{"href":"https:\/\/collection.galerie-gerdes.com\/lv\/wp-json\/wp\/v2\/product\/201883","targetHints":{"allow":["GET"]}}],"collection":[{"href":"https:\/\/collection.galerie-gerdes.com\/lv\/wp-json\/wp\/v2\/product"}],"about":[{"href":"https:\/\/collection.galerie-gerdes.com\/lv\/wp-json\/wp\/v2\/types\/product"}],"wp:featuredmedia":[{"embeddable":true,"href":"https:\/\/collection.galerie-gerdes.com\/lv\/wp-json\/wp\/v2\/media\/202036"}],"wp:attachment":[{"href":"https:\/\/collection.galerie-gerdes.com\/lv\/wp-json\/wp\/v2\/media?parent=201883"}],"wp:term":[{"taxonomy":"product_brand","embeddable":true,"href":"https:\/\/collection.galerie-gerdes.com\/lv\/wp-json\/wp\/v2\/product_brand?post=201883"},{"taxonomy":"product_cat","embeddable":true,"href":"https:\/\/collection.galerie-gerdes.com\/lv\/wp-json\/wp\/v2\/product_cat?post=201883"},{"taxonomy":"product_tag","embeddable":true,"href":"https:\/\/collection.galerie-gerdes.com\/lv\/wp-json\/wp\/v2\/product_tag?post=201883"}],"curies":[{"name":"wp","href":"https:\/\/api.w.org\/{rel}","templated":true}]}}