{"id":246337,"date":"2024-10-04T21:36:09","date_gmt":"2024-10-04T19:36:09","guid":{"rendered":"https:\/\/www.collection.galerie-gerdes.com\/?post_type=product&#038;p=246337"},"modified":"2024-10-20T20:02:36","modified_gmt":"2024-10-20T18:02:36","slug":"landschaft-mischtechnik-von-ernst-peter-rade","status":"publish","type":"product","link":"https:\/\/collection.galerie-gerdes.com\/lv\/p\/landschaft-mischtechnik-von-ernst-peter-rade\/","title":{"rendered":"Landschaft | Mischtechnik von Ernst Peter Rade"},"content":{"rendered":"<p>Ernst Peter Rade, geboren am 3. Juli 1938 in Heidenau bei Dresden, entstammt einer traditionsreichen Dresdner Familie, in der Kunst und Kunsthandwerk stets pr\u00e4sent waren. Schon fr\u00fch wurde er von den kreativen Einfl\u00fcssen in seiner Familie gepr\u00e4gt, besonders durch seinen Gro\u00dfonkel Karl Rade sowie die k\u00fcnstlerischen Aktivit\u00e4ten seiner Gro\u00dftanten. Sein Interesse an Kunst entwickelte sich weiter durch die N\u00e4he zum Atelier des Architekten und Grafikers Hahnemann. Nach der Flucht aus der DDR 1953 begann Rade eine vielseitige Ausbildung in der Textilgestaltung, Schaufenstergestaltung und Plakatmalerei. Parallel dazu besuchte er Kurse in Malerei, Grafik und Bildhauerei, und absolvierte schlie\u00dflich ein Studium an der Werkkunstschule Dortmund. Hier erhielt er F\u00f6rderung von renommierten Dozenten wie Carel Nistrath und Prof. Guggenberger und wurde mit dem F\u00f6rderpreis des BDA f\u00fcr plastisches Gestalten ausgezeichnet. Seine berufliche Laufbahn begann als Grafiker und Designer, w\u00e4hrend er parallel als Karikaturist f\u00fcr Zeitungen arbeitete.<\/p>\n<p>Seit 1962 ist Rade als freischaffender K\u00fcnstler t\u00e4tig und entwickelte sich zu einem vielseitigen Maler, Bildhauer und Grafiker, dessen Arbeiten gegenst\u00e4ndliche und abstrakte Themen gleicherma\u00dfen umfassen. Landschaften, Tiere und Pflanzen spielen eine zentrale Rolle in seinen Werken, ebenso wie Musik und eigene Lyrik, die er sp\u00e4ter in beeindruckende Umweltinstallationen wie &#8220;Der Buchenwald&#8221; und &#8220;Passion Natur 2000&#8221; einflie\u00dfen lie\u00df. In den 1970er Jahren verwirklichte er sich einen Lebenstraum und baute im Rothaargebirge den &#8220;Lindenhof&#8221;, ein Atelierhaus f\u00fcr sich und seine Familie. 2017 zog er sich ins Osnabr\u00fccker Land zur\u00fcck, wo er sein Atelier fortf\u00fchrte. Rades Werk wurde national und international gew\u00fcrdigt, und 1996 erhielt er den Magister und Dr. h.c. der Accademia Internazionale Citt\u00e0 di Roma. Seine farbenpr\u00e4chtigen und harmonischen Gem\u00e4lde, oft inspiriert von Musik, haben ihm eine breite Anerkennung eingebracht.<\/p>\n","protected":false},"excerpt":{"rendered":"<p>Ernst Peter Rade (1938 &#8211; 2022)<\/p>\n","protected":false},"featured_media":246368,"template":"","meta":{"site-sidebar-layout":"default","site-content-layout":"","ast-site-content-layout":"default","site-content-style":"default","site-sidebar-style":"default","ast-global-header-display":"","ast-banner-title-visibility":"","ast-main-header-display":"","ast-hfb-above-header-display":"","ast-hfb-below-header-display":"","ast-hfb-mobile-header-display":"","site-post-title":"","ast-breadcrumbs-content":"","ast-featured-img":"","footer-sml-layout":"","ast-disable-related-posts":"","theme-transparent-header-meta":"default","adv-header-id-meta":"","stick-header-meta":"","header-above-stick-meta":"","header-main-stick-meta":"","header-below-stick-meta":"","astra-migrate-meta-layouts":"set","ast-page-background-enabled":"default","ast-page-background-meta":{"desktop":{"background-color":"var(--ast-global-color-4)","background-image":"","background-repeat":"repeat","background-position":"center center","background-size":"auto","background-attachment":"scroll","background-type":"","background-media":"","overlay-type":"","overlay-color":"","overlay-opacity":"","overlay-gradient":""},"tablet":{"background-color":"","background-image":"","background-repeat":"repeat","background-position":"center center","background-size":"auto","background-attachment":"scroll","background-type":"","background-media":"","overlay-type":"","overlay-color":"","overlay-opacity":"","overlay-gradient":""},"mobile":{"background-color":"","background-image":"","background-repeat":"repeat","background-position":"center center","background-size":"auto","background-attachment":"scroll","background-type":"","background-media":"","overlay-type":"","overlay-color":"","overlay-opacity":"","overlay-gradient":""}},"ast-content-background-meta":{"desktop":{"background-color":"var(--ast-global-color-5)","background-image":"","background-repeat":"repeat","background-position":"center center","background-size":"auto","background-attachment":"scroll","background-type":"","background-media":"","overlay-type":"","overlay-color":"","overlay-opacity":"","overlay-gradient":""},"tablet":{"background-color":"var(--ast-global-color-5)","background-image":"","background-repeat":"repeat","background-position":"center center","background-size":"auto","background-attachment":"scroll","background-type":"","background-media":"","overlay-type":"","overlay-color":"","overlay-opacity":"","overlay-gradient":""},"mobile":{"background-color":"var(--ast-global-color-5)","background-image":"","background-repeat":"repeat","background-position":"center center","background-size":"auto","background-attachment":"scroll","background-type":"","background-media":"","overlay-type":"","overlay-color":"","overlay-opacity":"","overlay-gradient":""}}},"product_brand":[],"product_cat":[14393],"product_tag":[],"class_list":{"0":"post-246337","1":"product","2":"type-product","3":"status-publish","4":"has-post-thumbnail","6":"product_cat-ernst-peter-rade","7":"desktop-align-center","8":"tablet-align-left","9":"mobile-align-left","11":"first","12":"instock","13":"taxable","14":"shipping-taxable","15":"product-type-simple"},"_links":{"self":[{"href":"https:\/\/collection.galerie-gerdes.com\/lv\/wp-json\/wp\/v2\/product\/246337","targetHints":{"allow":["GET"]}}],"collection":[{"href":"https:\/\/collection.galerie-gerdes.com\/lv\/wp-json\/wp\/v2\/product"}],"about":[{"href":"https:\/\/collection.galerie-gerdes.com\/lv\/wp-json\/wp\/v2\/types\/product"}],"wp:featuredmedia":[{"embeddable":true,"href":"https:\/\/collection.galerie-gerdes.com\/lv\/wp-json\/wp\/v2\/media\/246368"}],"wp:attachment":[{"href":"https:\/\/collection.galerie-gerdes.com\/lv\/wp-json\/wp\/v2\/media?parent=246337"}],"wp:term":[{"taxonomy":"product_brand","embeddable":true,"href":"https:\/\/collection.galerie-gerdes.com\/lv\/wp-json\/wp\/v2\/product_brand?post=246337"},{"taxonomy":"product_cat","embeddable":true,"href":"https:\/\/collection.galerie-gerdes.com\/lv\/wp-json\/wp\/v2\/product_cat?post=246337"},{"taxonomy":"product_tag","embeddable":true,"href":"https:\/\/collection.galerie-gerdes.com\/lv\/wp-json\/wp\/v2\/product_tag?post=246337"}],"curies":[{"name":"wp","href":"https:\/\/api.w.org\/{rel}","templated":true}]}}