{"id":309038,"date":"2023-12-16T22:46:00","date_gmt":"2023-12-16T21:46:00","guid":{"rendered":"https:\/\/collection.galerie-gerdes.com\/produkt\/ciema-muzika-zimejums-adolfs-mincers-virietis-ar-tubu\/"},"modified":"2023-12-16T22:46:00","modified_gmt":"2023-12-16T21:46:00","slug":"ciema-muzika-zimejums-adolfs-mincers-virietis-ar-tubu","status":"publish","type":"product","link":"https:\/\/collection.galerie-gerdes.com\/lv\/p\/ciema-muzika-zimejums-adolfs-mincers-virietis-ar-tubu\/","title":{"rendered":"&#8220;Ciema m\u016bzika&#8221;, z\u012bm\u0113jums, \u0100dolfs Mincers, v\u012brietis ar tubu"},"content":{"rendered":"<p>Dzimis Pl\u0113s\u0101, Aug\u0161sil\u0113zij\u0101, p\u0113c t\u0113va agr\u012bnas n\u0101ves 1876. gad\u0101 vi\u0146\u0161 b\u0113rn\u012bbu pavad\u012bja Breslav\u0101, kur m\u0101c\u012bj\u0101s Matiasa \u0123imn\u0101zij\u0101 un 1886. gad\u0101 s\u0101ka m\u0101c\u012bbas pie dekorat\u012bv\u0101 gleznot\u0101ja Georga Heintzes. V\u0113l\u0101k vi\u0146\u0161 turpin\u0101ja izgl\u012bt\u012bbu Breslavas M\u0101kslas un amatniec\u012bbas skol\u0101, kur vi\u0146u m\u0101c\u012bja t\u0101di skolot\u0101ji k\u0101 Heinrihs Irmans, Pauls \u0160obelts un Albrehts Brauers.  <\/p>\n<p>1894. gad\u0101 Mincers uzs\u0101ka studijas Minhenes M\u0101kslas akad\u0113mij\u0101, kur vi\u0146u m\u0101c\u012bja t\u0101di paz\u012bstami m\u0101kslinieki k\u0101 Karls Raupps un Otto Seics. Milit\u0101r\u0101 dienesta laik\u0101 vi\u0146\u0161 iest\u0101j\u0101s Paula Hukera glezniec\u012bbas klas\u0113, kur intens\u012bvi piev\u0113rs\u0101s plen\u0113ra glezniec\u012bbai. Mincers 1896. gad\u0101 \u0161eit pat ieguva savu meistardarbn\u012bcu.  <\/p>\n<p>1898. gad\u0101 vi\u0146\u0161 bija viens no diviem Ludviga \u0160tolverka (Ludwig Stollwerck) pirm\u0101 konkursa par dizainu \u0160tolverka kolekcion\u0101ru glezn\u0101m laure\u0101tiem, kura naudas balva bija 1000 marku. No 1899. gada Minhenes Glaspalast\u0101 Minhenes m\u0101kslinieku grupas &#8220;Scholle&#8221; biedrs izst\u0101d\u012bja savus darbus. T\u0101 aizs\u0101k\u0101s ar\u012b vi\u0146a sadarb\u012bba ar Minhenes ned\u0113\u013cas \u017eurn\u0101lu &#8220;Jugend&#8221; un sat\u012brisko \u017eurn\u0101lu &#8220;Simplicissimus&#8221;.  <\/p>\n<p>Uzturoties Par\u012bz\u0113 no 1900. l\u012bdz 1902. gadam, vi\u0146\u0161 nostiprin\u0101ja savu m\u0101ksliniecisko izaugsmi. 1903. gad\u0101 vi\u0146\u0161 iepazin\u0101s ar Mariju Ter\u0113zi Dr\u012bsenu, dzimusi fon Vestenhof\u0101, ar kuru apprec\u0113j\u0101s gadu p\u0113c iespaid\u012bga skand\u0101la. \u0160is skand\u0101ls noveda pie Dr\u012bzenas kundzes un vi\u0146as v\u012bra \u0161\u0137ir\u0161an\u0101s.   <\/p>\n<p>1909. gad\u0101 Mincers k\u013cuva par Diseldorfas M\u0101kslas akad\u0113mijas glezniec\u012bbas klases vad\u012bt\u0101ju, kur pasniedza l\u012bdz 1932. gadam. \u0160aj\u0101 laik\u0101 vi\u0146\u0161 rad\u012bja ar\u012b sienas gleznojumus un griestu gleznojumus Diseldorfas rajona pa\u0161vald\u012bbai. Pirm\u0101 pasaules kara laik\u0101 1915. gad\u0101 vi\u0146\u0161 kalpoja front\u0113 k\u0101 kara gleznot\u0101js, bet 1917. gad\u0101 pieteic\u0101s br\u012bvpr\u0101t\u012bgaj\u0101 dienest\u0101, ta\u010du darbos nepiedal\u012bj\u0101s.  <\/p>\n<p>1938. gad\u0101 Mincersu \u0123imene p\u0101rc\u0113l\u0101s uz Holchauzeni pie Ammerz\u0113z\u0113. Mincera darbi tika izst\u0101d\u012bti da\u017e\u0101dos slavenos muzejos un kolekcij\u0101s, tostarp Neue Pinakothek Minhen\u0113, Wallraf-Richartz-Museum \u0136eln\u0113, St\u00e4dtisches Kunstmuseum Diseldorf\u0101 un Kunstverein Basel kolekcij\u0101. <\/p>\n<p>No 1938. l\u012bdz 1944. gadam Mincers akt\u012bvi piedal\u012bj\u0101s nacion\u0101lsoci\u0101listu inici\u0113taj\u0101s Lielaj\u0101s v\u0101cu m\u0101kslas izst\u0101d\u0113s Haus der Deutschen Kunst Minhen\u0113 un pat p\u0101rdeva k\u0101du darbu \u0100dolfam Hitleram. 1950. gad\u0101 Minhenes m\u0101kslinieku kooperat\u012bv\u0101 vi\u0146\u0161 izst\u0101d\u012bja tr\u012bsdesmit gleznas. 1944. gad\u0101 Mincers tika iek\u013cauts Reiha Tautas apgaism\u012bbas un propagandas ministrijas apbalvoto sarakst\u0101.  <\/p>\n<p>Mincera st\u0101stnieciskais stils izpaud\u0101s vi\u0146a grafik\u0101, \u012bpa\u0161i vi\u0146a pasaku ilustr\u0101cij\u0101s \u0160olca izdevniec\u012bbai Mainc\u0101. Vi\u0146\u0161 bija ar\u012b Deutscher K\u00fcnstlerbund biedrs. <\/p>\n","protected":false},"excerpt":{"rendered":"<p>Adolf M\u00fcnzer (1870-1953)<br \/>\nVecuma paz\u012bmes, sk. fotoatt\u0113lus<\/p>\n","protected":false},"featured_media":7685,"template":"","meta":{"site-sidebar-layout":"default","site-content-layout":"","ast-site-content-layout":"default","site-content-style":"default","site-sidebar-style":"default","ast-global-header-display":"","ast-banner-title-visibility":"","ast-main-header-display":"","ast-hfb-above-header-display":"","ast-hfb-below-header-display":"","ast-hfb-mobile-header-display":"","site-post-title":"","ast-breadcrumbs-content":"","ast-featured-img":"","footer-sml-layout":"","ast-disable-related-posts":"","theme-transparent-header-meta":"default","adv-header-id-meta":"","stick-header-meta":"","header-above-stick-meta":"","header-main-stick-meta":"","header-below-stick-meta":"","astra-migrate-meta-layouts":"default","ast-page-background-enabled":"default","ast-page-background-meta":{"desktop":{"background-color":"var(--ast-global-color-4)","background-image":"","background-repeat":"repeat","background-position":"center center","background-size":"auto","background-attachment":"scroll","background-type":"","background-media":"","overlay-type":"","overlay-color":"","overlay-opacity":"","overlay-gradient":""},"tablet":{"background-color":"","background-image":"","background-repeat":"repeat","background-position":"center center","background-size":"auto","background-attachment":"scroll","background-type":"","background-media":"","overlay-type":"","overlay-color":"","overlay-opacity":"","overlay-gradient":""},"mobile":{"background-color":"","background-image":"","background-repeat":"repeat","background-position":"center center","background-size":"auto","background-attachment":"scroll","background-type":"","background-media":"","overlay-type":"","overlay-color":"","overlay-opacity":"","overlay-gradient":""}},"ast-content-background-meta":{"desktop":{"background-color":"var(--ast-global-color-5)","background-image":"","background-repeat":"repeat","background-position":"center center","background-size":"auto","background-attachment":"scroll","background-type":"","background-media":"","overlay-type":"","overlay-color":"","overlay-opacity":"","overlay-gradient":""},"tablet":{"background-color":"var(--ast-global-color-5)","background-image":"","background-repeat":"repeat","background-position":"center center","background-size":"auto","background-attachment":"scroll","background-type":"","background-media":"","overlay-type":"","overlay-color":"","overlay-opacity":"","overlay-gradient":""},"mobile":{"background-color":"var(--ast-global-color-5)","background-image":"","background-repeat":"repeat","background-position":"center center","background-size":"auto","background-attachment":"scroll","background-type":"","background-media":"","overlay-type":"","overlay-color":"","overlay-opacity":"","overlay-gradient":""}}},"product_brand":[],"product_cat":[733,635],"product_tag":[14870,1541,1542,1543,1544,1545,1546,14872,14874],"class_list":{"0":"post-309038","1":"product","2":"type-product","3":"status-publish","4":"has-post-thumbnail","6":"product_cat-german-lv","7":"product_cat-painting-lv","8":"product_tag-adolfs-mincers","9":"product_tag-art-lv","10":"product_tag-gemalde-lv","11":"product_tag-kunst-lv","12":"product_tag-painting-lv","13":"product_tag-peintures-lv","14":"product_tag-pittura-lv","15":"product_tag-vacu","16":"product_tag-zimesana","17":"desktop-align-center","18":"tablet-align-left","19":"mobile-align-left","21":"first","22":"instock","23":"taxable","24":"shipping-taxable","25":"product-type-simple"},"_links":{"self":[{"href":"https:\/\/collection.galerie-gerdes.com\/lv\/wp-json\/wp\/v2\/product\/309038","targetHints":{"allow":["GET"]}}],"collection":[{"href":"https:\/\/collection.galerie-gerdes.com\/lv\/wp-json\/wp\/v2\/product"}],"about":[{"href":"https:\/\/collection.galerie-gerdes.com\/lv\/wp-json\/wp\/v2\/types\/product"}],"wp:featuredmedia":[{"embeddable":true,"href":"https:\/\/collection.galerie-gerdes.com\/lv\/wp-json\/wp\/v2\/media\/7685"}],"wp:attachment":[{"href":"https:\/\/collection.galerie-gerdes.com\/lv\/wp-json\/wp\/v2\/media?parent=309038"}],"wp:term":[{"taxonomy":"product_brand","embeddable":true,"href":"https:\/\/collection.galerie-gerdes.com\/lv\/wp-json\/wp\/v2\/product_brand?post=309038"},{"taxonomy":"product_cat","embeddable":true,"href":"https:\/\/collection.galerie-gerdes.com\/lv\/wp-json\/wp\/v2\/product_cat?post=309038"},{"taxonomy":"product_tag","embeddable":true,"href":"https:\/\/collection.galerie-gerdes.com\/lv\/wp-json\/wp\/v2\/product_tag?post=309038"}],"curies":[{"name":"wp","href":"https:\/\/api.w.org\/{rel}","templated":true}]}}