{"id":335214,"date":"2025-10-31T17:57:23","date_gmt":"2025-10-31T16:57:23","guid":{"rendered":"https:\/\/collection.galerie-gerdes.com\/?post_type=product&#038;p=335214"},"modified":"2025-10-31T18:11:56","modified_gmt":"2025-10-31T17:11:56","slug":"eitler-reiter-federzeichnung-von-eugen-feiks-meggendorfer-blaetter","status":"publish","type":"product","link":"https:\/\/collection.galerie-gerdes.com\/lv\/p\/eitler-reiter-federzeichnung-von-eugen-feiks-meggendorfer-blaetter\/","title":{"rendered":"Eitler Reiter | Federzeichnung von Eugen Feiks, Meggendorfer-Bl\u00e4tter"},"content":{"rendered":"<p>Jen\u0151 Feiks, auch bekannt als Jen\u0151 Feiks P\u00e1l Zolt\u00e1n, wurde am 17. Mai 1878 in Kaposv\u00e1r geboren und verstarb am 25. September 1939 in Budapest. Er war ein ungarischer Maler, Zeichner, Illustrator und Karikaturist. Feiks war eng mit dem Schriftsteller Ferenc Moln\u00e1r befreundet, und Ern\u0151 Nemecsek diente ihm als Vorbild.<\/p>\n<p>Er war der Sohn von S\u00e1muel Feiks und Ida Tiller. Feiks studierte in Paris und sp\u00e4ter in M\u00fcnchen bei Simon Holl\u00f3sy. Seine humoristischen Zeichnungen wurden zun\u00e4chst in elit\u00e4ren Zeitschriften wie den \u201eFliegenden Bl\u00e4ttern\u201c ver\u00f6ffentlicht. Neben seinen Zeichnungen malte er auch impressionistische \u00d6lbilder.<\/p>\n<p>Ab Anfang der 1900er Jahre stellte er zusammen mit seinem Bruder Alfr\u00e9d Feiks in Budapest aus. Feiks war ein gro\u00dfer Liebhaber des gesellschaftlichen Lebens und malte mehrere gro\u00dfe Portr\u00e4ts der Schauspielerin Gizi Bajor.<\/p>\n<p>Feiks wurde von mehreren internationalen Gesellschaften wie der Berliner Sezession, dem Deutschen K\u00fcnstlerbund und dem Salon d&#8217;Automne in Paris als Mitglied aufgenommen. In Budapest hatte er vier tempor\u00e4re Ausstellungen im Ernst-Museum. 1926 er\u00f6ffnete er eine freie Schule in Budapest, zu deren Lehrern K\u00e1roly Kernstok, J\u00f3zsef Rippl-R\u00f3nai und M\u00e1rk Vedres geh\u00f6rten.<\/p>\n<p>Am 20. Oktober 1903 heiratete Feiks in Budapest Anna Maria Magaziner, von der er sich 1915 scheiden lie\u00df. Am 10. Juni 1917 heiratete er in Ferencv\u00e1ros die Schauspielerin Margit L\u00e1nczy, die nach dem Tod ihrer Eltern den Namen Margit M\u00e1ria Ilona Pr\u00e9gler annahm. Diese Ehe wurde 1934 geschieden.<\/p>\n","protected":false},"excerpt":{"rendered":"<p>Jen\u0151 Feiks &#8211; Eugen Feiks (1878-1939)<\/p>\n","protected":false},"featured_media":335374,"template":"","meta":{"site-sidebar-layout":"default","site-content-layout":"","ast-site-content-layout":"default","site-content-style":"default","site-sidebar-style":"default","ast-global-header-display":"","ast-banner-title-visibility":"","ast-main-header-display":"","ast-hfb-above-header-display":"","ast-hfb-below-header-display":"","ast-hfb-mobile-header-display":"","site-post-title":"","ast-breadcrumbs-content":"","ast-featured-img":"","footer-sml-layout":"","ast-disable-related-posts":"","theme-transparent-header-meta":"default","adv-header-id-meta":"","stick-header-meta":"","header-above-stick-meta":"","header-main-stick-meta":"","header-below-stick-meta":"","astra-migrate-meta-layouts":"set","ast-page-background-enabled":"default","ast-page-background-meta":{"desktop":{"background-color":"var(--ast-global-color-4)","background-image":"","background-repeat":"repeat","background-position":"center center","background-size":"auto","background-attachment":"scroll","background-type":"","background-media":"","overlay-type":"","overlay-color":"","overlay-opacity":"","overlay-gradient":""},"tablet":{"background-color":"","background-image":"","background-repeat":"repeat","background-position":"center center","background-size":"auto","background-attachment":"scroll","background-type":"","background-media":"","overlay-type":"","overlay-color":"","overlay-opacity":"","overlay-gradient":""},"mobile":{"background-color":"","background-image":"","background-repeat":"repeat","background-position":"center center","background-size":"auto","background-attachment":"scroll","background-type":"","background-media":"","overlay-type":"","overlay-color":"","overlay-opacity":"","overlay-gradient":""}},"ast-content-background-meta":{"desktop":{"background-color":"var(--ast-global-color-5)","background-image":"","background-repeat":"repeat","background-position":"center center","background-size":"auto","background-attachment":"scroll","background-type":"","background-media":"","overlay-type":"","overlay-color":"","overlay-opacity":"","overlay-gradient":""},"tablet":{"background-color":"var(--ast-global-color-5)","background-image":"","background-repeat":"repeat","background-position":"center center","background-size":"auto","background-attachment":"scroll","background-type":"","background-media":"","overlay-type":"","overlay-color":"","overlay-opacity":"","overlay-gradient":""},"mobile":{"background-color":"var(--ast-global-color-5)","background-image":"","background-repeat":"repeat","background-position":"center center","background-size":"auto","background-attachment":"scroll","background-type":"","background-media":"","overlay-type":"","overlay-color":"","overlay-opacity":"","overlay-gradient":""}}},"product_brand":[],"product_cat":[52,263,179,424,60,266],"product_tag":[364,362,363,74,361,365],"class_list":{"0":"post-335214","1":"product","2":"type-product","3":"status-publish","4":"has-post-thumbnail","6":"product_cat-20th-century","7":"product_cat-eugen-feiks","8":"product_cat-gemaelde","9":"product_cat-karikaturen","10":"product_cat-ungarisch","11":"product_cat-zeichnung","12":"product_tag-art","13":"product_tag-gemalde","14":"product_tag-kunst","15":"product_tag-painting","16":"product_tag-peintures","17":"product_tag-pittura","18":"desktop-align-center","19":"tablet-align-left","20":"mobile-align-left","22":"first","23":"instock","24":"taxable","25":"shipping-taxable","26":"product-type-simple"},"_links":{"self":[{"href":"https:\/\/collection.galerie-gerdes.com\/lv\/wp-json\/wp\/v2\/product\/335214","targetHints":{"allow":["GET"]}}],"collection":[{"href":"https:\/\/collection.galerie-gerdes.com\/lv\/wp-json\/wp\/v2\/product"}],"about":[{"href":"https:\/\/collection.galerie-gerdes.com\/lv\/wp-json\/wp\/v2\/types\/product"}],"wp:featuredmedia":[{"embeddable":true,"href":"https:\/\/collection.galerie-gerdes.com\/lv\/wp-json\/wp\/v2\/media\/335374"}],"wp:attachment":[{"href":"https:\/\/collection.galerie-gerdes.com\/lv\/wp-json\/wp\/v2\/media?parent=335214"}],"wp:term":[{"taxonomy":"product_brand","embeddable":true,"href":"https:\/\/collection.galerie-gerdes.com\/lv\/wp-json\/wp\/v2\/product_brand?post=335214"},{"taxonomy":"product_cat","embeddable":true,"href":"https:\/\/collection.galerie-gerdes.com\/lv\/wp-json\/wp\/v2\/product_cat?post=335214"},{"taxonomy":"product_tag","embeddable":true,"href":"https:\/\/collection.galerie-gerdes.com\/lv\/wp-json\/wp\/v2\/product_tag?post=335214"}],"curies":[{"name":"wp","href":"https:\/\/api.w.org\/{rel}","templated":true}]}}