{"id":3902,"date":"2024-03-19T09:04:17","date_gmt":"2024-03-19T08:04:17","guid":{"rendered":"https:\/\/collection.galerie-gerdes.com\/?post_type=product&#038;p=3902"},"modified":"2024-05-21T13:04:19","modified_gmt":"2024-05-21T11:04:19","slug":"griechische-landschaft-1920-aquarell-von-paul-burckhardt","status":"publish","type":"product","link":"https:\/\/collection.galerie-gerdes.com\/lv\/p\/griechische-landschaft-1920-aquarell-von-paul-burckhardt\/","title":{"rendered":"Griechische Landschaft, 1920, Aquarell von Paul BURCKHARDT"},"content":{"rendered":"<p>Paul Burckhardt wurde am 12. Mai 1880 in R\u00fcti, im Kanton Z\u00fcrich, geboren. Sein Vater war der Dekan und Pfarrer Abel Burckhardt, ein Nachkomme des bekannten Pfarrers und Komponisten Abel Burckhardt, w\u00e4hrend seine Mutter Karolina Luise, geborene Hess, die Tochter von Johann Jakob Hess war. Burckhardt hatte einen \u00e4lteren Bruder namens Carl Burckhardt, und sein Onkel war Titus Burckhardt, w\u00e4hrend sein Neffe Ernst Friedrich Burckhardt war.<\/p>\n<p>Nach dem fr\u00fchen Tod seines Vaters zog die Familie nach Basel, wo Paul Burckhardt seine Ausbildung begann. Er absolvierte eine Lehre zum Architekten bei Jakob Eduard Vischer-Sarasin und Rudolf Eduard Fueter-Gelzer. Anschlie\u00dfend setzte er sein Studium an der Technischen Hochschule M\u00fcnchen fort, wo er bei Carl Hocheder und Martin D\u00fclfer studierte, bevor er sein Studium in Darmstadt bei Joseph Maria Olbrich abschloss. Zur\u00fcck in Basel arbeitete er gemeinsam mit Rudolf Linder an verschiedenen Architekturprojekten, bevor er sich schlie\u00dflich der Landschaftsmalerei als Autodidakt widmete.<\/p>\n<p>1905 unternahm Burckhardt eine Studienreise nach S\u00fcditalien in Begleitung seiner Freunde Paul Basilius Barth, Paul Altherr und Hermann Meyer. Zwischen 1911 und 1912 hielt er sich in Holland auf. Seine Werke wurden in renommierten Ausstellungsorten wie der Kunsthalle Bern, Kunsthalle Basel, Kunstmuseum Basel, Kunsthaus Z\u00fcrich, Kunstmuseum St. Gallen und Kunsthaus Glarus ausgestellt.<\/p>\n<p>Nach dem Ersten Weltkrieg besuchte Burckhardt seine Schwester Maria, die mit ihrem Ehemann, dem Missionar Paul Eduard Burckhardt, in Britisch-Indien lebte. Sp\u00e4ter verfasste und illustrierte er das Werk &#8220;Reiseschilderung eines Malers&#8221; sowie das &#8220;Kochb\u00fcchlein f\u00fcr Einzelg\u00e4nger&#8221; und &#8220;Die heiteren Reiserlebnisse eines Malers in Italien&#8221;.<\/p>\n<p>Paul Burckhardt verstarb am 14. Januar 1961 in Basel und fand seine letzte Ruhest\u00e4tte auf dem Wolfgottesacker in der gleichen Stadt. Sein umfangreiches k\u00fcnstlerisches Erbe sowie seine literarischen Werke tragen bis heute zur kulturellen Vielfalt der Schweiz bei.<\/p>\n","protected":false},"excerpt":{"rendered":"<p>Paul Burckhardt (1880-1961)<\/p>\n","protected":false},"featured_media":3923,"template":"","meta":{"site-sidebar-layout":"default","site-content-layout":"","ast-site-content-layout":"default","site-content-style":"default","site-sidebar-style":"default","ast-global-header-display":"","ast-banner-title-visibility":"","ast-main-header-display":"","ast-hfb-above-header-display":"","ast-hfb-below-header-display":"","ast-hfb-mobile-header-display":"","site-post-title":"","ast-breadcrumbs-content":"","ast-featured-img":"","footer-sml-layout":"","ast-disable-related-posts":"","theme-transparent-header-meta":"default","adv-header-id-meta":"","stick-header-meta":"","header-above-stick-meta":"","header-main-stick-meta":"","header-below-stick-meta":"","astra-migrate-meta-layouts":"set","ast-page-background-enabled":"default","ast-page-background-meta":{"desktop":{"background-color":"var(--ast-global-color-4)","background-image":"","background-repeat":"repeat","background-position":"center center","background-size":"auto","background-attachment":"scroll","background-type":"","background-media":"","overlay-type":"","overlay-color":"","overlay-opacity":"","overlay-gradient":""},"tablet":{"background-color":"","background-image":"","background-repeat":"repeat","background-position":"center center","background-size":"auto","background-attachment":"scroll","background-type":"","background-media":"","overlay-type":"","overlay-color":"","overlay-opacity":"","overlay-gradient":""},"mobile":{"background-color":"","background-image":"","background-repeat":"repeat","background-position":"center center","background-size":"auto","background-attachment":"scroll","background-type":"","background-media":"","overlay-type":"","overlay-color":"","overlay-opacity":"","overlay-gradient":""}},"ast-content-background-meta":{"desktop":{"background-color":"var(--ast-global-color-5)","background-image":"","background-repeat":"repeat","background-position":"center center","background-size":"auto","background-attachment":"scroll","background-type":"","background-media":"","overlay-type":"","overlay-color":"","overlay-opacity":"","overlay-gradient":""},"tablet":{"background-color":"var(--ast-global-color-5)","background-image":"","background-repeat":"repeat","background-position":"center center","background-size":"auto","background-attachment":"scroll","background-type":"","background-media":"","overlay-type":"","overlay-color":"","overlay-opacity":"","overlay-gradient":""},"mobile":{"background-color":"var(--ast-global-color-5)","background-image":"","background-repeat":"repeat","background-position":"center center","background-size":"auto","background-attachment":"scroll","background-type":"","background-media":"","overlay-type":"","overlay-color":"","overlay-opacity":"","overlay-gradient":""}}},"product_brand":[],"product_cat":[52,265,179,409,277,85],"product_tag":[364,362,363,74,361,365],"class_list":{"0":"post-3902","1":"product","2":"type-product","3":"status-publish","4":"has-post-thumbnail","6":"product_cat-20th-century","7":"product_cat-aquarell","8":"product_cat-gemaelde","9":"product_cat-landschaft","10":"product_cat-paul-burckhardt","11":"product_cat-schweizerisch","12":"product_tag-art","13":"product_tag-gemalde","14":"product_tag-kunst","15":"product_tag-painting","16":"product_tag-peintures","17":"product_tag-pittura","18":"desktop-align-center","19":"tablet-align-left","20":"mobile-align-left","22":"first","23":"instock","24":"taxable","25":"shipping-taxable","26":"product-type-simple"},"_links":{"self":[{"href":"https:\/\/collection.galerie-gerdes.com\/lv\/wp-json\/wp\/v2\/product\/3902","targetHints":{"allow":["GET"]}}],"collection":[{"href":"https:\/\/collection.galerie-gerdes.com\/lv\/wp-json\/wp\/v2\/product"}],"about":[{"href":"https:\/\/collection.galerie-gerdes.com\/lv\/wp-json\/wp\/v2\/types\/product"}],"wp:featuredmedia":[{"embeddable":true,"href":"https:\/\/collection.galerie-gerdes.com\/lv\/wp-json\/wp\/v2\/media\/3923"}],"wp:attachment":[{"href":"https:\/\/collection.galerie-gerdes.com\/lv\/wp-json\/wp\/v2\/media?parent=3902"}],"wp:term":[{"taxonomy":"product_brand","embeddable":true,"href":"https:\/\/collection.galerie-gerdes.com\/lv\/wp-json\/wp\/v2\/product_brand?post=3902"},{"taxonomy":"product_cat","embeddable":true,"href":"https:\/\/collection.galerie-gerdes.com\/lv\/wp-json\/wp\/v2\/product_cat?post=3902"},{"taxonomy":"product_tag","embeddable":true,"href":"https:\/\/collection.galerie-gerdes.com\/lv\/wp-json\/wp\/v2\/product_tag?post=3902"}],"curies":[{"name":"wp","href":"https:\/\/api.w.org\/{rel}","templated":true}]}}