{"id":4776,"date":"2024-03-28T17:11:45","date_gmt":"2024-03-28T16:11:45","guid":{"rendered":"https:\/\/collection.galerie-gerdes.com\/?post_type=product&#038;p=4776"},"modified":"2024-04-24T14:01:15","modified_gmt":"2024-04-24T12:01:15","slug":"pflanzen-im-schnee-1955-aquarell-von-paul-hildenbrand","status":"publish","type":"product","link":"https:\/\/collection.galerie-gerdes.com\/lv\/p\/pflanzen-im-schnee-1955-aquarell-von-paul-hildenbrand\/","title":{"rendered":"\u201ePflanzen im Schnee\u201c, 1955, Aquarell von Paul Hildenbrand"},"content":{"rendered":"<p>Paul Hildenbrand (1904 &#8211; 1971) war ein deutscher Maler, dessen Werke eine Vielzahl von Stilen und Techniken umfassten.<\/p>\n<p>Hildenbrand begann sein k\u00fcnstlerisches Streben mit einem Studium bei renommierten K\u00fcnstlern wie Otto Pankok, Hermann Gradl und Heinrich von Z\u00fcgel. Sein Leben lang blieb er dem sch\u00f6pferischen Prozess treu und fand in Reichenbach an der Fils von 1929 bis zu seinem Tod im Jahr 1971 seinen k\u00fcnstlerischen R\u00fcckzugsort.<\/p>\n<p>Bekannt als der &#8220;Maler der Schw\u00e4bischen Alb&#8221;, war Hildenbrand besonders f\u00fcr seine naturalistischen \u00d6lgem\u00e4lde und Aquarelle bekannt. Doch seine k\u00fcnstlerische Neugier kannte keine Grenzen, und so schuf er auch abstrakte Grafiken, Glasmalereien und Fresken.<\/p>\n<p>Die Vielfalt seiner Themen spiegelte sich in seinen Werken wider &#8211; von Landschaften \u00fcber Tiere bis hin zu Stillleben. Seine Landschaftsbilder in \u00d6l zeugten von einem starken Einfluss des Impressionismus, w\u00e4hrend er sich in den 1960er Jahren zeitweise der expressionistischen und surrealistischen Stilrichtung zuwandte.<\/p>\n<p>Studienreisen durch Europa und die USA erweiterten seinen k\u00fcnstlerischen Horizont und machten ihn auch international bekannt. Seine Werke wurden in renommierten Galerien und Ausstellungen in Deutschland, Monaco und den USA gezeigt.<\/p>\n<p>Paul Hildenbrand hinterlie\u00df nicht nur ein reiches k\u00fcnstlerisches Erbe, sondern wurde auch posthum durch die Umbenennung der Bismarckstra\u00dfe in Esslingen-Berkheim in Hildenbrandstra\u00dfe geehrt. Sein Einfluss auf die Kunstwelt bleibt bis heute sp\u00fcrbar.<\/p>\n","protected":false},"excerpt":{"rendered":"<p>Paul Hildenbrand (1904-1971)<\/p>\n","protected":false},"featured_media":4778,"template":"","meta":{"site-sidebar-layout":"default","site-content-layout":"","ast-site-content-layout":"default","site-content-style":"default","site-sidebar-style":"default","ast-global-header-display":"","ast-banner-title-visibility":"","ast-main-header-display":"","ast-hfb-above-header-display":"","ast-hfb-below-header-display":"","ast-hfb-mobile-header-display":"","site-post-title":"","ast-breadcrumbs-content":"","ast-featured-img":"","footer-sml-layout":"","ast-disable-related-posts":"","theme-transparent-header-meta":"default","adv-header-id-meta":"","stick-header-meta":"","header-above-stick-meta":"","header-main-stick-meta":"","header-below-stick-meta":"","astra-migrate-meta-layouts":"set","ast-page-background-enabled":"default","ast-page-background-meta":{"desktop":{"background-color":"var(--ast-global-color-4)","background-image":"","background-repeat":"repeat","background-position":"center center","background-size":"auto","background-attachment":"scroll","background-type":"","background-media":"","overlay-type":"","overlay-color":"","overlay-opacity":"","overlay-gradient":""},"tablet":{"background-color":"","background-image":"","background-repeat":"repeat","background-position":"center center","background-size":"auto","background-attachment":"scroll","background-type":"","background-media":"","overlay-type":"","overlay-color":"","overlay-opacity":"","overlay-gradient":""},"mobile":{"background-color":"","background-image":"","background-repeat":"repeat","background-position":"center center","background-size":"auto","background-attachment":"scroll","background-type":"","background-media":"","overlay-type":"","overlay-color":"","overlay-opacity":"","overlay-gradient":""}},"ast-content-background-meta":{"desktop":{"background-color":"var(--ast-global-color-5)","background-image":"","background-repeat":"repeat","background-position":"center center","background-size":"auto","background-attachment":"scroll","background-type":"","background-media":"","overlay-type":"","overlay-color":"","overlay-opacity":"","overlay-gradient":""},"tablet":{"background-color":"var(--ast-global-color-5)","background-image":"","background-repeat":"repeat","background-position":"center center","background-size":"auto","background-attachment":"scroll","background-type":"","background-media":"","overlay-type":"","overlay-color":"","overlay-opacity":"","overlay-gradient":""},"mobile":{"background-color":"var(--ast-global-color-5)","background-image":"","background-repeat":"repeat","background-position":"center center","background-size":"auto","background-attachment":"scroll","background-type":"","background-media":"","overlay-type":"","overlay-color":"","overlay-opacity":"","overlay-gradient":""}}},"product_brand":[],"product_cat":[52,265,25,179,299],"product_tag":[364,362,363,74,361,365],"class_list":{"0":"post-4776","1":"product","2":"type-product","3":"status-publish","4":"has-post-thumbnail","6":"product_cat-20th-century","7":"product_cat-aquarell","8":"product_cat-deutsch","9":"product_cat-gemaelde","10":"product_cat-paul-hildenbrand","11":"product_tag-art","12":"product_tag-gemalde","13":"product_tag-kunst","14":"product_tag-painting","15":"product_tag-peintures","16":"product_tag-pittura","17":"desktop-align-center","18":"tablet-align-left","19":"mobile-align-left","21":"first","22":"instock","23":"taxable","24":"shipping-taxable","25":"product-type-simple"},"_links":{"self":[{"href":"https:\/\/collection.galerie-gerdes.com\/lv\/wp-json\/wp\/v2\/product\/4776","targetHints":{"allow":["GET"]}}],"collection":[{"href":"https:\/\/collection.galerie-gerdes.com\/lv\/wp-json\/wp\/v2\/product"}],"about":[{"href":"https:\/\/collection.galerie-gerdes.com\/lv\/wp-json\/wp\/v2\/types\/product"}],"wp:featuredmedia":[{"embeddable":true,"href":"https:\/\/collection.galerie-gerdes.com\/lv\/wp-json\/wp\/v2\/media\/4778"}],"wp:attachment":[{"href":"https:\/\/collection.galerie-gerdes.com\/lv\/wp-json\/wp\/v2\/media?parent=4776"}],"wp:term":[{"taxonomy":"product_brand","embeddable":true,"href":"https:\/\/collection.galerie-gerdes.com\/lv\/wp-json\/wp\/v2\/product_brand?post=4776"},{"taxonomy":"product_cat","embeddable":true,"href":"https:\/\/collection.galerie-gerdes.com\/lv\/wp-json\/wp\/v2\/product_cat?post=4776"},{"taxonomy":"product_tag","embeddable":true,"href":"https:\/\/collection.galerie-gerdes.com\/lv\/wp-json\/wp\/v2\/product_tag?post=4776"}],"curies":[{"name":"wp","href":"https:\/\/api.w.org\/{rel}","templated":true}]}}