{"id":518,"date":"2024-01-07T21:21:23","date_gmt":"2024-01-07T20:21:23","guid":{"rendered":"https:\/\/collection.galerie-gerdes.com\/?post_type=product&#038;p=518"},"modified":"2024-09-16T12:08:32","modified_gmt":"2024-09-16T10:08:32","slug":"gaertnerei-in-feldweilen-schweiz","status":"publish","type":"product","link":"https:\/\/collection.galerie-gerdes.com\/lv\/p\/gaertnerei-in-feldweilen-schweiz\/","title":{"rendered":"G\u00e4rtnerei in Feldweilen (Schweiz), Gem\u00e4lde von Werner Hunziker"},"content":{"rendered":"<p>Werner Hunziker, geboren am 29. Juni 1894 in Aarau und verstorben am 9. September 1975 in Olten, war ein herausragender Maler, der vor allem durch seine Zusammenarbeit mit seinem Zwillingsbruder Gerold Hunziker bekannt wurde.<\/p>\n<p>Die k\u00fcnstlerische Vielfalt von Werner Hunziker umfasste Wandbilder mit religi\u00f6sen und mythologischen Motiven, Portr\u00e4ts, Stillleben sowie Landschaften. Sein k\u00fcnstlerischer Werdegang begann mit dem Abschluss der Matura am Aarauer Gymnasium, gefolgt von Studienjahren 1914\/15 bei Ernst W\u00fcrtenberger an der Kunstgewerbeschule Z\u00fcrich.<\/p>\n<p>Gemeinsam mit seinem Bruder Gerold zog Werner 1916-1918 nach Genf an die \u00c9cole des Beaux-Arts. W\u00e4hrend des Ersten Weltkriegs leistete er zudem Wehrdienst. Nach dem Kriegsjahrzehnt lie\u00df er sich f\u00fcr eine l\u00e4ngere Zeit in Paris nieder, wo er bei renommierten K\u00fcnstlern wie Lucien Simon (1919), Maurice Denis (1920) und Andr\u00e9 Lhote (1921) studierte. Von Paris aus unternahm er mit Gerold Reisen nach London, Florenz, Venedig, Rom und schlie\u00dflich Berlin.<\/p>\n<p>Nach seinem Aufenthalt in Paris bis 1938 kehrte er vor\u00fcbergehend in seine Heimatstadt Aarau zur\u00fcck, bevor er bis 1947 in Feldmeilen und schlie\u00dflich in Lostorf lebte. Es war eine Zeit, in der er eng mit seinem Zwillingsbruder zusammenarbeitete und ihre k\u00fcnstlerischen Visionen miteinander verschmolzen.<\/p>\n","protected":false},"excerpt":{"rendered":"<p>Werner Hunziker (1894-1975)<\/p>\n","protected":false},"featured_media":519,"template":"","meta":{"site-sidebar-layout":"default","site-content-layout":"","ast-site-content-layout":"default","site-content-style":"default","site-sidebar-style":"default","ast-global-header-display":"","ast-banner-title-visibility":"","ast-main-header-display":"","ast-hfb-above-header-display":"","ast-hfb-below-header-display":"","ast-hfb-mobile-header-display":"","site-post-title":"","ast-breadcrumbs-content":"","ast-featured-img":"","footer-sml-layout":"","ast-disable-related-posts":"","theme-transparent-header-meta":"default","adv-header-id-meta":"","stick-header-meta":"","header-above-stick-meta":"","header-main-stick-meta":"","header-below-stick-meta":"","astra-migrate-meta-layouts":"set","ast-page-background-enabled":"default","ast-page-background-meta":{"desktop":{"background-color":"var(--ast-global-color-4)","background-image":"","background-repeat":"repeat","background-position":"center center","background-size":"auto","background-attachment":"scroll","background-type":"","background-media":"","overlay-type":"","overlay-color":"","overlay-opacity":"","overlay-gradient":""},"tablet":{"background-color":"","background-image":"","background-repeat":"repeat","background-position":"center center","background-size":"auto","background-attachment":"scroll","background-type":"","background-media":"","overlay-type":"","overlay-color":"","overlay-opacity":"","overlay-gradient":""},"mobile":{"background-color":"","background-image":"","background-repeat":"repeat","background-position":"center center","background-size":"auto","background-attachment":"scroll","background-type":"","background-media":"","overlay-type":"","overlay-color":"","overlay-opacity":"","overlay-gradient":""}},"ast-content-background-meta":{"desktop":{"background-color":"var(--ast-global-color-5)","background-image":"","background-repeat":"repeat","background-position":"center center","background-size":"auto","background-attachment":"scroll","background-type":"","background-media":"","overlay-type":"","overlay-color":"","overlay-opacity":"","overlay-gradient":""},"tablet":{"background-color":"var(--ast-global-color-5)","background-image":"","background-repeat":"repeat","background-position":"center center","background-size":"auto","background-attachment":"scroll","background-type":"","background-media":"","overlay-type":"","overlay-color":"","overlay-opacity":"","overlay-gradient":""},"mobile":{"background-color":"var(--ast-global-color-5)","background-image":"","background-repeat":"repeat","background-position":"center center","background-size":"auto","background-attachment":"scroll","background-type":"","background-media":"","overlay-type":"","overlay-color":"","overlay-opacity":"","overlay-gradient":""}}},"product_brand":[],"product_cat":[52,179,85,172],"product_tag":[364,362,363,74,361,365,14383,14382],"class_list":{"0":"post-518","1":"product","2":"type-product","3":"status-publish","4":"has-post-thumbnail","6":"product_cat-20th-century","7":"product_cat-gemaelde","8":"product_cat-schweizerisch","9":"product_cat-werner-hunziker","10":"product_tag-art","11":"product_tag-gemalde","12":"product_tag-kunst","13":"product_tag-painting","14":"product_tag-peintures","15":"product_tag-pittura","16":"product_tag-sehr-gross","17":"product_tag-speditionsversand","18":"desktop-align-center","19":"tablet-align-left","20":"mobile-align-left","22":"first","23":"instock","24":"taxable","25":"shipping-taxable","26":"product-type-simple"},"_links":{"self":[{"href":"https:\/\/collection.galerie-gerdes.com\/lv\/wp-json\/wp\/v2\/product\/518","targetHints":{"allow":["GET"]}}],"collection":[{"href":"https:\/\/collection.galerie-gerdes.com\/lv\/wp-json\/wp\/v2\/product"}],"about":[{"href":"https:\/\/collection.galerie-gerdes.com\/lv\/wp-json\/wp\/v2\/types\/product"}],"wp:featuredmedia":[{"embeddable":true,"href":"https:\/\/collection.galerie-gerdes.com\/lv\/wp-json\/wp\/v2\/media\/519"}],"wp:attachment":[{"href":"https:\/\/collection.galerie-gerdes.com\/lv\/wp-json\/wp\/v2\/media?parent=518"}],"wp:term":[{"taxonomy":"product_brand","embeddable":true,"href":"https:\/\/collection.galerie-gerdes.com\/lv\/wp-json\/wp\/v2\/product_brand?post=518"},{"taxonomy":"product_cat","embeddable":true,"href":"https:\/\/collection.galerie-gerdes.com\/lv\/wp-json\/wp\/v2\/product_cat?post=518"},{"taxonomy":"product_tag","embeddable":true,"href":"https:\/\/collection.galerie-gerdes.com\/lv\/wp-json\/wp\/v2\/product_tag?post=518"}],"curies":[{"name":"wp","href":"https:\/\/api.w.org\/{rel}","templated":true}]}}