{"id":7189,"date":"2024-05-20T12:06:30","date_gmt":"2024-05-20T10:06:30","guid":{"rendered":"https:\/\/collection.galerie-gerdes.com\/?post_type=product&#038;p=7189"},"modified":"2024-06-13T14:06:54","modified_gmt":"2024-06-13T12:06:54","slug":"franzoesische-landschaft-impressionistisches-gemaelde-von-samuel-frere","status":"publish","type":"product","link":"https:\/\/collection.galerie-gerdes.com\/lv\/p\/franzoesische-landschaft-impressionistisches-gemaelde-von-samuel-frere\/","title":{"rendered":"Franz\u00f6sische Landschaft | Impressionistisches Gem\u00e4lde von Samuel Fr\u00e8re"},"content":{"rendered":"<p>Samuel Fr\u00e8re (1845-1931) war ein vielseitig begabter K\u00fcnstler und Intellektueller. Er machte sich sowohl als Schriftsteller als auch als Maler einen Namen, wobei er insbesondere f\u00fcr seine Landschaftsmalereien bekannt war.<\/p>\n<p>In seiner Karriere spielte Samuel Fr\u00e8re eine bedeutende Rolle in der k\u00fcnstlerischen Gemeinschaft seiner Heimatregion. Er war Vorsitzender der Soci\u00e9t\u00e9 artistique de Normandie, einer Gesellschaft, die sich der F\u00f6rderung der K\u00fcnste widmete. Dar\u00fcber hinaus war er Mitglied der Acad\u00e9mie des sciences, belles-lettres et arts de Rouen, einer angesehenen Institution, die sich den Wissenschaften, sch\u00f6nen K\u00fcnsten und Literatur verschrieben hat.<\/p>\n<p>Neben seinen k\u00fcnstlerischen T\u00e4tigkeiten engagierte sich Fr\u00e8re auch als Musikkritiker f\u00fcr das \u201eJournal de Rouen\u201c, eine bekannte Zeitung in Rouen. In dieser Rolle trug er zur musikalischen Diskussion und Kritik in der Region bei.<\/p>\n<p>Samuel Fr\u00e8re wurde in eine kunst- und kulturbewusste Familie geboren. Sein Vater, \u00c9douard Fr\u00e8re (1797-1874), und sein Bruder, Henri Fr\u00e8re (1836-1903), waren ebenfalls k\u00fcnstlerisch t\u00e4tig. Die k\u00fcnstlerische Tradition und das kulturelle Erbe seiner Familie pr\u00e4gten sicherlich seinen Werdegang und seine vielf\u00e4ltigen Interessen.<\/p>\n<p>Sein Leben und Werk hinterlie\u00dfen einen bleibenden Eindruck in der k\u00fcnstlerischen und kulturellen Landschaft der Normandie und dar\u00fcber hinaus.<\/p>\n","protected":false},"excerpt":{"rendered":"<p class=\"p1\">Samuel Fr\u00e8re (1845-1931)<br \/>\nUngerahmt<\/p>\n","protected":false},"featured_media":7190,"template":"","meta":{"site-sidebar-layout":"default","site-content-layout":"","ast-site-content-layout":"default","site-content-style":"default","site-sidebar-style":"default","ast-global-header-display":"","ast-banner-title-visibility":"","ast-main-header-display":"","ast-hfb-above-header-display":"","ast-hfb-below-header-display":"","ast-hfb-mobile-header-display":"","site-post-title":"","ast-breadcrumbs-content":"","ast-featured-img":"","footer-sml-layout":"","ast-disable-related-posts":"","theme-transparent-header-meta":"default","adv-header-id-meta":"","stick-header-meta":"","header-above-stick-meta":"","header-main-stick-meta":"","header-below-stick-meta":"","astra-migrate-meta-layouts":"set","ast-page-background-enabled":"default","ast-page-background-meta":{"desktop":{"background-color":"var(--ast-global-color-4)","background-image":"","background-repeat":"repeat","background-position":"center center","background-size":"auto","background-attachment":"scroll","background-type":"","background-media":"","overlay-type":"","overlay-color":"","overlay-opacity":"","overlay-gradient":""},"tablet":{"background-color":"","background-image":"","background-repeat":"repeat","background-position":"center center","background-size":"auto","background-attachment":"scroll","background-type":"","background-media":"","overlay-type":"","overlay-color":"","overlay-opacity":"","overlay-gradient":""},"mobile":{"background-color":"","background-image":"","background-repeat":"repeat","background-position":"center center","background-size":"auto","background-attachment":"scroll","background-type":"","background-media":"","overlay-type":"","overlay-color":"","overlay-opacity":"","overlay-gradient":""}},"ast-content-background-meta":{"desktop":{"background-color":"var(--ast-global-color-5)","background-image":"","background-repeat":"repeat","background-position":"center center","background-size":"auto","background-attachment":"scroll","background-type":"","background-media":"","overlay-type":"","overlay-color":"","overlay-opacity":"","overlay-gradient":""},"tablet":{"background-color":"var(--ast-global-color-5)","background-image":"","background-repeat":"repeat","background-position":"center center","background-size":"auto","background-attachment":"scroll","background-type":"","background-media":"","overlay-type":"","overlay-color":"","overlay-opacity":"","overlay-gradient":""},"mobile":{"background-color":"var(--ast-global-color-5)","background-image":"","background-repeat":"repeat","background-position":"center center","background-size":"auto","background-attachment":"scroll","background-type":"","background-media":"","overlay-type":"","overlay-color":"","overlay-opacity":"","overlay-gradient":""}}},"product_brand":[],"product_cat":[52,65,179,409,267,400],"product_tag":[],"class_list":{"0":"post-7189","1":"product","2":"type-product","3":"status-publish","4":"has-post-thumbnail","6":"product_cat-20th-century","7":"product_cat-franzoesisch","8":"product_cat-gemaelde","9":"product_cat-landschaft","10":"product_cat-oelgemaelde","11":"product_cat-samuel-frere","12":"desktop-align-center","13":"tablet-align-left","14":"mobile-align-left","16":"first","17":"instock","18":"taxable","19":"shipping-taxable","20":"product-type-simple"},"_links":{"self":[{"href":"https:\/\/collection.galerie-gerdes.com\/lv\/wp-json\/wp\/v2\/product\/7189","targetHints":{"allow":["GET"]}}],"collection":[{"href":"https:\/\/collection.galerie-gerdes.com\/lv\/wp-json\/wp\/v2\/product"}],"about":[{"href":"https:\/\/collection.galerie-gerdes.com\/lv\/wp-json\/wp\/v2\/types\/product"}],"wp:featuredmedia":[{"embeddable":true,"href":"https:\/\/collection.galerie-gerdes.com\/lv\/wp-json\/wp\/v2\/media\/7190"}],"wp:attachment":[{"href":"https:\/\/collection.galerie-gerdes.com\/lv\/wp-json\/wp\/v2\/media?parent=7189"}],"wp:term":[{"taxonomy":"product_brand","embeddable":true,"href":"https:\/\/collection.galerie-gerdes.com\/lv\/wp-json\/wp\/v2\/product_brand?post=7189"},{"taxonomy":"product_cat","embeddable":true,"href":"https:\/\/collection.galerie-gerdes.com\/lv\/wp-json\/wp\/v2\/product_cat?post=7189"},{"taxonomy":"product_tag","embeddable":true,"href":"https:\/\/collection.galerie-gerdes.com\/lv\/wp-json\/wp\/v2\/product_tag?post=7189"}],"curies":[{"name":"wp","href":"https:\/\/api.w.org\/{rel}","templated":true}]}}