{"id":225242,"date":"2024-08-23T22:20:02","date_gmt":"2024-08-23T20:20:02","guid":{"rendered":"https:\/\/www.collection.galerie-gerdes.com\/?post_type=product&#038;p=225242"},"modified":"2024-09-03T20:43:47","modified_gmt":"2024-09-03T18:43:47","slug":"familie-zu-tisch-tuschezeichnung-von-richard-gutschmidt-meggendorfer-blaetter","status":"publish","type":"product","link":"https:\/\/collection.galerie-gerdes.com\/nl\/p\/familie-zu-tisch-tuschezeichnung-von-richard-gutschmidt-meggendorfer-blaetter\/","title":{"rendered":"Familie zu Tisch | Tuschezeichnung von Richard Gutschmidt | Meggendorfer-Bl\u00e4tter"},"content":{"rendered":"<p>Richard Gutschmidt (* 11. Mai 1861 in Neuruppin; \u2020 3. Februar 1926 in M\u00fcnchen) war ein deutscher Maler, Buchillustrator und Grafiker, der besonders durch seine Illustrationen international bekannt wurde.<\/p>\n<p>Von 1884 bis 1891 studierte Gutschmidt an der Akademie der Bildenden K\u00fcnste M\u00fcnchen unter den Professoren Herterich und L\u00f6fftz. Sein k\u00fcnstlerisches Wirken erstreckte sich \u00fcber M\u00fcnchen, Berlin und die Mark Brandenburg, wo er als Maler t\u00e4tig war. Zun\u00e4chst war er Mitglied der M\u00fcnchner K\u00fcnstlergenossenschaft, wechselte sp\u00e4ter jedoch zur Luitpold-Gruppe, die f\u00fcr eine neue Generation von K\u00fcnstlern stand.<\/p>\n<p>Gutschmidt erlangte besondere Bekanntheit als erster deutscher Illustrator der Sherlock-Holmes-Geschichten im Jahr 1902, was ihm eine breite Anerkennung einbrachte. Neben seiner Arbeit als Illustrator nahm er 1905 am Preisausschreiben um Reklameentw\u00fcrfe f\u00fcr die Gemeinschaftswerbung von Ludwig Stollwerck und Otto Henkell teil. Sein Entwurf wurde von der Jury f\u00fcr 200 Mark angekauft.<\/p>\n","protected":false},"excerpt":{"rendered":"<p>Richard Gutschmidt (1861-1926)<\/p>\n","protected":false},"featured_media":225524,"template":"","meta":{"site-sidebar-layout":"default","site-content-layout":"","ast-site-content-layout":"default","site-content-style":"default","site-sidebar-style":"default","ast-global-header-display":"","ast-banner-title-visibility":"","ast-main-header-display":"","ast-hfb-above-header-display":"","ast-hfb-below-header-display":"","ast-hfb-mobile-header-display":"","site-post-title":"","ast-breadcrumbs-content":"","ast-featured-img":"","footer-sml-layout":"","ast-disable-related-posts":"","theme-transparent-header-meta":"default","adv-header-id-meta":"","stick-header-meta":"","header-above-stick-meta":"","header-main-stick-meta":"","header-below-stick-meta":"","astra-migrate-meta-layouts":"set","ast-page-background-enabled":"default","ast-page-background-meta":{"desktop":{"background-color":"var(--ast-global-color-4)","background-image":"","background-repeat":"repeat","background-position":"center center","background-size":"auto","background-attachment":"scroll","background-type":"","background-media":"","overlay-type":"","overlay-color":"","overlay-opacity":"","overlay-gradient":""},"tablet":{"background-color":"","background-image":"","background-repeat":"repeat","background-position":"center center","background-size":"auto","background-attachment":"scroll","background-type":"","background-media":"","overlay-type":"","overlay-color":"","overlay-opacity":"","overlay-gradient":""},"mobile":{"background-color":"","background-image":"","background-repeat":"repeat","background-position":"center center","background-size":"auto","background-attachment":"scroll","background-type":"","background-media":"","overlay-type":"","overlay-color":"","overlay-opacity":"","overlay-gradient":""}},"ast-content-background-meta":{"desktop":{"background-color":"var(--ast-global-color-5)","background-image":"","background-repeat":"repeat","background-position":"center center","background-size":"auto","background-attachment":"scroll","background-type":"","background-media":"","overlay-type":"","overlay-color":"","overlay-opacity":"","overlay-gradient":""},"tablet":{"background-color":"var(--ast-global-color-5)","background-image":"","background-repeat":"repeat","background-position":"center center","background-size":"auto","background-attachment":"scroll","background-type":"","background-media":"","overlay-type":"","overlay-color":"","overlay-opacity":"","overlay-gradient":""},"mobile":{"background-color":"var(--ast-global-color-5)","background-image":"","background-repeat":"repeat","background-position":"center center","background-size":"auto","background-attachment":"scroll","background-type":"","background-media":"","overlay-type":"","overlay-color":"","overlay-opacity":"","overlay-gradient":""}}},"product_brand":[],"product_cat":[53,25,424,14347],"product_tag":[],"class_list":{"0":"post-225242","1":"product","2":"type-product","3":"status-publish","4":"has-post-thumbnail","6":"product_cat-19th-century","7":"product_cat-deutsch","8":"product_cat-karikaturen","9":"product_cat-richard-gutschmidt","10":"desktop-align-center","11":"tablet-align-left","12":"mobile-align-left","14":"first","15":"instock","16":"taxable","17":"shipping-taxable","18":"product-type-simple"},"_links":{"self":[{"href":"https:\/\/collection.galerie-gerdes.com\/nl\/wp-json\/wp\/v2\/product\/225242","targetHints":{"allow":["GET"]}}],"collection":[{"href":"https:\/\/collection.galerie-gerdes.com\/nl\/wp-json\/wp\/v2\/product"}],"about":[{"href":"https:\/\/collection.galerie-gerdes.com\/nl\/wp-json\/wp\/v2\/types\/product"}],"wp:featuredmedia":[{"embeddable":true,"href":"https:\/\/collection.galerie-gerdes.com\/nl\/wp-json\/wp\/v2\/media\/225524"}],"wp:attachment":[{"href":"https:\/\/collection.galerie-gerdes.com\/nl\/wp-json\/wp\/v2\/media?parent=225242"}],"wp:term":[{"taxonomy":"product_brand","embeddable":true,"href":"https:\/\/collection.galerie-gerdes.com\/nl\/wp-json\/wp\/v2\/product_brand?post=225242"},{"taxonomy":"product_cat","embeddable":true,"href":"https:\/\/collection.galerie-gerdes.com\/nl\/wp-json\/wp\/v2\/product_cat?post=225242"},{"taxonomy":"product_tag","embeddable":true,"href":"https:\/\/collection.galerie-gerdes.com\/nl\/wp-json\/wp\/v2\/product_tag?post=225242"}],"curies":[{"name":"wp","href":"https:\/\/api.w.org\/{rel}","templated":true}]}}