{"id":236284,"date":"2024-09-10T08:39:30","date_gmt":"2024-09-10T06:39:30","guid":{"rendered":"https:\/\/www.collection.galerie-gerdes.com\/?post_type=product&#038;p=236284"},"modified":"2024-09-25T15:10:39","modified_gmt":"2024-09-25T13:10:39","slug":"konvolut-mehrerer-entwuerfe-zeichnungen-von-josef-v-fuehrich-attr","status":"publish","type":"product","link":"https:\/\/collection.galerie-gerdes.com\/nl\/p\/konvolut-mehrerer-entwuerfe-zeichnungen-von-josef-v-fuehrich-attr\/","title":{"rendered":"Konvolut mehrerer Entw\u00fcrfe | Zeichnungen von Josef v. Fu\u0308hrich (attr.)"},"content":{"rendered":"<p>Joseph Ritter von F\u00fchrich (* 9. Februar 1800 in Kratzau; \u2020 13. M\u00e4rz 1876 in Wien) war ein b\u00f6hmisch-\u00f6sterreichischer Maler und bedeutender Vertreter der Nazarener, einer religi\u00f6sen K\u00fcnstlerbewegung. Er war bekannt f\u00fcr seine religi\u00f6sen und historischen Werke, die ihn europaweit ber\u00fchmt machten.<\/p>\n<p>Als Sohn des Malers Wenzel F\u00fchrich erhielt er seine ersten k\u00fcnstlerischen Unterweisungen von seinem Vater. Nach autodidaktischen Studien erlangte er mit einer Ausstellung in Prag 1819 Aufmerksamkeit und erhielt ein Stipendium f\u00fcr die Kunstakademie Prag. Sp\u00e4ter f\u00f6rderte ihn F\u00fcrst Metternich, der ihm eine Studienreise nach Rom erm\u00f6glichte. Dort wurde F\u00fchrich von den Nazarenern, insbesondere Friedrich Overbeck, beeinflusst und widmete sich fortan fast ausschlie\u00dflich religi\u00f6sen Motiven, was ihm den Beinamen &#8220;Der Theologe mit dem Stifte&#8221; einbrachte.<\/p>\n<p>Nach seiner R\u00fcckkehr nach Wien 1834 wirkte er als Kustos der Gr\u00e4flich Lambergschen Gem\u00e4ldegalerie und erhielt einen Lehrstuhl f\u00fcr geschichtliche Komposition an der Kunstakademie Wien. Er schuf zahlreiche monumentale Werke, darunter Kirchenfresken und Kreuzwegstationen, die sich als Kupferstiche weit verbreiteten. Sein Werk und seine Lehren hatten einen gro\u00dfen Einfluss auf eine Generation von K\u00fcnstlern, zu seinen Sch\u00fclern geh\u00f6rten u. a. Franz Josef Dobiaschofsky und Edmund von W\u00f6rndle.<\/p>\n<p>F\u00fchrich wurde 1861 von Kaiser Franz Joseph I. in den Ritterstand erhoben und war bis zu seinem Lebensende k\u00fcnstlerisch t\u00e4tig. 1876 starb er in Wien und wurde auf dem Grinzinger Friedhof beigesetzt.<\/p>\n","protected":false},"excerpt":{"rendered":"<p>Joseph von F\u00fchrich (1800 &#8211; 1876)<\/p>\n","protected":false},"featured_media":237518,"template":"","meta":{"site-sidebar-layout":"default","site-content-layout":"","ast-site-content-layout":"default","site-content-style":"default","site-sidebar-style":"default","ast-global-header-display":"","ast-banner-title-visibility":"","ast-main-header-display":"","ast-hfb-above-header-display":"","ast-hfb-below-header-display":"","ast-hfb-mobile-header-display":"","site-post-title":"","ast-breadcrumbs-content":"","ast-featured-img":"","footer-sml-layout":"","ast-disable-related-posts":"","theme-transparent-header-meta":"default","adv-header-id-meta":"","stick-header-meta":"","header-above-stick-meta":"","header-main-stick-meta":"","header-below-stick-meta":"","astra-migrate-meta-layouts":"set","ast-page-background-enabled":"default","ast-page-background-meta":{"desktop":{"background-color":"var(--ast-global-color-4)","background-image":"","background-repeat":"repeat","background-position":"center center","background-size":"auto","background-attachment":"scroll","background-type":"","background-media":"","overlay-type":"","overlay-color":"","overlay-opacity":"","overlay-gradient":""},"tablet":{"background-color":"","background-image":"","background-repeat":"repeat","background-position":"center center","background-size":"auto","background-attachment":"scroll","background-type":"","background-media":"","overlay-type":"","overlay-color":"","overlay-opacity":"","overlay-gradient":""},"mobile":{"background-color":"","background-image":"","background-repeat":"repeat","background-position":"center center","background-size":"auto","background-attachment":"scroll","background-type":"","background-media":"","overlay-type":"","overlay-color":"","overlay-opacity":"","overlay-gradient":""}},"ast-content-background-meta":{"desktop":{"background-color":"var(--ast-global-color-5)","background-image":"","background-repeat":"repeat","background-position":"center center","background-size":"auto","background-attachment":"scroll","background-type":"","background-media":"","overlay-type":"","overlay-color":"","overlay-opacity":"","overlay-gradient":""},"tablet":{"background-color":"var(--ast-global-color-5)","background-image":"","background-repeat":"repeat","background-position":"center center","background-size":"auto","background-attachment":"scroll","background-type":"","background-media":"","overlay-type":"","overlay-color":"","overlay-opacity":"","overlay-gradient":""},"mobile":{"background-color":"var(--ast-global-color-5)","background-image":"","background-repeat":"repeat","background-position":"center center","background-size":"auto","background-attachment":"scroll","background-type":"","background-media":"","overlay-type":"","overlay-color":"","overlay-opacity":"","overlay-gradient":""}}},"product_brand":[],"product_cat":[14374],"product_tag":[],"class_list":{"0":"post-236284","1":"product","2":"type-product","3":"status-publish","4":"has-post-thumbnail","6":"product_cat-joseph-von-fuehrich","7":"desktop-align-center","8":"tablet-align-left","9":"mobile-align-left","11":"first","12":"instock","13":"taxable","14":"shipping-taxable","15":"product-type-simple"},"_links":{"self":[{"href":"https:\/\/collection.galerie-gerdes.com\/nl\/wp-json\/wp\/v2\/product\/236284","targetHints":{"allow":["GET"]}}],"collection":[{"href":"https:\/\/collection.galerie-gerdes.com\/nl\/wp-json\/wp\/v2\/product"}],"about":[{"href":"https:\/\/collection.galerie-gerdes.com\/nl\/wp-json\/wp\/v2\/types\/product"}],"wp:featuredmedia":[{"embeddable":true,"href":"https:\/\/collection.galerie-gerdes.com\/nl\/wp-json\/wp\/v2\/media\/237518"}],"wp:attachment":[{"href":"https:\/\/collection.galerie-gerdes.com\/nl\/wp-json\/wp\/v2\/media?parent=236284"}],"wp:term":[{"taxonomy":"product_brand","embeddable":true,"href":"https:\/\/collection.galerie-gerdes.com\/nl\/wp-json\/wp\/v2\/product_brand?post=236284"},{"taxonomy":"product_cat","embeddable":true,"href":"https:\/\/collection.galerie-gerdes.com\/nl\/wp-json\/wp\/v2\/product_cat?post=236284"},{"taxonomy":"product_tag","embeddable":true,"href":"https:\/\/collection.galerie-gerdes.com\/nl\/wp-json\/wp\/v2\/product_tag?post=236284"}],"curies":[{"name":"wp","href":"https:\/\/api.w.org\/{rel}","templated":true}]}}