{"id":300689,"date":"2024-12-29T23:20:34","date_gmt":"2024-12-29T22:20:34","guid":{"rendered":"https:\/\/www.collection.galerie-gerdes.com\/?post_type=product&#038;p=300689"},"modified":"2025-01-06T22:05:14","modified_gmt":"2025-01-06T21:05:14","slug":"aus-der-guten-alten-zeit-federzeichnung-von-wohl-august-deusser-soldaten-karikatur","status":"publish","type":"product","link":"https:\/\/collection.galerie-gerdes.com\/nl\/p\/aus-der-guten-alten-zeit-federzeichnung-von-wohl-august-deusser-soldaten-karikatur\/","title":{"rendered":"&#8220;Aus der guten alten Zeit&#8221; | Federzeichnung von (wohl) August Deusser | Soldaten-Karikatur"},"content":{"rendered":"<p>August Deusser (*15. Februar 1870 in K\u00f6ln; \u202028. Oktober 1942 in Konstanz) war ein deutscher Maler und Professor f\u00fcr Malerei an der Kunstakademie D\u00fcsseldorf.<\/p>\n<p>Deusser studierte von 1892 bis 1897 Malerei an der Kunstakademie D\u00fcsseldorf, zuletzt als Meistersch\u00fcler von Peter Janssen dem \u00c4lteren. Zun\u00e4chst widmete er sich der Genre- und Historienmalerei und thematisierte unter anderem Szenen aus dem b\u00e4uerlichen Leben sowie Motive aus den Werken William Shakespeares. Um die Jahrhundertwende f\u00fchrte er als Gewinner eines Wettbewerbs das Historienbild Am Abend der Schlacht von Cleverham f\u00fcr den Sitzungssaal des Kreishauses in Kleve aus.<\/p>\n<p>Unter dem Einfluss von Max Liebermann und Wilhelm Tr\u00fcbner wandte sich Deusser schlie\u00dflich dem Impressionismus zu, womit er zu den ersten K\u00fcnstlern der D\u00fcsseldorfer Schule geh\u00f6rte, die diese Stilrichtung aufgriffen. Auf dem \u00dcbungsgel\u00e4nde des K\u00fcrassier-Regiments \u201eGraf Gessler\u201c (Rheinisches) Nr. 8 in Deutz studierte er die Bewegung von Pferden und schuf eine Serie von Gem\u00e4lden berittener Truppen in einem neuen, impressionistischen Malstil. Obwohl diese stilistische Neuorientierung zun\u00e4chst von der D\u00fcsseldorfer Kunstkritik abgelehnt wurde, konnte Deusser seine Pferdebilder 1908 erfolgreich in der Kunsthalle D\u00fcsseldorf ausstellen. Die Zeitschrift Die Rheinlande sowie der Kunstkritiker Wilhelm Sch\u00e4fer machten ihn in der Folge als zentrale Figur der sogenannten \u201eD\u00fcsseldorfer Moderne\u201c bekannt.<\/p>\n<p>Zusammen mit Max Clarenbach gr\u00fcndete Deusser 1909 den Sonderbund, einen K\u00fcnstlerbund, der ma\u00dfgeblich vom franz\u00f6sischen Impressionismus inspiriert war. Mit internationalen Ausstellungen in D\u00fcsseldorf (1909\u20131911) und K\u00f6ln (1912) verhalf der Sonderbund der modernen Kunst im Rheinland zum Durchbruch.<\/p>\n<p>1912 zog Deusser nach Wiesbaden, kehrte jedoch 1917 als Professor an die Kunstakademie D\u00fcsseldorf zur\u00fcck. 1932 gab er seine k\u00fcnstlerische T\u00e4tigkeit auf.<\/p>\n<p>1937 wurden in der nationalsozialistischen Aktion \u201eEntartete Kunst\u201c mindestens drei seiner Tafelbilder aus \u00f6ffentlichen Sammlungen beschlagnahmt.<\/p>\n<p>Deussers Nachlass wird seit 1972 von der Antonie-Deusser-Stiftung im schweizerischen Schloss Zurzach verwaltet. In Monheim am Rhein erinnert das Deusser-Haus des Heimatbundes Monheim e. V. an seine dortigen Lebensjahre.<\/p>\n","protected":false},"excerpt":{"rendered":"<p>wohl August Deusser 1870 Cologne &#8211; 1942<br \/>\nPapier hat Risse<\/p>\n","protected":false},"featured_media":302924,"template":"","meta":{"site-sidebar-layout":"default","site-content-layout":"","ast-site-content-layout":"default","site-content-style":"default","site-sidebar-style":"default","ast-global-header-display":"","ast-banner-title-visibility":"","ast-main-header-display":"","ast-hfb-above-header-display":"","ast-hfb-below-header-display":"","ast-hfb-mobile-header-display":"","site-post-title":"","ast-breadcrumbs-content":"","ast-featured-img":"","footer-sml-layout":"","ast-disable-related-posts":"","theme-transparent-header-meta":"default","adv-header-id-meta":"","stick-header-meta":"","header-above-stick-meta":"","header-main-stick-meta":"","header-below-stick-meta":"","astra-migrate-meta-layouts":"set","ast-page-background-enabled":"default","ast-page-background-meta":{"desktop":{"background-color":"var(--ast-global-color-4)","background-image":"","background-repeat":"repeat","background-position":"center center","background-size":"auto","background-attachment":"scroll","background-type":"","background-media":"","overlay-type":"","overlay-color":"","overlay-opacity":"","overlay-gradient":""},"tablet":{"background-color":"","background-image":"","background-repeat":"repeat","background-position":"center center","background-size":"auto","background-attachment":"scroll","background-type":"","background-media":"","overlay-type":"","overlay-color":"","overlay-opacity":"","overlay-gradient":""},"mobile":{"background-color":"","background-image":"","background-repeat":"repeat","background-position":"center center","background-size":"auto","background-attachment":"scroll","background-type":"","background-media":"","overlay-type":"","overlay-color":"","overlay-opacity":"","overlay-gradient":""}},"ast-content-background-meta":{"desktop":{"background-color":"var(--ast-global-color-5)","background-image":"","background-repeat":"repeat","background-position":"center center","background-size":"auto","background-attachment":"scroll","background-type":"","background-media":"","overlay-type":"","overlay-color":"","overlay-opacity":"","overlay-gradient":""},"tablet":{"background-color":"var(--ast-global-color-5)","background-image":"","background-repeat":"repeat","background-position":"center center","background-size":"auto","background-attachment":"scroll","background-type":"","background-media":"","overlay-type":"","overlay-color":"","overlay-opacity":"","overlay-gradient":""},"mobile":{"background-color":"var(--ast-global-color-5)","background-image":"","background-repeat":"repeat","background-position":"center center","background-size":"auto","background-attachment":"scroll","background-type":"","background-media":"","overlay-type":"","overlay-color":"","overlay-opacity":"","overlay-gradient":""}}},"product_brand":[],"product_cat":[14728],"product_tag":[],"class_list":{"0":"post-300689","1":"product","2":"type-product","3":"status-publish","4":"has-post-thumbnail","6":"product_cat-august-deusser","7":"desktop-align-center","8":"tablet-align-left","9":"mobile-align-left","11":"first","12":"instock","13":"taxable","14":"shipping-taxable","15":"product-type-simple"},"_links":{"self":[{"href":"https:\/\/collection.galerie-gerdes.com\/nl\/wp-json\/wp\/v2\/product\/300689","targetHints":{"allow":["GET"]}}],"collection":[{"href":"https:\/\/collection.galerie-gerdes.com\/nl\/wp-json\/wp\/v2\/product"}],"about":[{"href":"https:\/\/collection.galerie-gerdes.com\/nl\/wp-json\/wp\/v2\/types\/product"}],"wp:featuredmedia":[{"embeddable":true,"href":"https:\/\/collection.galerie-gerdes.com\/nl\/wp-json\/wp\/v2\/media\/302924"}],"wp:attachment":[{"href":"https:\/\/collection.galerie-gerdes.com\/nl\/wp-json\/wp\/v2\/media?parent=300689"}],"wp:term":[{"taxonomy":"product_brand","embeddable":true,"href":"https:\/\/collection.galerie-gerdes.com\/nl\/wp-json\/wp\/v2\/product_brand?post=300689"},{"taxonomy":"product_cat","embeddable":true,"href":"https:\/\/collection.galerie-gerdes.com\/nl\/wp-json\/wp\/v2\/product_cat?post=300689"},{"taxonomy":"product_tag","embeddable":true,"href":"https:\/\/collection.galerie-gerdes.com\/nl\/wp-json\/wp\/v2\/product_tag?post=300689"}],"curies":[{"name":"wp","href":"https:\/\/api.w.org\/{rel}","templated":true}]}}