{"id":309053,"date":"2023-12-16T22:46:00","date_gmt":"2023-12-16T21:46:00","guid":{"rendered":"https:\/\/collection.galerie-gerdes.com\/produkt\/dorpsmuziek-tekening-adolf-muenzer-man-met-tuba\/"},"modified":"2023-12-16T22:46:00","modified_gmt":"2023-12-16T21:46:00","slug":"dorpsmuziek-tekening-adolf-muenzer-man-met-tuba","status":"publish","type":"product","link":"https:\/\/collection.galerie-gerdes.com\/nl\/p\/dorpsmuziek-tekening-adolf-muenzer-man-met-tuba\/","title":{"rendered":"&#8220;Dorpsmuziek&#8221;, tekening, Adolf M\u00fcnzer, man met tuba"},"content":{"rendered":"<p>Geboren in Ple\u00df, Opper-Silezi\u00eb, bracht hij na de vroege dood van zijn vader in 1876 zijn jeugd door in Breslau, waar hij naar het Matthias-Gymnasium ging en in 1886 een opleiding begon bij de decoratieschilder Georg Heintze. Later vervolgde hij zijn opleiding aan de Kunstnijverheidsschool in Breslau en kreeg les van leraren als Heinrich Irmann, Paul Schobelt en Albrecht Br\u00e4uer.  <\/p>\n<p>In 1894 begon M\u00fcnzer zijn studie aan de Academie voor Schone Kunsten in M\u00fcnchen, waar hij les kreeg van beroemde kunstenaars als Karl Raupp en Otto Seitz. Tijdens zijn militaire dienst kwam hij terecht in de schilderklas van Paul Hoecker, die zich intensief richtte op het schilderen in de open lucht. M\u00fcnzer kreeg hier in 1896 zelfs zijn eigen meesteratelier.  <\/p>\n<p>In 1898 was hij een van de twee prijswinnaars in de eerste wedstrijd van Ludwig Stollwerck voor ontwerpen voor verzamelaarsplaatjes van Stollwerck, met een prijzengeld van 1000 mark. Vanaf 1899 stelde M\u00fcnzer zijn werk tentoon in het Glaspalast in M\u00fcnchen als lid van de kunstenaarsgroep Scholle. Dit leidde ook tot zijn samenwerking met het M\u00fcnchense weekblad &#8220;Jugend&#8221; en het satirische tijdschrift &#8220;Simplicissimus&#8221;.  <\/p>\n<p>Tijdens een verblijf in Parijs van 1900 tot 1902 consolideerde hij zijn artistieke ontwikkeling. In 1903 ontmoette hij Marie Therese Dree\u00dfen, n\u00e9e von Vestenhof, met wie hij een jaar na een spectaculair schandaal trouwde. Dit schandaal leidde tot de scheiding van mevrouw Dree\u00dfen en haar man.   <\/p>\n<p>In 1909 werd M\u00fcnzer hoofd van een schilderklas aan de Kunstacademie van D\u00fcsseldorf, waar hij tot 1932 lesgaf. In die tijd maakte hij ook muurschilderingen en plafondschilderingen voor het districtbestuur van D\u00fcsseldorf. Tijdens de Eerste Wereldoorlog diende hij als oorlogsschilder aan het front in 1915 en meldde zich vrijwillig in 1917, maar kwam niet in actie.  <\/p>\n<p>In 1938 verhuisde de familie M\u00fcnzer naar Holzhausen am Ammersee. M\u00fcnzers werken werden tentoongesteld in verschillende gerenommeerde musea en collecties, waaronder de Neue Pinakothek in M\u00fcnchen, het Wallraf-Richartz-Museum in Keulen, het St\u00e4dtisches Kunstmuseum D\u00fcsseldorf en de collectie van het Kunstverein Basel. <\/p>\n<p>Tussen 1938 en 1944 nam M\u00fcnzer actief deel aan de Grote Duitse Kunsttentoonstellingen die op initiatief van de nationaalsocialisten in het Haus der Deutschen Kunst in M\u00fcnchen werden gehouden en hij verkocht zelfs een werk aan Adolf Hitler. In 1950 exposeerde hij dertig schilderijen bij de kunstenaarsco\u00f6peratie in M\u00fcnchen. M\u00fcnzer stond op de erelijst van het Reichsministerium f\u00fcr Volksverlichtung und Propaganda in 1944.  <\/p>\n<p>M\u00fcnzers verhalende stijl kwam duidelijk naar voren in zijn grafiek, vooral in zijn sprookjesillustraties voor de uitgeverij Scholz in Mainz. Hij was ook lid van de Deutscher K\u00fcnstlerbund. <\/p>\n","protected":false},"excerpt":{"rendered":"<p>Adolf M\u00fcnzer (1870-1953)<br \/>\nOuderdomssporen, zie foto&#8217;s<\/p>\n","protected":false},"featured_media":7674,"template":"","meta":{"site-sidebar-layout":"default","site-content-layout":"","ast-site-content-layout":"default","site-content-style":"default","site-sidebar-style":"default","ast-global-header-display":"","ast-banner-title-visibility":"","ast-main-header-display":"","ast-hfb-above-header-display":"","ast-hfb-below-header-display":"","ast-hfb-mobile-header-display":"","site-post-title":"","ast-breadcrumbs-content":"","ast-featured-img":"","footer-sml-layout":"","ast-disable-related-posts":"","theme-transparent-header-meta":"default","adv-header-id-meta":"","stick-header-meta":"","header-above-stick-meta":"","header-main-stick-meta":"","header-below-stick-meta":"","astra-migrate-meta-layouts":"default","ast-page-background-enabled":"default","ast-page-background-meta":{"desktop":{"background-color":"var(--ast-global-color-4)","background-image":"","background-repeat":"repeat","background-position":"center center","background-size":"auto","background-attachment":"scroll","background-type":"","background-media":"","overlay-type":"","overlay-color":"","overlay-opacity":"","overlay-gradient":""},"tablet":{"background-color":"","background-image":"","background-repeat":"repeat","background-position":"center center","background-size":"auto","background-attachment":"scroll","background-type":"","background-media":"","overlay-type":"","overlay-color":"","overlay-opacity":"","overlay-gradient":""},"mobile":{"background-color":"","background-image":"","background-repeat":"repeat","background-position":"center center","background-size":"auto","background-attachment":"scroll","background-type":"","background-media":"","overlay-type":"","overlay-color":"","overlay-opacity":"","overlay-gradient":""}},"ast-content-background-meta":{"desktop":{"background-color":"var(--ast-global-color-5)","background-image":"","background-repeat":"repeat","background-position":"center center","background-size":"auto","background-attachment":"scroll","background-type":"","background-media":"","overlay-type":"","overlay-color":"","overlay-opacity":"","overlay-gradient":""},"tablet":{"background-color":"var(--ast-global-color-5)","background-image":"","background-repeat":"repeat","background-position":"center center","background-size":"auto","background-attachment":"scroll","background-type":"","background-media":"","overlay-type":"","overlay-color":"","overlay-opacity":"","overlay-gradient":""},"mobile":{"background-color":"var(--ast-global-color-5)","background-image":"","background-repeat":"repeat","background-position":"center center","background-size":"auto","background-attachment":"scroll","background-type":"","background-media":"","overlay-type":"","overlay-color":"","overlay-opacity":"","overlay-gradient":""}}},"product_brand":[],"product_cat":[711,569],"product_tag":[14897,1453,14898,1454,1455,1456,1457,1458,14899],"class_list":{"0":"post-309053","1":"product","2":"type-product","3":"status-publish","4":"has-post-thumbnail","6":"product_cat-german-nl","7":"product_cat-painting-nl","8":"product_tag-adolf-muenzer-nl","9":"product_tag-art-nl","10":"product_tag-duits","11":"product_tag-gemalde-nl","12":"product_tag-kunst-nl","13":"product_tag-painting-nl","14":"product_tag-peintures-nl","15":"product_tag-pittura-nl","16":"product_tag-tekening","17":"desktop-align-center","18":"tablet-align-left","19":"mobile-align-left","21":"first","22":"instock","23":"taxable","24":"shipping-taxable","25":"product-type-simple"},"_links":{"self":[{"href":"https:\/\/collection.galerie-gerdes.com\/nl\/wp-json\/wp\/v2\/product\/309053","targetHints":{"allow":["GET"]}}],"collection":[{"href":"https:\/\/collection.galerie-gerdes.com\/nl\/wp-json\/wp\/v2\/product"}],"about":[{"href":"https:\/\/collection.galerie-gerdes.com\/nl\/wp-json\/wp\/v2\/types\/product"}],"wp:featuredmedia":[{"embeddable":true,"href":"https:\/\/collection.galerie-gerdes.com\/nl\/wp-json\/wp\/v2\/media\/7674"}],"wp:attachment":[{"href":"https:\/\/collection.galerie-gerdes.com\/nl\/wp-json\/wp\/v2\/media?parent=309053"}],"wp:term":[{"taxonomy":"product_brand","embeddable":true,"href":"https:\/\/collection.galerie-gerdes.com\/nl\/wp-json\/wp\/v2\/product_brand?post=309053"},{"taxonomy":"product_cat","embeddable":true,"href":"https:\/\/collection.galerie-gerdes.com\/nl\/wp-json\/wp\/v2\/product_cat?post=309053"},{"taxonomy":"product_tag","embeddable":true,"href":"https:\/\/collection.galerie-gerdes.com\/nl\/wp-json\/wp\/v2\/product_tag?post=309053"}],"curies":[{"name":"wp","href":"https:\/\/api.w.org\/{rel}","templated":true}]}}