{"id":327303,"date":"2025-09-23T14:28:03","date_gmt":"2025-09-23T12:28:03","guid":{"rendered":"https:\/\/collection.galerie-gerdes.com\/?post_type=product&#038;p=327303"},"modified":"2025-09-23T14:28:04","modified_gmt":"2025-09-23T12:28:04","slug":"clown-mit-schmetterlingen-tusche-aquarell-von-irene-fischer-nagel-1938","status":"publish","type":"product","link":"https:\/\/collection.galerie-gerdes.com\/nl\/p\/clown-mit-schmetterlingen-tusche-aquarell-von-irene-fischer-nagel-1938\/","title":{"rendered":"Clown mit Schmetterlingen | Tusche-Aquarell von \u00a0Irene Fischer-Nagel (1938)"},"content":{"rendered":"<p>Irene Fischer-Nagel (*1938 in Heidelberg) ist eine deutsche Malerin, Grafikerin, Lyrikerin, Kinderkrankenschwester und Autorin. Sie ist die Tochter der K\u00fcnstlerin Johanna (Hanna) Nagel (1907\u20131975) und des Malers Hans Fischer, genannt Fischer-Schuppach (1906\u20131987).<\/p>\n<p>Nach einer Ausbildung zur Kinderkrankenschwester nahm sie ein Studium der Malerei und Grafik auf, das den Ausgangspunkt ihrer k\u00fcnstlerischen Laufbahn bildete. Neben ihrer eigenen Arbeit als Malerin und Grafikerin war sie als Dozentin an der Kunstakademie Karlsruhe t\u00e4tig.<\/p>\n<p>Fischer-Nagel ist Mitglied im Bundesverband Bildender K\u00fcnstlerinnen und K\u00fcnstler sowie in der K\u00fcnstlerinnenvereinigung GEDOK.<\/p>\n","protected":false},"excerpt":{"rendered":"<p>Irene Fischer-Nagel (1938)<\/p>\n","protected":false},"featured_media":327357,"template":"","meta":{"site-sidebar-layout":"default","site-content-layout":"","ast-site-content-layout":"default","site-content-style":"default","site-sidebar-style":"default","ast-global-header-display":"","ast-banner-title-visibility":"","ast-main-header-display":"","ast-hfb-above-header-display":"","ast-hfb-below-header-display":"","ast-hfb-mobile-header-display":"","site-post-title":"","ast-breadcrumbs-content":"","ast-featured-img":"","footer-sml-layout":"","ast-disable-related-posts":"","theme-transparent-header-meta":"default","adv-header-id-meta":"","stick-header-meta":"","header-above-stick-meta":"","header-main-stick-meta":"","header-below-stick-meta":"","astra-migrate-meta-layouts":"set","ast-page-background-enabled":"default","ast-page-background-meta":{"desktop":{"background-color":"var(--ast-global-color-4)","background-image":"","background-repeat":"repeat","background-position":"center center","background-size":"auto","background-attachment":"scroll","background-type":"","background-media":"","overlay-type":"","overlay-color":"","overlay-opacity":"","overlay-gradient":""},"tablet":{"background-color":"","background-image":"","background-repeat":"repeat","background-position":"center center","background-size":"auto","background-attachment":"scroll","background-type":"","background-media":"","overlay-type":"","overlay-color":"","overlay-opacity":"","overlay-gradient":""},"mobile":{"background-color":"","background-image":"","background-repeat":"repeat","background-position":"center center","background-size":"auto","background-attachment":"scroll","background-type":"","background-media":"","overlay-type":"","overlay-color":"","overlay-opacity":"","overlay-gradient":""}},"ast-content-background-meta":{"desktop":{"background-color":"var(--ast-global-color-5)","background-image":"","background-repeat":"repeat","background-position":"center center","background-size":"auto","background-attachment":"scroll","background-type":"","background-media":"","overlay-type":"","overlay-color":"","overlay-opacity":"","overlay-gradient":""},"tablet":{"background-color":"var(--ast-global-color-5)","background-image":"","background-repeat":"repeat","background-position":"center center","background-size":"auto","background-attachment":"scroll","background-type":"","background-media":"","overlay-type":"","overlay-color":"","overlay-opacity":"","overlay-gradient":""},"mobile":{"background-color":"var(--ast-global-color-5)","background-image":"","background-repeat":"repeat","background-position":"center center","background-size":"auto","background-attachment":"scroll","background-type":"","background-media":"","overlay-type":"","overlay-color":"","overlay-opacity":"","overlay-gradient":""}}},"product_brand":[],"product_cat":[15261],"product_tag":[],"class_list":{"0":"post-327303","1":"product","2":"type-product","3":"status-publish","4":"has-post-thumbnail","6":"product_cat-irene-fischer-nagel","7":"desktop-align-center","8":"tablet-align-left","9":"mobile-align-left","11":"first","12":"instock","13":"taxable","14":"shipping-taxable","15":"product-type-simple"},"_links":{"self":[{"href":"https:\/\/collection.galerie-gerdes.com\/nl\/wp-json\/wp\/v2\/product\/327303","targetHints":{"allow":["GET"]}}],"collection":[{"href":"https:\/\/collection.galerie-gerdes.com\/nl\/wp-json\/wp\/v2\/product"}],"about":[{"href":"https:\/\/collection.galerie-gerdes.com\/nl\/wp-json\/wp\/v2\/types\/product"}],"wp:featuredmedia":[{"embeddable":true,"href":"https:\/\/collection.galerie-gerdes.com\/nl\/wp-json\/wp\/v2\/media\/327357"}],"wp:attachment":[{"href":"https:\/\/collection.galerie-gerdes.com\/nl\/wp-json\/wp\/v2\/media?parent=327303"}],"wp:term":[{"taxonomy":"product_brand","embeddable":true,"href":"https:\/\/collection.galerie-gerdes.com\/nl\/wp-json\/wp\/v2\/product_brand?post=327303"},{"taxonomy":"product_cat","embeddable":true,"href":"https:\/\/collection.galerie-gerdes.com\/nl\/wp-json\/wp\/v2\/product_cat?post=327303"},{"taxonomy":"product_tag","embeddable":true,"href":"https:\/\/collection.galerie-gerdes.com\/nl\/wp-json\/wp\/v2\/product_tag?post=327303"}],"curies":[{"name":"wp","href":"https:\/\/api.w.org\/{rel}","templated":true}]}}