{"id":3400,"date":"2024-02-29T13:27:40","date_gmt":"2024-02-29T12:27:40","guid":{"rendered":"https:\/\/collection.galerie-gerdes.com\/?post_type=product&#038;p=3400"},"modified":"2024-05-22T10:10:05","modified_gmt":"2024-05-22T08:10:05","slug":"rosen-stillleben-gemaelde-von-louis-bonamici","status":"publish","type":"product","link":"https:\/\/collection.galerie-gerdes.com\/nl\/p\/rosen-stillleben-gemaelde-von-louis-bonamici\/","title":{"rendered":"Rosen-Stillleben, Gem\u00e4lde von Louis BONAMICI"},"content":{"rendered":"<p>Louis Jean Alfred Bonamici, bekannt als ein Maler der franz\u00f6sischen Riviera, wurde am 13. Januar 1878 in Livorno, Italien, geboren und verstarb am 12. M\u00e4rz 1966 in Frankreich. Er war der Sohn von Jean Bonamici und \u00c9g\u00e9rie Bertacchi. Schon in jungen Jahren hegte er eine Leidenschaft f\u00fcr die Malerei.<\/p>\n<p>In seinen Werken, sei es auf Tafeln oder Leinwand, hielt Bonamici Seest\u00fccke, Hafenansichten, Fischm\u00e4rkte, Flusslandschaften sowie Blumenarrangements fest. Auch l\u00e4ndliche Szenen und gelegentlich Dorfansichten finden sich in seinem Werk, stets eingefangen in dem von der Sonne durchfluteten Licht der Provence, wie es in seinen ber\u00fchmten Tartan-Gem\u00e4lden aus Martigues zu sehen ist.<\/p>\n<p>Bonamici pflegte die Technik der Messermalerei, \u00e4hnlich wie sein Zeitgenosse Louis Pastour, und gelegentlich griff er auch zur Aquarellmalerei. Einige Kunstkritiker betrachten ihn daher als einen entfernten Sch\u00fcler von Adolphe Monticelli.<\/p>\n","protected":false},"excerpt":{"rendered":"<p>Louis BONAMICI (1878-1966)<\/p>\n","protected":false},"featured_media":3456,"template":"","meta":{"site-sidebar-layout":"default","site-content-layout":"","ast-site-content-layout":"default","site-content-style":"default","site-sidebar-style":"default","ast-global-header-display":"","ast-banner-title-visibility":"","ast-main-header-display":"","ast-hfb-above-header-display":"","ast-hfb-below-header-display":"","ast-hfb-mobile-header-display":"","site-post-title":"","ast-breadcrumbs-content":"","ast-featured-img":"","footer-sml-layout":"","ast-disable-related-posts":"","theme-transparent-header-meta":"default","adv-header-id-meta":"","stick-header-meta":"","header-above-stick-meta":"","header-main-stick-meta":"","header-below-stick-meta":"","astra-migrate-meta-layouts":"set","ast-page-background-enabled":"default","ast-page-background-meta":{"desktop":{"background-color":"var(--ast-global-color-4)","background-image":"","background-repeat":"repeat","background-position":"center center","background-size":"auto","background-attachment":"scroll","background-type":"","background-media":"","overlay-type":"","overlay-color":"","overlay-opacity":"","overlay-gradient":""},"tablet":{"background-color":"","background-image":"","background-repeat":"repeat","background-position":"center center","background-size":"auto","background-attachment":"scroll","background-type":"","background-media":"","overlay-type":"","overlay-color":"","overlay-opacity":"","overlay-gradient":""},"mobile":{"background-color":"","background-image":"","background-repeat":"repeat","background-position":"center center","background-size":"auto","background-attachment":"scroll","background-type":"","background-media":"","overlay-type":"","overlay-color":"","overlay-opacity":"","overlay-gradient":""}},"ast-content-background-meta":{"desktop":{"background-color":"var(--ast-global-color-5)","background-image":"","background-repeat":"repeat","background-position":"center center","background-size":"auto","background-attachment":"scroll","background-type":"","background-media":"","overlay-type":"","overlay-color":"","overlay-opacity":"","overlay-gradient":""},"tablet":{"background-color":"var(--ast-global-color-5)","background-image":"","background-repeat":"repeat","background-position":"center center","background-size":"auto","background-attachment":"scroll","background-type":"","background-media":"","overlay-type":"","overlay-color":"","overlay-opacity":"","overlay-gradient":""},"mobile":{"background-color":"var(--ast-global-color-5)","background-image":"","background-repeat":"repeat","background-position":"center center","background-size":"auto","background-attachment":"scroll","background-type":"","background-media":"","overlay-type":"","overlay-color":"","overlay-opacity":"","overlay-gradient":""}}},"product_brand":[],"product_cat":[52,65,179,236,408],"product_tag":[364,362,363,74,361,365],"class_list":{"0":"post-3400","1":"product","2":"type-product","3":"status-publish","4":"has-post-thumbnail","6":"product_cat-20th-century","7":"product_cat-franzoesisch","8":"product_cat-gemaelde","9":"product_cat-louis-bonamici","10":"product_cat-stillleben","11":"product_tag-art","12":"product_tag-gemalde","13":"product_tag-kunst","14":"product_tag-painting","15":"product_tag-peintures","16":"product_tag-pittura","17":"desktop-align-center","18":"tablet-align-left","19":"mobile-align-left","21":"first","22":"instock","23":"taxable","24":"shipping-taxable","25":"product-type-simple"},"_links":{"self":[{"href":"https:\/\/collection.galerie-gerdes.com\/nl\/wp-json\/wp\/v2\/product\/3400","targetHints":{"allow":["GET"]}}],"collection":[{"href":"https:\/\/collection.galerie-gerdes.com\/nl\/wp-json\/wp\/v2\/product"}],"about":[{"href":"https:\/\/collection.galerie-gerdes.com\/nl\/wp-json\/wp\/v2\/types\/product"}],"wp:featuredmedia":[{"embeddable":true,"href":"https:\/\/collection.galerie-gerdes.com\/nl\/wp-json\/wp\/v2\/media\/3456"}],"wp:attachment":[{"href":"https:\/\/collection.galerie-gerdes.com\/nl\/wp-json\/wp\/v2\/media?parent=3400"}],"wp:term":[{"taxonomy":"product_brand","embeddable":true,"href":"https:\/\/collection.galerie-gerdes.com\/nl\/wp-json\/wp\/v2\/product_brand?post=3400"},{"taxonomy":"product_cat","embeddable":true,"href":"https:\/\/collection.galerie-gerdes.com\/nl\/wp-json\/wp\/v2\/product_cat?post=3400"},{"taxonomy":"product_tag","embeddable":true,"href":"https:\/\/collection.galerie-gerdes.com\/nl\/wp-json\/wp\/v2\/product_tag?post=3400"}],"curies":[{"name":"wp","href":"https:\/\/api.w.org\/{rel}","templated":true}]}}