{"id":5489,"date":"2024-04-21T12:33:25","date_gmt":"2024-04-21T10:33:25","guid":{"rendered":"https:\/\/collection.galerie-gerdes.com\/?post_type=product&#038;p=5489"},"modified":"2024-06-12T18:18:13","modified_gmt":"2024-06-12T16:18:13","slug":"piazza-santa-croce-a-firenze-gemalde-von-roberto-sgrilli","status":"publish","type":"product","link":"https:\/\/collection.galerie-gerdes.com\/nl\/p\/piazza-santa-croce-a-firenze-gemalde-von-roberto-sgrilli\/","title":{"rendered":"Piazza Santa Croce a Firenze, Gem\u00e4lde von Roberto SGRILLI"},"content":{"rendered":"<p>Roberto Sgrilli, geboren am 23. Oktober 1897 in Florenz und gestorben 1985, war ein italienischer K\u00fcnstler, der im Bereich der Comics, der Animation und der Malerei t\u00e4tig war.<\/p>\n<p>Nach seinem Studium an der Accademia di Belle Arti gab Sgrilli 1915 sein Deb\u00fct als Illustrator, arbeitete mit verschiedenen Verlagen zusammen und leistete Beitr\u00e4ge f\u00fcr die Zeitschriften Mondo Umoristico und Numero. Ab 1923 zeichnete er Comic-Geschichten f\u00fcr Il Balilla und f\u00fchrte die Figur des Sognino ein. Ab 1925 arbeitete er mit dem Corriere dei Piccoli zusammen, wo er die 1934 eingef\u00fchrten Geschichten von Fanfarino und Formichino zeichnete, die zwischen 1936 und 1941 ver\u00f6ffentlicht und sp\u00e4ter von Sergio Asteriti in den 1950er Jahren \u00fcbernommen wurden. Sgrilli arbeitete auch an der Zeitschrift Il Cartoccino dei Piccoli mit und illustrierte \u00fcber hundert Kinderb\u00fccher.<\/p>\n<p>Neben seiner Arbeit im Bereich der Comics malte Sgrilli auch Bilder und nahm in den 1920er und 1930er Jahren an Einzelausstellungen in verschiedenen italienischen St\u00e4dten teil.<\/p>\n<p>In den 1940er Jahren widmete sich Sgrilli auch der Produktion mehrerer kurzer Zeichentrickfilme, darunter \u201eIl Barone di M\u00fcnchhausen\u201c (1941) und \u201eAnacleto e la Faina\u201c (1942), der bei den 10.<\/p>\n","protected":false},"excerpt":{"rendered":"<p>Roberto Sgrilli (1897 &#8211; 1985)<\/p>\n","protected":false},"featured_media":5542,"template":"","meta":{"site-sidebar-layout":"default","site-content-layout":"","ast-site-content-layout":"default","site-content-style":"default","site-sidebar-style":"default","ast-global-header-display":"","ast-banner-title-visibility":"","ast-main-header-display":"","ast-hfb-above-header-display":"","ast-hfb-below-header-display":"","ast-hfb-mobile-header-display":"","site-post-title":"","ast-breadcrumbs-content":"","ast-featured-img":"","footer-sml-layout":"","ast-disable-related-posts":"","theme-transparent-header-meta":"default","adv-header-id-meta":"","stick-header-meta":"","header-above-stick-meta":"","header-main-stick-meta":"","header-below-stick-meta":"","astra-migrate-meta-layouts":"set","ast-page-background-enabled":"default","ast-page-background-meta":{"desktop":{"background-color":"var(--ast-global-color-4)","background-image":"","background-repeat":"repeat","background-position":"center center","background-size":"auto","background-attachment":"scroll","background-type":"","background-media":"","overlay-type":"","overlay-color":"","overlay-opacity":"","overlay-gradient":""},"tablet":{"background-color":"","background-image":"","background-repeat":"repeat","background-position":"center center","background-size":"auto","background-attachment":"scroll","background-type":"","background-media":"","overlay-type":"","overlay-color":"","overlay-opacity":"","overlay-gradient":""},"mobile":{"background-color":"","background-image":"","background-repeat":"repeat","background-position":"center center","background-size":"auto","background-attachment":"scroll","background-type":"","background-media":"","overlay-type":"","overlay-color":"","overlay-opacity":"","overlay-gradient":""}},"ast-content-background-meta":{"desktop":{"background-color":"var(--ast-global-color-5)","background-image":"","background-repeat":"repeat","background-position":"center center","background-size":"auto","background-attachment":"scroll","background-type":"","background-media":"","overlay-type":"","overlay-color":"","overlay-opacity":"","overlay-gradient":""},"tablet":{"background-color":"var(--ast-global-color-5)","background-image":"","background-repeat":"repeat","background-position":"center center","background-size":"auto","background-attachment":"scroll","background-type":"","background-media":"","overlay-type":"","overlay-color":"","overlay-opacity":"","overlay-gradient":""},"mobile":{"background-color":"var(--ast-global-color-5)","background-image":"","background-repeat":"repeat","background-position":"center center","background-size":"auto","background-attachment":"scroll","background-type":"","background-media":"","overlay-type":"","overlay-color":"","overlay-opacity":"","overlay-gradient":""}}},"product_brand":[],"product_cat":[52,179,43,267,347],"product_tag":[364,362,363,74,361,365],"class_list":{"0":"post-5489","1":"product","2":"type-product","3":"status-publish","4":"has-post-thumbnail","6":"product_cat-20th-century","7":"product_cat-gemaelde","8":"product_cat-italienisch","9":"product_cat-oelgemaelde","10":"product_cat-roberto-sgrilli","11":"product_tag-art","12":"product_tag-gemalde","13":"product_tag-kunst","14":"product_tag-painting","15":"product_tag-peintures","16":"product_tag-pittura","17":"desktop-align-center","18":"tablet-align-left","19":"mobile-align-left","21":"first","22":"instock","23":"taxable","24":"shipping-taxable","25":"product-type-simple"},"_links":{"self":[{"href":"https:\/\/collection.galerie-gerdes.com\/nl\/wp-json\/wp\/v2\/product\/5489","targetHints":{"allow":["GET"]}}],"collection":[{"href":"https:\/\/collection.galerie-gerdes.com\/nl\/wp-json\/wp\/v2\/product"}],"about":[{"href":"https:\/\/collection.galerie-gerdes.com\/nl\/wp-json\/wp\/v2\/types\/product"}],"wp:featuredmedia":[{"embeddable":true,"href":"https:\/\/collection.galerie-gerdes.com\/nl\/wp-json\/wp\/v2\/media\/5542"}],"wp:attachment":[{"href":"https:\/\/collection.galerie-gerdes.com\/nl\/wp-json\/wp\/v2\/media?parent=5489"}],"wp:term":[{"taxonomy":"product_brand","embeddable":true,"href":"https:\/\/collection.galerie-gerdes.com\/nl\/wp-json\/wp\/v2\/product_brand?post=5489"},{"taxonomy":"product_cat","embeddable":true,"href":"https:\/\/collection.galerie-gerdes.com\/nl\/wp-json\/wp\/v2\/product_cat?post=5489"},{"taxonomy":"product_tag","embeddable":true,"href":"https:\/\/collection.galerie-gerdes.com\/nl\/wp-json\/wp\/v2\/product_tag?post=5489"}],"curies":[{"name":"wp","href":"https:\/\/api.w.org\/{rel}","templated":true}]}}