{"id":5491,"date":"2024-04-21T11:15:42","date_gmt":"2024-04-21T09:15:42","guid":{"rendered":"https:\/\/collection.galerie-gerdes.com\/?post_type=product&#038;p=5491"},"modified":"2024-09-26T17:11:12","modified_gmt":"2024-09-26T15:11:12","slug":"interieur-aquarell-von-salomon-emanuel-mirohorsky","status":"publish","type":"product","link":"https:\/\/collection.galerie-gerdes.com\/nl\/p\/interieur-aquarell-von-salomon-emanuel-mirohorsky\/","title":{"rendered":"Interieur, Aquarell von Salomon Emanuel MIROHORSKY"},"content":{"rendered":"<p>Emanuel Salomon von Friedberg-M\u00edrohorsk\u00fd (18. Januar 1829, Prag \u2013 10. Dezember 1908, Prag) war ein tschechischer Maler, Illustrator, \u00dcbersetzer, Autor und Offizier in der \u00f6sterreichischen Armee. Er war auch ein Verfechter des Vegetarismus und der Abstinenz. &#8220;M\u00edrohorsk\u00fd&#8221; war ein k\u00fcnstlerisches Pseudonym, das im Tschechischen dasselbe bedeutet wie &#8220;Friedberg&#8221; (friedlicher Berg).<\/p>\n<p>Er entstammte der angesehenen Familie Salomons von Friedberg. Ab 1837 nahm er Zeichenunterricht an der \u00f6rtlichen Gymnasiumsschule bei Franti\u0161ek Tkadl\u00edk und Anton\u00edn M\u00e1nes von der Akademie der Bildenden K\u00fcnste. Im Jahr 1840 wurde er Sch\u00fcler an der Theresianischen Milit\u00e4rakademie, wo sein Onkel Moric Fialka [cs], ein Armeeoffizier und Journalist, einer seiner Lehrer war und gro\u00dfen Einfluss auf Emanuel hatte.<\/p>\n<p>Er schloss seine Ausbildung 1847 ab und kehrte nach Prag zur\u00fcck, wo er dem 28. Infanterieregiment beitrat. Im Jahr 1848 k\u00e4mpfte sein Regiment unter dem Befehl von Feldmarschall Radetzky in der Schlacht bei Custova. Weiterhin beteiligte er sich an der Niederschlagung der Revolution in Wien und sp\u00e4ter in Ungarn. F\u00fcr seine Tapferkeit in der Schlacht von K\u00e1polna erhielt er am 27. Februar 1849 das Milit\u00e4rverdienstkreuz.<\/p>\n<p>In den folgenden Jahren arbeitete er an der milit\u00e4rischen Kartierung von Vojvodina, der Walachei und Ungarns. Er machte rasche Fortschritte in seiner Karriere.<\/p>\n<p>Im Deutsch-\u00d6sterreichischen Krieg diente er als Chef des Generalstabs in Verona und leitete die Verhandlungen mit dem italienischen General Enrico Cialdini, dessen Truppen 1866 illegal die Grenze \u00fcberschritten hatten. Danach wurde er zum Generalstab in Zadar versetzt.<\/p>\n<p>1873 wurde er zum Generalmajor bef\u00f6rdert und 1878 zum Feldmarschalleutnant.<\/p>\n<p>W\u00e4hrend seiner milit\u00e4rischen Laufbahn malte er, wann immer es m\u00f6glich war. Er schrieb auch Artikel f\u00fcr tschechische Zeitungen.<\/p>\n<p>1883 trat er in den Ruhestand, kurz nach einem Galadinner mit Kaiser Franz Joseph, bei dem es wegen der Frage des tschechischen Nationalismus zu Meinungsverschiedenheiten gekommen sein soll, doch ist dies nicht sicher belegt. Nach seinem Ruhestand erhielt er den Orden der Eisernen Krone und wurde im darauf folgenden Jahr zum Freiherrn ernannt.<\/p>\n<p>Er lie\u00df sich in Prag nieder, wo er sich vielen Interessen widmete. Er malte weiterhin und schrieb.<\/p>\n<p>Er malte in verschiedenen Genres, darunter Schlachtszenen, die auf Bestellung des Kaisers entstanden. Seine fr\u00fchen Werke sind gr\u00f6\u00dftenteils Aquarelle, bedingt durch die Schwierigkeit, \u00d6lgem\u00e4lde unterwegs oder in Bewegung anzufertigen. Au\u00dferdem illustrierte er B\u00fccher und lieferte vermutlich tausende Zeichnungen f\u00fcr Zeitschriften, die aufgrund ihres anti-regierungsfeindlichen Inhalts anonym ver\u00f6ffentlicht wurden. Er hatte auch eine bedeutende Ausstellung auf der Allgemeinen Landesjubil\u00e4umsausstellung (1891). Die meisten seiner Gem\u00e4lde wurden an Museen, Kirchen, Freunde und ehemalige Kollegen verschenkt.<\/p>\n<p>Seine eigenen Schriften beziehen sich auf seinen Milit\u00e4rdienst; insbesondere &#8220;V\u00e1le\u010dnictv\u00ed poln\u00ed a vojenstv\u00ed&#8221; (eine Geschichte der Kriegsf\u00fchrung, mit einigen Abschnitten von Miroslav Tyr\u0161 verfasst). Er verfasste auch Artikel f\u00fcr Ottos Enzyklop\u00e4die und schrieb einige Theaterst\u00fccke. Sein gr\u00f6\u00dftes literarisches, jedoch unver\u00f6ffentlichtes Werk ist seine Autobiografie &#8220;Pam\u011bti z m\u00e9ho \u017eit\u00ed&#8221;.<\/p>\n<p>Emanuel war sprachlich sehr begabt. Er sprach flie\u00dfend Tschechisch, Deutsch, Franz\u00f6sisch, Italienisch und Englisch sowie teilweise andere slawische Sprachen. Er \u00fcbersetzte mehrere B\u00fccher ins Tschechische.<\/p>\n<p>Neben Malen und Schreiben war sein gr\u00f6\u00dftes Hobby ein gesunder Lebensstil. Schon von Kindheit an war er Antialkoholiker und Nichtraucher. Er trank auch keinen Kaffee. Ab 1851 interessierte er sich f\u00fcr Hydrotherapie und wurde sp\u00e4ter Vegetarier. Als Rentner hielt er Vortr\u00e4ge zu diesem Thema und gr\u00fcndete 1893 &#8220;\u010cesk\u00fd Kneipp&#8221;, eine Gesellschaft f\u00fcr einen gesunden Lebensstil.<\/p>\n","protected":false},"excerpt":{"rendered":"<p>Salomon Emanuel MIROHORSKY (1829-1908)<\/p>\n","protected":false},"featured_media":5560,"template":"","meta":{"site-sidebar-layout":"default","site-content-layout":"","ast-site-content-layout":"default","site-content-style":"default","site-sidebar-style":"default","ast-global-header-display":"","ast-banner-title-visibility":"","ast-main-header-display":"","ast-hfb-above-header-display":"","ast-hfb-below-header-display":"","ast-hfb-mobile-header-display":"","site-post-title":"","ast-breadcrumbs-content":"","ast-featured-img":"","footer-sml-layout":"","ast-disable-related-posts":"","theme-transparent-header-meta":"default","adv-header-id-meta":"","stick-header-meta":"","header-above-stick-meta":"","header-main-stick-meta":"","header-below-stick-meta":"","astra-migrate-meta-layouts":"set","ast-page-background-enabled":"default","ast-page-background-meta":{"desktop":{"background-color":"var(--ast-global-color-4)","background-image":"","background-repeat":"repeat","background-position":"center center","background-size":"auto","background-attachment":"scroll","background-type":"","background-media":"","overlay-type":"","overlay-color":"","overlay-opacity":"","overlay-gradient":""},"tablet":{"background-color":"","background-image":"","background-repeat":"repeat","background-position":"center center","background-size":"auto","background-attachment":"scroll","background-type":"","background-media":"","overlay-type":"","overlay-color":"","overlay-opacity":"","overlay-gradient":""},"mobile":{"background-color":"","background-image":"","background-repeat":"repeat","background-position":"center center","background-size":"auto","background-attachment":"scroll","background-type":"","background-media":"","overlay-type":"","overlay-color":"","overlay-opacity":"","overlay-gradient":""}},"ast-content-background-meta":{"desktop":{"background-color":"var(--ast-global-color-5)","background-image":"","background-repeat":"repeat","background-position":"center center","background-size":"auto","background-attachment":"scroll","background-type":"","background-media":"","overlay-type":"","overlay-color":"","overlay-opacity":"","overlay-gradient":""},"tablet":{"background-color":"var(--ast-global-color-5)","background-image":"","background-repeat":"repeat","background-position":"center center","background-size":"auto","background-attachment":"scroll","background-type":"","background-media":"","overlay-type":"","overlay-color":"","overlay-opacity":"","overlay-gradient":""},"mobile":{"background-color":"var(--ast-global-color-5)","background-image":"","background-repeat":"repeat","background-position":"center center","background-size":"auto","background-attachment":"scroll","background-type":"","background-media":"","overlay-type":"","overlay-color":"","overlay-opacity":"","overlay-gradient":""}}},"product_brand":[],"product_cat":[53,265,179,417,339,160],"product_tag":[364,362,363,74,361,365],"class_list":{"0":"post-5491","1":"product","2":"type-product","3":"status-publish","4":"has-post-thumbnail","6":"product_cat-19th-century","7":"product_cat-aquarell","8":"product_cat-gemaelde","9":"product_cat-interieur","10":"product_cat-salomon-emanuel-mirohorsky","11":"product_cat-tschechisch","12":"product_tag-art","13":"product_tag-gemalde","14":"product_tag-kunst","15":"product_tag-painting","16":"product_tag-peintures","17":"product_tag-pittura","18":"desktop-align-center","19":"tablet-align-left","20":"mobile-align-left","22":"first","23":"instock","24":"taxable","25":"shipping-taxable","26":"product-type-simple"},"_links":{"self":[{"href":"https:\/\/collection.galerie-gerdes.com\/nl\/wp-json\/wp\/v2\/product\/5491","targetHints":{"allow":["GET"]}}],"collection":[{"href":"https:\/\/collection.galerie-gerdes.com\/nl\/wp-json\/wp\/v2\/product"}],"about":[{"href":"https:\/\/collection.galerie-gerdes.com\/nl\/wp-json\/wp\/v2\/types\/product"}],"wp:featuredmedia":[{"embeddable":true,"href":"https:\/\/collection.galerie-gerdes.com\/nl\/wp-json\/wp\/v2\/media\/5560"}],"wp:attachment":[{"href":"https:\/\/collection.galerie-gerdes.com\/nl\/wp-json\/wp\/v2\/media?parent=5491"}],"wp:term":[{"taxonomy":"product_brand","embeddable":true,"href":"https:\/\/collection.galerie-gerdes.com\/nl\/wp-json\/wp\/v2\/product_brand?post=5491"},{"taxonomy":"product_cat","embeddable":true,"href":"https:\/\/collection.galerie-gerdes.com\/nl\/wp-json\/wp\/v2\/product_cat?post=5491"},{"taxonomy":"product_tag","embeddable":true,"href":"https:\/\/collection.galerie-gerdes.com\/nl\/wp-json\/wp\/v2\/product_tag?post=5491"}],"curies":[{"name":"wp","href":"https:\/\/api.w.org\/{rel}","templated":true}]}}