{"id":7111,"date":"2024-05-20T11:26:40","date_gmt":"2024-05-20T09:26:40","guid":{"rendered":"https:\/\/collection.galerie-gerdes.com\/?post_type=product&#038;p=7111"},"modified":"2024-05-21T13:01:13","modified_gmt":"2024-05-21T11:01:13","slug":"lichtung-gemaelde-von-louis-ginnett","status":"publish","type":"product","link":"https:\/\/collection.galerie-gerdes.com\/nl\/p\/lichtung-gemaelde-von-louis-ginnett\/","title":{"rendered":"Eine Wald-Lichtung | Impressionistisches Gem\u00e4lde von Louis GINNETT"},"content":{"rendered":"<p>Louis Ginnett wurde am 24. Juli 1875 in Brighton geboren und verstarb 1946 ebenfalls in Brighton. Er war ein britischer Maler, der sich auf Portr\u00e4ts, Wandmalerei und Glasmalerei spezialisierte. Seine k\u00fcnstlerische Ausbildung erhielt er an der renommierten Acad\u00e9mie Julian in Paris.<\/p>\n<p>Ginnett lehrte von 1909 bis 1939 an der Brighton School of Art und hatte einen bedeutenden Einfluss auf die k\u00fcnstlerische Ausbildung vieler Studenten. W\u00e4hrend des Ersten Weltkriegs diente er als Kriegsmaler an der Front, wo er die Ereignisse und Eindr\u00fccke des Krieges dokumentierte.<\/p>\n<p>Er war Mitglied des Royal Institute of Oil Painters und erreichte schlie\u00dflich das Amt des Pr\u00e4sidenten der Royal Society of Portrait Painters. Seine Werke sind in den st\u00e4ndigen Sammlungen des Brighton Museum &amp; Art Gallery sowie des Imperial War Museum vertreten, was seine Bedeutung und Anerkennung in der britischen Kunstszene unterstreicht.<\/p>\n","protected":false},"excerpt":{"rendered":"<p class=\"p1\">Louis GINNETT (1875-1946)<\/p>\n","protected":false},"featured_media":7122,"template":"","meta":{"site-sidebar-layout":"default","site-content-layout":"","ast-site-content-layout":"default","site-content-style":"default","site-sidebar-style":"default","ast-global-header-display":"","ast-banner-title-visibility":"","ast-main-header-display":"","ast-hfb-above-header-display":"","ast-hfb-below-header-display":"","ast-hfb-mobile-header-display":"","site-post-title":"","ast-breadcrumbs-content":"","ast-featured-img":"","footer-sml-layout":"","ast-disable-related-posts":"","theme-transparent-header-meta":"default","adv-header-id-meta":"","stick-header-meta":"","header-above-stick-meta":"","header-main-stick-meta":"","header-below-stick-meta":"","astra-migrate-meta-layouts":"set","ast-page-background-enabled":"default","ast-page-background-meta":{"desktop":{"background-color":"var(--ast-global-color-4)","background-image":"","background-repeat":"repeat","background-position":"center center","background-size":"auto","background-attachment":"scroll","background-type":"","background-media":"","overlay-type":"","overlay-color":"","overlay-opacity":"","overlay-gradient":""},"tablet":{"background-color":"","background-image":"","background-repeat":"repeat","background-position":"center center","background-size":"auto","background-attachment":"scroll","background-type":"","background-media":"","overlay-type":"","overlay-color":"","overlay-opacity":"","overlay-gradient":""},"mobile":{"background-color":"","background-image":"","background-repeat":"repeat","background-position":"center center","background-size":"auto","background-attachment":"scroll","background-type":"","background-media":"","overlay-type":"","overlay-color":"","overlay-opacity":"","overlay-gradient":""}},"ast-content-background-meta":{"desktop":{"background-color":"var(--ast-global-color-5)","background-image":"","background-repeat":"repeat","background-position":"center center","background-size":"auto","background-attachment":"scroll","background-type":"","background-media":"","overlay-type":"","overlay-color":"","overlay-opacity":"","overlay-gradient":""},"tablet":{"background-color":"var(--ast-global-color-5)","background-image":"","background-repeat":"repeat","background-position":"center center","background-size":"auto","background-attachment":"scroll","background-type":"","background-media":"","overlay-type":"","overlay-color":"","overlay-opacity":"","overlay-gradient":""},"mobile":{"background-color":"var(--ast-global-color-5)","background-image":"","background-repeat":"repeat","background-position":"center center","background-size":"auto","background-attachment":"scroll","background-type":"","background-media":"","overlay-type":"","overlay-color":"","overlay-opacity":"","overlay-gradient":""}}},"product_brand":[],"product_cat":[52,42,179,409,406,267],"product_tag":[],"class_list":{"0":"post-7111","1":"product","2":"type-product","3":"status-publish","4":"has-post-thumbnail","6":"product_cat-20th-century","7":"product_cat-britisch","8":"product_cat-gemaelde","9":"product_cat-landschaft","10":"product_cat-louis-ginnett","11":"product_cat-oelgemaelde","12":"desktop-align-center","13":"tablet-align-left","14":"mobile-align-left","16":"first","17":"instock","18":"taxable","19":"shipping-taxable","20":"product-type-simple"},"_links":{"self":[{"href":"https:\/\/collection.galerie-gerdes.com\/nl\/wp-json\/wp\/v2\/product\/7111","targetHints":{"allow":["GET"]}}],"collection":[{"href":"https:\/\/collection.galerie-gerdes.com\/nl\/wp-json\/wp\/v2\/product"}],"about":[{"href":"https:\/\/collection.galerie-gerdes.com\/nl\/wp-json\/wp\/v2\/types\/product"}],"wp:featuredmedia":[{"embeddable":true,"href":"https:\/\/collection.galerie-gerdes.com\/nl\/wp-json\/wp\/v2\/media\/7122"}],"wp:attachment":[{"href":"https:\/\/collection.galerie-gerdes.com\/nl\/wp-json\/wp\/v2\/media?parent=7111"}],"wp:term":[{"taxonomy":"product_brand","embeddable":true,"href":"https:\/\/collection.galerie-gerdes.com\/nl\/wp-json\/wp\/v2\/product_brand?post=7111"},{"taxonomy":"product_cat","embeddable":true,"href":"https:\/\/collection.galerie-gerdes.com\/nl\/wp-json\/wp\/v2\/product_cat?post=7111"},{"taxonomy":"product_tag","embeddable":true,"href":"https:\/\/collection.galerie-gerdes.com\/nl\/wp-json\/wp\/v2\/product_tag?post=7111"}],"curies":[{"name":"wp","href":"https:\/\/api.w.org\/{rel}","templated":true}]}}