{"id":208926,"date":"2024-08-02T12:03:57","date_gmt":"2024-08-02T10:03:57","guid":{"rendered":"https:\/\/www.collection.galerie-gerdes.com\/?post_type=product&#038;p=208926"},"modified":"2024-08-16T22:09:29","modified_gmt":"2024-08-16T20:09:29","slug":"paar-in-stube-federzeichnung-von-richard-seewald-meggendorfer-blaetter","status":"publish","type":"product","link":"https:\/\/collection.galerie-gerdes.com\/no\/p\/paar-in-stube-federzeichnung-von-richard-seewald-meggendorfer-blaetter\/","title":{"rendered":"Paar in Stube | Federzeichnung von Richard Seewald | Meggendorfer Bl\u00e4tter"},"content":{"rendered":"<p>Richard Seewald (* 4. Mai 1889 in Arnswalde; \u2020 29. Oktober 1976 in M\u00fcnchen) war ein deutscher Maler und Schriftsteller, bekannt f\u00fcr seine Werke in Malerei und Literatur.<\/p>\n<p>Seewald wurde in Arnswalde geboren und besuchte das Realgymnasium in Stralsund. 1909 begann er auf Wunsch seines Vaters ein Architekturstudium in M\u00fcnchen, entschied sich jedoch bald, sich als Autodidakt der Malerei zuzuwenden. Erste Zeichnungen von ihm wurden in der Wochenzeitschrift <em>Die Jugend<\/em> ver\u00f6ffentlicht. Zudem verdiente er seinen Lebensunterhalt durch Karikaturen, die er f\u00fcr die <em>Meggendorfer Bl\u00e4tter<\/em> in M\u00fcnchen und die <em>Lustigen Bl\u00e4tter<\/em> in Berlin erstellte. 1911 reiste er nach London, um seine Verlobte Uli zu heiraten.<\/p>\n<p>Die Moderne Galerie Heinrich Thannhauser in M\u00fcnchen zeigte erstmals seine grafischen Werke. 1913 entstand auf der Insel Rab sein erstes \u00d6lgem\u00e4lde, inspiriert von den Effekten der Kaltnadelradierung. Im selben Jahr trat Seewald der M\u00fcnchener Neuen Secession bei und sp\u00e4ter auch dem Deutschen K\u00fcnstlerbund. Er illustrierte Werke wie Hans B\u00f6ttichers (Ringelnatz) <em>Schnupftabaksdose<\/em> sowie Klassiker wie Daniel Defoes <em>Robinson Crusoe<\/em> und Heinrich von Kleists <em>Penthesilea<\/em>. Seewald ver\u00f6ffentlichte auch eigene B\u00fccher, darunter <em>Tiere und Landschaften<\/em>, f\u00fcr die er die Illustrationen selbst schuf. 1919 hatte er eine wichtige Einzelausstellung beim M\u00fcnchener Kunsth\u00e4ndler Hans Goltz.<\/p>\n<p>Seewalds Reisen f\u00fchrten ihn immer wieder in den Mittelmeerraum, was seinen k\u00fcnstlerischen Stil beeinflusste. 1924 wurde er Professor an den K\u00f6lner Werkschulen. 1929 konvertierte er zum Katholizismus und schuf sakrale Kunstwerke, darunter ein Chorwandbild in der Kirche Stella Maris auf Norderney. 1931 verlie\u00df er Deutschland aufgrund des repressiven kulturellen Klimas und lie\u00df sich in Ronco sopra Ascona in der Schweiz nieder, wo er 1939 Ehrenb\u00fcrger wurde.<\/p>\n<p>W\u00e4hrend der Zeit des Nationalsozialismus galt Seewalds Kunst als &laquo;entartet&raquo;. 1937 wurden zahlreiche seiner Werke aus \u00f6ffentlichen Sammlungen beschlagnahmt und die meisten davon zerst\u00f6rt. Erst 1948 betrat er wieder deutschen Boden und beteiligte sich 1951 an einer Ausstellung des Deutschen K\u00fcnstlerbundes. 1954 nahm er eine Professur an der Akademie der Bildenden K\u00fcnste in M\u00fcnchen an, trat jedoch 1958 zur\u00fcck. Nach dem Tod seiner Frau verbrannte Seewald viele seiner Werke und pers\u00f6nlichen Unterlagen.<\/p>\n<p>Seine Skizzenb\u00fccher \u00fcbergab er dem Germanischen Nationalmuseum in N\u00fcrnberg. Der restliche Nachlass wurde in die <em>Fondazione Richard e Uli Seewald Ascona<\/em> \u00fcberf\u00fchrt. Seewald wurde auf dem Friedhof von Ronco sopra Ascona beigesetzt.<\/p>\n<p>Seewalds Werke waren in vielen bedeutenden deutschen Kunstsammlungen vertreten, darunter das Schlesische Museum der Bildenden K\u00fcnste in Breslau, die Anhaltinische Gem\u00e4ldegalerie Dessau, das Museum Folkwang Essen und die Bayerischen Staatsgem\u00e4ldesammlungen in M\u00fcnchen.<\/p>\n","protected":false},"excerpt":{"rendered":"<p>Richard Seewald (1889-1976)<\/p>\n","protected":false},"featured_media":209802,"template":"","meta":{"site-sidebar-layout":"default","site-content-layout":"","ast-site-content-layout":"default","site-content-style":"default","site-sidebar-style":"default","ast-global-header-display":"","ast-banner-title-visibility":"","ast-main-header-display":"","ast-hfb-above-header-display":"","ast-hfb-below-header-display":"","ast-hfb-mobile-header-display":"","site-post-title":"","ast-breadcrumbs-content":"","ast-featured-img":"","footer-sml-layout":"","ast-disable-related-posts":"","theme-transparent-header-meta":"default","adv-header-id-meta":"","stick-header-meta":"","header-above-stick-meta":"","header-main-stick-meta":"","header-below-stick-meta":"","astra-migrate-meta-layouts":"set","ast-page-background-enabled":"default","ast-page-background-meta":{"desktop":{"background-color":"var(--ast-global-color-4)","background-image":"","background-repeat":"repeat","background-position":"center center","background-size":"auto","background-attachment":"scroll","background-type":"","background-media":"","overlay-type":"","overlay-color":"","overlay-opacity":"","overlay-gradient":""},"tablet":{"background-color":"","background-image":"","background-repeat":"repeat","background-position":"center center","background-size":"auto","background-attachment":"scroll","background-type":"","background-media":"","overlay-type":"","overlay-color":"","overlay-opacity":"","overlay-gradient":""},"mobile":{"background-color":"","background-image":"","background-repeat":"repeat","background-position":"center center","background-size":"auto","background-attachment":"scroll","background-type":"","background-media":"","overlay-type":"","overlay-color":"","overlay-opacity":"","overlay-gradient":""}},"ast-content-background-meta":{"desktop":{"background-color":"var(--ast-global-color-5)","background-image":"","background-repeat":"repeat","background-position":"center center","background-size":"auto","background-attachment":"scroll","background-type":"","background-media":"","overlay-type":"","overlay-color":"","overlay-opacity":"","overlay-gradient":""},"tablet":{"background-color":"var(--ast-global-color-5)","background-image":"","background-repeat":"repeat","background-position":"center center","background-size":"auto","background-attachment":"scroll","background-type":"","background-media":"","overlay-type":"","overlay-color":"","overlay-opacity":"","overlay-gradient":""},"mobile":{"background-color":"var(--ast-global-color-5)","background-image":"","background-repeat":"repeat","background-position":"center center","background-size":"auto","background-attachment":"scroll","background-type":"","background-media":"","overlay-type":"","overlay-color":"","overlay-opacity":"","overlay-gradient":""}}},"product_brand":[],"product_cat":[179,424,14311,266],"product_tag":[],"class_list":{"0":"post-208926","1":"product","2":"type-product","3":"status-publish","4":"has-post-thumbnail","6":"product_cat-gemaelde","7":"product_cat-karikaturen","8":"product_cat-richard-seewald","9":"product_cat-zeichnung","10":"desktop-align-center","11":"tablet-align-left","12":"mobile-align-left","14":"first","15":"instock","16":"taxable","17":"shipping-taxable","18":"product-type-simple"},"_links":{"self":[{"href":"https:\/\/collection.galerie-gerdes.com\/no\/wp-json\/wp\/v2\/product\/208926","targetHints":{"allow":["GET"]}}],"collection":[{"href":"https:\/\/collection.galerie-gerdes.com\/no\/wp-json\/wp\/v2\/product"}],"about":[{"href":"https:\/\/collection.galerie-gerdes.com\/no\/wp-json\/wp\/v2\/types\/product"}],"wp:featuredmedia":[{"embeddable":true,"href":"https:\/\/collection.galerie-gerdes.com\/no\/wp-json\/wp\/v2\/media\/209802"}],"wp:attachment":[{"href":"https:\/\/collection.galerie-gerdes.com\/no\/wp-json\/wp\/v2\/media?parent=208926"}],"wp:term":[{"taxonomy":"product_brand","embeddable":true,"href":"https:\/\/collection.galerie-gerdes.com\/no\/wp-json\/wp\/v2\/product_brand?post=208926"},{"taxonomy":"product_cat","embeddable":true,"href":"https:\/\/collection.galerie-gerdes.com\/no\/wp-json\/wp\/v2\/product_cat?post=208926"},{"taxonomy":"product_tag","embeddable":true,"href":"https:\/\/collection.galerie-gerdes.com\/no\/wp-json\/wp\/v2\/product_tag?post=208926"}],"curies":[{"name":"wp","href":"https:\/\/api.w.org\/{rel}","templated":true}]}}