{"id":226,"date":"2023-12-22T13:17:42","date_gmt":"2023-12-22T12:17:42","guid":{"rendered":"https:\/\/collection.galerie-gerdes.com\/?post_type=product&#038;p=226"},"modified":"2024-11-24T09:35:55","modified_gmt":"2024-11-24T08:35:55","slug":"portraet-eines-maedchens-1930","status":"publish","type":"product","link":"https:\/\/collection.galerie-gerdes.com\/no\/p\/portraet-eines-maedchens-1930\/","title":{"rendered":"Rund Portr\u00e4t eines M\u00e4dchens, 1939, Gem\u00e4lde von Hermann Drost"},"content":{"rendered":"<p>Hermann Drost geboren 1912 in Berlin-Charlottenburg. Der langj\u00e4hrige Aufenthalt von Hermann Drost im Allg\u00e4u, einschlie\u00dflich Mauerstetten bei Kaufbeuren, war gepr\u00e4gt von seinem umfangreichen k\u00fcnstlerischen Schaffen. Hermann Drost war sowohl ein akademischer Kunstmaler als auch ein Restaurator, der seine Spuren im kreativen Universum hinterlie\u00df, bevor er 2006 von uns ging.<\/p>\n<p>Seine k\u00fcnstlerische Vision zeichnete sich durch ihre Unabh\u00e4ngigkeit von g\u00e4ngigen Modetrends aus. Drost war bekannt f\u00fcr seine Offenheit, kritische Gedanken und Meinungen in seine Kunst einflie\u00dfen zu lassen.<\/p>\n<p>Seine Ausbildung f\u00fchrte ihn von der Staatsschule f\u00fcr freie und angewandte Kunst zur Hochschule f\u00fcr Bildende K\u00fcnste Berlin, wo er von Prof. Lenk und Prof. Wehlke inspiriert wurde. An dieser renommierten Institution erhielt er den Preis der Hochschule Berlin. Dar\u00fcber hinaus widmete er sich der Restaurierungst\u00e4tigkeit als freier Mitarbeiter des Bayerischen Landesamts f\u00fcr Denkmalpflege.<\/p>\n","protected":false},"excerpt":{"rendered":"<p>Hermann Drost (1912-2006)<\/p>\n","protected":false},"featured_media":227,"template":"","meta":{"site-sidebar-layout":"default","site-content-layout":"","ast-site-content-layout":"default","site-content-style":"default","site-sidebar-style":"default","ast-global-header-display":"","ast-banner-title-visibility":"","ast-main-header-display":"","ast-hfb-above-header-display":"","ast-hfb-below-header-display":"","ast-hfb-mobile-header-display":"","site-post-title":"","ast-breadcrumbs-content":"","ast-featured-img":"","footer-sml-layout":"","ast-disable-related-posts":"","theme-transparent-header-meta":"default","adv-header-id-meta":"","stick-header-meta":"","header-above-stick-meta":"","header-main-stick-meta":"","header-below-stick-meta":"","astra-migrate-meta-layouts":"set","ast-page-background-enabled":"default","ast-page-background-meta":{"desktop":{"background-color":"var(--ast-global-color-4)","background-image":"","background-repeat":"repeat","background-position":"center center","background-size":"auto","background-attachment":"scroll","background-type":"","background-media":"","overlay-type":"","overlay-color":"","overlay-opacity":"","overlay-gradient":""},"tablet":{"background-color":"","background-image":"","background-repeat":"repeat","background-position":"center center","background-size":"auto","background-attachment":"scroll","background-type":"","background-media":"","overlay-type":"","overlay-color":"","overlay-opacity":"","overlay-gradient":""},"mobile":{"background-color":"","background-image":"","background-repeat":"repeat","background-position":"center center","background-size":"auto","background-attachment":"scroll","background-type":"","background-media":"","overlay-type":"","overlay-color":"","overlay-opacity":"","overlay-gradient":""}},"ast-content-background-meta":{"desktop":{"background-color":"var(--ast-global-color-5)","background-image":"","background-repeat":"repeat","background-position":"center center","background-size":"auto","background-attachment":"scroll","background-type":"","background-media":"","overlay-type":"","overlay-color":"","overlay-opacity":"","overlay-gradient":""},"tablet":{"background-color":"var(--ast-global-color-5)","background-image":"","background-repeat":"repeat","background-position":"center center","background-size":"auto","background-attachment":"scroll","background-type":"","background-media":"","overlay-type":"","overlay-color":"","overlay-opacity":"","overlay-gradient":""},"mobile":{"background-color":"var(--ast-global-color-5)","background-image":"","background-repeat":"repeat","background-position":"center center","background-size":"auto","background-attachment":"scroll","background-type":"","background-media":"","overlay-type":"","overlay-color":"","overlay-opacity":"","overlay-gradient":""}}},"product_brand":[],"product_cat":[52,25,179,97],"product_tag":[364,362,363,74,361,365],"class_list":{"0":"post-226","1":"product","2":"type-product","3":"status-publish","4":"has-post-thumbnail","6":"product_cat-20th-century","7":"product_cat-deutsch","8":"product_cat-gemaelde","9":"product_cat-hermann-drost","10":"product_tag-art","11":"product_tag-gemalde","12":"product_tag-kunst","13":"product_tag-painting","14":"product_tag-peintures","15":"product_tag-pittura","16":"desktop-align-center","17":"tablet-align-left","18":"mobile-align-left","20":"first","21":"instock","22":"taxable","23":"shipping-taxable","24":"product-type-simple"},"_links":{"self":[{"href":"https:\/\/collection.galerie-gerdes.com\/no\/wp-json\/wp\/v2\/product\/226","targetHints":{"allow":["GET"]}}],"collection":[{"href":"https:\/\/collection.galerie-gerdes.com\/no\/wp-json\/wp\/v2\/product"}],"about":[{"href":"https:\/\/collection.galerie-gerdes.com\/no\/wp-json\/wp\/v2\/types\/product"}],"wp:featuredmedia":[{"embeddable":true,"href":"https:\/\/collection.galerie-gerdes.com\/no\/wp-json\/wp\/v2\/media\/227"}],"wp:attachment":[{"href":"https:\/\/collection.galerie-gerdes.com\/no\/wp-json\/wp\/v2\/media?parent=226"}],"wp:term":[{"taxonomy":"product_brand","embeddable":true,"href":"https:\/\/collection.galerie-gerdes.com\/no\/wp-json\/wp\/v2\/product_brand?post=226"},{"taxonomy":"product_cat","embeddable":true,"href":"https:\/\/collection.galerie-gerdes.com\/no\/wp-json\/wp\/v2\/product_cat?post=226"},{"taxonomy":"product_tag","embeddable":true,"href":"https:\/\/collection.galerie-gerdes.com\/no\/wp-json\/wp\/v2\/product_tag?post=226"}],"curies":[{"name":"wp","href":"https:\/\/api.w.org\/{rel}","templated":true}]}}