{"id":246741,"date":"2024-10-21T23:13:23","date_gmt":"2024-10-21T21:13:23","guid":{"rendered":"https:\/\/www.collection.galerie-gerdes.com\/?post_type=product&#038;p=246741"},"modified":"2024-10-29T17:42:33","modified_gmt":"2024-10-29T16:42:33","slug":"wanderung-1892-tusche-federzeichnung-von-arthur-lewin","status":"publish","type":"product","link":"https:\/\/collection.galerie-gerdes.com\/no\/p\/wanderung-1892-tusche-federzeichnung-von-arthur-lewin\/","title":{"rendered":"Wanderung, 1892 | Tusche-Federzeichnung von Arthur Lewin"},"content":{"rendered":"<p>Arthur Lewin, auch Arthur Lewien (* 4. Mai 1860 in Sch\u00f6nbrunn bei Troppau; \u2020 7. Juni 1923 in Leipzig), war ein Kost\u00fcmzeichner und Illustrator.<\/p>\n<p>Im Jahr 1874 zog Lewin nach Leipzig, wo er von 1887 bis 1906 als Kost\u00fcmzeichner am Stadttheater t\u00e4tig war. Neben seiner Arbeit am Theater schuf er Illustrationen f\u00fcr verschiedene Zeitschriften wie den <em>Neuen Deutschen Jugendfreund<\/em> und illustrierte mehrere B\u00fccher.<\/p>\n<p>Besonders bemerkenswert sind seine Strich\u00e4tzungen f\u00fcr die Erz\u00e4hlungen <em>Bei den Auss\u00e4tzigen<\/em> und <em>Merhameh<\/em>, die im Eichsfelder Marien-Kalender ver\u00f6ffentlicht wurden und zum Sp\u00e4twerk von Karl May geh\u00f6ren.<\/p>\n","protected":false},"excerpt":{"rendered":"<p>Arthur Lewin (1860-1923)<\/p>\n","protected":false},"featured_media":246681,"template":"","meta":{"site-sidebar-layout":"default","site-content-layout":"","ast-site-content-layout":"default","site-content-style":"default","site-sidebar-style":"default","ast-global-header-display":"","ast-banner-title-visibility":"","ast-main-header-display":"","ast-hfb-above-header-display":"","ast-hfb-below-header-display":"","ast-hfb-mobile-header-display":"","site-post-title":"","ast-breadcrumbs-content":"","ast-featured-img":"","footer-sml-layout":"","ast-disable-related-posts":"","theme-transparent-header-meta":"default","adv-header-id-meta":"","stick-header-meta":"","header-above-stick-meta":"","header-main-stick-meta":"","header-below-stick-meta":"","astra-migrate-meta-layouts":"set","ast-page-background-enabled":"default","ast-page-background-meta":{"desktop":{"background-color":"var(--ast-global-color-4)","background-image":"","background-repeat":"repeat","background-position":"center center","background-size":"auto","background-attachment":"scroll","background-type":"","background-media":"","overlay-type":"","overlay-color":"","overlay-opacity":"","overlay-gradient":""},"tablet":{"background-color":"","background-image":"","background-repeat":"repeat","background-position":"center center","background-size":"auto","background-attachment":"scroll","background-type":"","background-media":"","overlay-type":"","overlay-color":"","overlay-opacity":"","overlay-gradient":""},"mobile":{"background-color":"","background-image":"","background-repeat":"repeat","background-position":"center center","background-size":"auto","background-attachment":"scroll","background-type":"","background-media":"","overlay-type":"","overlay-color":"","overlay-opacity":"","overlay-gradient":""}},"ast-content-background-meta":{"desktop":{"background-color":"var(--ast-global-color-5)","background-image":"","background-repeat":"repeat","background-position":"center center","background-size":"auto","background-attachment":"scroll","background-type":"","background-media":"","overlay-type":"","overlay-color":"","overlay-opacity":"","overlay-gradient":""},"tablet":{"background-color":"var(--ast-global-color-5)","background-image":"","background-repeat":"repeat","background-position":"center center","background-size":"auto","background-attachment":"scroll","background-type":"","background-media":"","overlay-type":"","overlay-color":"","overlay-opacity":"","overlay-gradient":""},"mobile":{"background-color":"var(--ast-global-color-5)","background-image":"","background-repeat":"repeat","background-position":"center center","background-size":"auto","background-attachment":"scroll","background-type":"","background-media":"","overlay-type":"","overlay-color":"","overlay-opacity":"","overlay-gradient":""}}},"product_brand":[],"product_cat":[14360,25,424,266],"product_tag":[],"class_list":{"0":"post-246741","1":"product","2":"type-product","3":"status-publish","4":"has-post-thumbnail","6":"product_cat-arthur-lewin","7":"product_cat-deutsch","8":"product_cat-karikaturen","9":"product_cat-zeichnung","10":"desktop-align-center","11":"tablet-align-left","12":"mobile-align-left","14":"first","15":"instock","16":"taxable","17":"shipping-taxable","18":"product-type-simple"},"_links":{"self":[{"href":"https:\/\/collection.galerie-gerdes.com\/no\/wp-json\/wp\/v2\/product\/246741","targetHints":{"allow":["GET"]}}],"collection":[{"href":"https:\/\/collection.galerie-gerdes.com\/no\/wp-json\/wp\/v2\/product"}],"about":[{"href":"https:\/\/collection.galerie-gerdes.com\/no\/wp-json\/wp\/v2\/types\/product"}],"wp:featuredmedia":[{"embeddable":true,"href":"https:\/\/collection.galerie-gerdes.com\/no\/wp-json\/wp\/v2\/media\/246681"}],"wp:attachment":[{"href":"https:\/\/collection.galerie-gerdes.com\/no\/wp-json\/wp\/v2\/media?parent=246741"}],"wp:term":[{"taxonomy":"product_brand","embeddable":true,"href":"https:\/\/collection.galerie-gerdes.com\/no\/wp-json\/wp\/v2\/product_brand?post=246741"},{"taxonomy":"product_cat","embeddable":true,"href":"https:\/\/collection.galerie-gerdes.com\/no\/wp-json\/wp\/v2\/product_cat?post=246741"},{"taxonomy":"product_tag","embeddable":true,"href":"https:\/\/collection.galerie-gerdes.com\/no\/wp-json\/wp\/v2\/product_tag?post=246741"}],"curies":[{"name":"wp","href":"https:\/\/api.w.org\/{rel}","templated":true}]}}