{"id":258650,"date":"2024-10-31T20:05:30","date_gmt":"2024-10-31T19:05:30","guid":{"rendered":"https:\/\/www.collection.galerie-gerdes.com\/?post_type=product&#038;p=258650"},"modified":"2024-11-20T22:09:04","modified_gmt":"2024-11-20T21:09:04","slug":"huette-in-den-alpen-1978-handsignierte-aquatinta-lithografie-von-leo-schobinger-mit-widmung","status":"publish","type":"product","link":"https:\/\/collection.galerie-gerdes.com\/no\/p\/huette-in-den-alpen-1978-handsignierte-aquatinta-lithografie-von-leo-schobinger-mit-widmung\/","title":{"rendered":"H\u00fctte in den Alpen, 1978 | handsignierte Aquatinta\/Lithografie von Leo Schobinger mit Widmung"},"content":{"rendered":"<p>Leo Schobinger (*22. Juli 1897 in Kressbronn; \u202025. Mai 1985 in Maichingen) war ein deutscher Maler, Grafiker und Kunstp\u00e4dagoge. Ausgehend von Impressionismus und Expressionismus entwickelte Schobinger einen eigenen, unverwechselbaren Stil, mit dem er \u201edie Sch\u00f6nheit und W\u00fcrde der sichtbaren Welt in der Erscheinung der Farbe und ihren Rhythmus und Strukturen in der Grafik\u201c erfahrbar machte.<\/p>\n<p>Schobinger absolvierte von 1911 bis 1917 eine Ausbildung zum Lehrer in Saulgau und diente 1917\/1918 im Ersten Weltkrieg in Flandern. Von 1919 bis 1923 arbeitete er als Lehrer in Waldburg, wo er den M\u00fcnchener Maler Paul Hey kennenlernte. Anschlie\u00dfend wirkte er in Kornwestheim, bevor er 1924\/25 als Zeichenlehrer an das Saulgauer Lehrerseminar wechselte. Von 1925 bis 1930 studierte er bei Christian Landenberger, Arnold Waldschmidt und Heinrich Altherr an der Kunstakademie und Technischen Hochschule in Stuttgart.<\/p>\n<p>Von 1930 bis 1962 unterrichtete er Grafik an der H\u00f6heren Fachschule f\u00fcr das grafische Gewerbe (heute Fachschule f\u00fcr Druck) in Stuttgart. Nach seiner R\u00fcckkehr aus der Kriegsgefangenschaft setzte sich Schobinger in seiner Kunst intensiv mit Themen wie Verlust, Schmerz, Tod und Trost auseinander. Diese Werke sind gepr\u00e4gt von einer zeitlosen und kraftvollen Ausdruckskraft.<\/p>\n<p><strong>Bsp. Ausstellungen:<\/strong><\/p>\n<ul>\n<li>1928-1931: Stuttgarter Sezession.<\/li>\n<li>1930: Juryfreie K\u00fcnstlervereinigung, Berlin; Deutscher K\u00fcnstlerbund, Stuttgart und Paris.<\/li>\n<li>1931: Berliner Secession, M\u00fcnchener Glaspalast; Ulmer Kunstverein.<\/li>\n<li>1935: Kunstverein Heilbronn.<\/li>\n<li>1943: Junge Kunst im Deutschen Reich, K\u00fcnstlerhaus Wien.<\/li>\n<li>1952: Kunsthaus Schaller, Stuttgart.<\/li>\n<li>1955: W\u00fcrttembergischer Kunstverein Stuttgart, Kunstgewerbemuseum Schw\u00e4bisch Gm\u00fcnd.<\/li>\n<li>1961, 1966: B\u00f6blinger Kunstverein.<\/li>\n<li>1963: Wessenberghaus, Konstanz.<\/li>\n<li>1966, 1977, 1982: Ausstellungen in Sindelfingen.<\/li>\n<\/ul>\n","protected":false},"excerpt":{"rendered":"<p>Leo Schobinger (1897-1985)<br \/>\nAquatinta \/Papier mit Bleistift von Hand signiert, gewidmet<\/p>\n","protected":false},"featured_media":259346,"template":"","meta":{"site-sidebar-layout":"default","site-content-layout":"","ast-site-content-layout":"default","site-content-style":"default","site-sidebar-style":"default","ast-global-header-display":"","ast-banner-title-visibility":"","ast-main-header-display":"","ast-hfb-above-header-display":"","ast-hfb-below-header-display":"","ast-hfb-mobile-header-display":"","site-post-title":"","ast-breadcrumbs-content":"","ast-featured-img":"","footer-sml-layout":"","ast-disable-related-posts":"","theme-transparent-header-meta":"default","adv-header-id-meta":"","stick-header-meta":"","header-above-stick-meta":"","header-main-stick-meta":"","header-below-stick-meta":"","astra-migrate-meta-layouts":"set","ast-page-background-enabled":"default","ast-page-background-meta":{"desktop":{"background-color":"var(--ast-global-color-4)","background-image":"","background-repeat":"repeat","background-position":"center center","background-size":"auto","background-attachment":"scroll","background-type":"","background-media":"","overlay-type":"","overlay-color":"","overlay-opacity":"","overlay-gradient":""},"tablet":{"background-color":"","background-image":"","background-repeat":"repeat","background-position":"center center","background-size":"auto","background-attachment":"scroll","background-type":"","background-media":"","overlay-type":"","overlay-color":"","overlay-opacity":"","overlay-gradient":""},"mobile":{"background-color":"","background-image":"","background-repeat":"repeat","background-position":"center center","background-size":"auto","background-attachment":"scroll","background-type":"","background-media":"","overlay-type":"","overlay-color":"","overlay-opacity":"","overlay-gradient":""}},"ast-content-background-meta":{"desktop":{"background-color":"var(--ast-global-color-5)","background-image":"","background-repeat":"repeat","background-position":"center center","background-size":"auto","background-attachment":"scroll","background-type":"","background-media":"","overlay-type":"","overlay-color":"","overlay-opacity":"","overlay-gradient":""},"tablet":{"background-color":"var(--ast-global-color-5)","background-image":"","background-repeat":"repeat","background-position":"center center","background-size":"auto","background-attachment":"scroll","background-type":"","background-media":"","overlay-type":"","overlay-color":"","overlay-opacity":"","overlay-gradient":""},"mobile":{"background-color":"var(--ast-global-color-5)","background-image":"","background-repeat":"repeat","background-position":"center center","background-size":"auto","background-attachment":"scroll","background-type":"","background-media":"","overlay-type":"","overlay-color":"","overlay-opacity":"","overlay-gradient":""}}},"product_brand":[],"product_cat":[52,25,14277,409,14648],"product_tag":[],"class_list":{"0":"post-258650","1":"product","2":"type-product","3":"status-publish","4":"has-post-thumbnail","6":"product_cat-20th-century","7":"product_cat-deutsch","8":"product_cat-druck","9":"product_cat-landschaft","10":"product_cat-leo-schobinger","11":"desktop-align-center","12":"tablet-align-left","13":"mobile-align-left","15":"first","16":"instock","17":"taxable","18":"shipping-taxable","19":"product-type-simple"},"_links":{"self":[{"href":"https:\/\/collection.galerie-gerdes.com\/no\/wp-json\/wp\/v2\/product\/258650","targetHints":{"allow":["GET"]}}],"collection":[{"href":"https:\/\/collection.galerie-gerdes.com\/no\/wp-json\/wp\/v2\/product"}],"about":[{"href":"https:\/\/collection.galerie-gerdes.com\/no\/wp-json\/wp\/v2\/types\/product"}],"wp:featuredmedia":[{"embeddable":true,"href":"https:\/\/collection.galerie-gerdes.com\/no\/wp-json\/wp\/v2\/media\/259346"}],"wp:attachment":[{"href":"https:\/\/collection.galerie-gerdes.com\/no\/wp-json\/wp\/v2\/media?parent=258650"}],"wp:term":[{"taxonomy":"product_brand","embeddable":true,"href":"https:\/\/collection.galerie-gerdes.com\/no\/wp-json\/wp\/v2\/product_brand?post=258650"},{"taxonomy":"product_cat","embeddable":true,"href":"https:\/\/collection.galerie-gerdes.com\/no\/wp-json\/wp\/v2\/product_cat?post=258650"},{"taxonomy":"product_tag","embeddable":true,"href":"https:\/\/collection.galerie-gerdes.com\/no\/wp-json\/wp\/v2\/product_tag?post=258650"}],"curies":[{"name":"wp","href":"https:\/\/api.w.org\/{rel}","templated":true}]}}