{"id":304356,"date":"2024-12-29T23:56:21","date_gmt":"2024-12-29T22:56:21","guid":{"rendered":"https:\/\/www.collection.galerie-gerdes.com\/?post_type=product&#038;p=304356"},"modified":"2025-01-06T22:05:14","modified_gmt":"2025-01-06T21:05:14","slug":"balatonfuered-strand-gemaelde-von-lipot-herman","status":"publish","type":"product","link":"https:\/\/collection.galerie-gerdes.com\/no\/p\/balatonfuered-strand-gemaelde-von-lipot-herman\/","title":{"rendered":"Balatonf\u00fcred Strand | Gem\u00e4lde von Lip\u00f3t Herman"},"content":{"rendered":"<p>Herman Lip\u00f3t (Nagyszentmikl\u00f3s, 24. April 1884 &#8211; Budapest, 1. Juli 1972) war ein ungarischer Maler.<\/p>\n<p>Von 1901 bis 1905 studierte er bei Ede Ball\u00f3, L\u00e1szl\u00f3 Heged\u0171s und Tivadar Zempl\u00e9nyi an der Budapester Schule f\u00fcr Gestaltung. Bereits im ersten Studienjahr zeichnete er sich als Karikaturist aus und arbeitete unter dem Pseudonym \u201eHarag\u201c f\u00fcr ungarische Humorzeitschriften. Im Jahr 1905 ging er nach M\u00fcnchen, wo er seine F\u00e4higkeiten unter der Anleitung von A. A\u017ebe weiterentwickelte.<\/p>\n<p>In den Jahren 1909-1910 arbeitete er in Berlin, danach kehrte er nach Ungarn zur\u00fcck, wo er im Herbst 1910 die K\u00fcnstlerkolonie Kecskem\u00e9t gr\u00fcndete. Im Jahr 1911 reiste er nach Frankreich, Deutschland, in die Niederlande und nach Italien und organisierte zahlreiche Ausstellungen seiner Werke. Er malte Akte vor dem Hintergrund der Natur, schuf aber auch Landschaften und Portr\u00e4ts von Personen seiner Zeit.<\/p>\n<p>Viele Elemente seiner Werke kn\u00fcpfen an vorimpressionistische Traditionen an, wobei er die Methode der Pleinairmalerei voll aussch\u00f6pft.<\/p>\n<p>In den Jahren 1920, 1924 und 1954 stellte das Ernst-Museum gro\u00dfe Sammlungen seiner Werke aus. Im Jahr 1952 wurde er mit dem Munk\u00e1csy-Preis ausgezeichnet.<\/p>\n<p>Die Ungarische Nationalgalerie organisierte 1974 eine Gedenkausstellung.<\/p>\n","protected":false},"excerpt":{"rendered":"<p>Lipot Herman (1884-1972)<br \/>\nFarbfehlstellen, Instabile Malschicht und abstehende Farbschollen, Restaurierungsbed\u00fcrftig<\/p>\n","protected":false},"featured_media":304629,"template":"","meta":{"site-sidebar-layout":"default","site-content-layout":"","ast-site-content-layout":"default","site-content-style":"default","site-sidebar-style":"default","ast-global-header-display":"","ast-banner-title-visibility":"","ast-main-header-display":"","ast-hfb-above-header-display":"","ast-hfb-below-header-display":"","ast-hfb-mobile-header-display":"","site-post-title":"","ast-breadcrumbs-content":"","ast-featured-img":"","footer-sml-layout":"","ast-disable-related-posts":"","theme-transparent-header-meta":"default","adv-header-id-meta":"","stick-header-meta":"","header-above-stick-meta":"","header-main-stick-meta":"","header-below-stick-meta":"","astra-migrate-meta-layouts":"set","ast-page-background-enabled":"default","ast-page-background-meta":{"desktop":{"background-color":"var(--ast-global-color-4)","background-image":"","background-repeat":"repeat","background-position":"center center","background-size":"auto","background-attachment":"scroll","background-type":"","background-media":"","overlay-type":"","overlay-color":"","overlay-opacity":"","overlay-gradient":""},"tablet":{"background-color":"","background-image":"","background-repeat":"repeat","background-position":"center center","background-size":"auto","background-attachment":"scroll","background-type":"","background-media":"","overlay-type":"","overlay-color":"","overlay-opacity":"","overlay-gradient":""},"mobile":{"background-color":"","background-image":"","background-repeat":"repeat","background-position":"center center","background-size":"auto","background-attachment":"scroll","background-type":"","background-media":"","overlay-type":"","overlay-color":"","overlay-opacity":"","overlay-gradient":""}},"ast-content-background-meta":{"desktop":{"background-color":"var(--ast-global-color-5)","background-image":"","background-repeat":"repeat","background-position":"center center","background-size":"auto","background-attachment":"scroll","background-type":"","background-media":"","overlay-type":"","overlay-color":"","overlay-opacity":"","overlay-gradient":""},"tablet":{"background-color":"var(--ast-global-color-5)","background-image":"","background-repeat":"repeat","background-position":"center center","background-size":"auto","background-attachment":"scroll","background-type":"","background-media":"","overlay-type":"","overlay-color":"","overlay-opacity":"","overlay-gradient":""},"mobile":{"background-color":"var(--ast-global-color-5)","background-image":"","background-repeat":"repeat","background-position":"center center","background-size":"auto","background-attachment":"scroll","background-type":"","background-media":"","overlay-type":"","overlay-color":"","overlay-opacity":"","overlay-gradient":""}}},"product_brand":[],"product_cat":[14737],"product_tag":[],"class_list":{"0":"post-304356","1":"product","2":"type-product","3":"status-publish","4":"has-post-thumbnail","6":"product_cat-lipot-herman","7":"desktop-align-center","8":"tablet-align-left","9":"mobile-align-left","11":"first","12":"instock","13":"taxable","14":"shipping-taxable","15":"product-type-simple"},"_links":{"self":[{"href":"https:\/\/collection.galerie-gerdes.com\/no\/wp-json\/wp\/v2\/product\/304356","targetHints":{"allow":["GET"]}}],"collection":[{"href":"https:\/\/collection.galerie-gerdes.com\/no\/wp-json\/wp\/v2\/product"}],"about":[{"href":"https:\/\/collection.galerie-gerdes.com\/no\/wp-json\/wp\/v2\/types\/product"}],"wp:featuredmedia":[{"embeddable":true,"href":"https:\/\/collection.galerie-gerdes.com\/no\/wp-json\/wp\/v2\/media\/304629"}],"wp:attachment":[{"href":"https:\/\/collection.galerie-gerdes.com\/no\/wp-json\/wp\/v2\/media?parent=304356"}],"wp:term":[{"taxonomy":"product_brand","embeddable":true,"href":"https:\/\/collection.galerie-gerdes.com\/no\/wp-json\/wp\/v2\/product_brand?post=304356"},{"taxonomy":"product_cat","embeddable":true,"href":"https:\/\/collection.galerie-gerdes.com\/no\/wp-json\/wp\/v2\/product_cat?post=304356"},{"taxonomy":"product_tag","embeddable":true,"href":"https:\/\/collection.galerie-gerdes.com\/no\/wp-json\/wp\/v2\/product_tag?post=304356"}],"curies":[{"name":"wp","href":"https:\/\/api.w.org\/{rel}","templated":true}]}}