{"id":3659,"date":"2024-03-13T15:05:52","date_gmt":"2024-03-13T14:05:52","guid":{"rendered":"https:\/\/collection.galerie-gerdes.com\/?post_type=product&#038;p=3659"},"modified":"2024-06-06T09:31:57","modified_gmt":"2024-06-06T07:31:57","slug":"composizione-2021-gemaelde-von-jana-zanoskar","status":"publish","type":"product","link":"https:\/\/collection.galerie-gerdes.com\/no\/p\/composizione-2021-gemaelde-von-jana-zanoskar\/","title":{"rendered":"Composizione 2021, Gem\u00e4lde von Jana Zanoskar"},"content":{"rendered":"<p>Jana Zanoskar, eine slowenische K\u00fcnstlerin, wurde 1965 in Ljubljana, Slowenien, geboren. Diese Stadt, die mit dem Mythos von Jason und den Argonauten verbunden ist, hat sie jahrelang inspiriert, aber sie lebt und arbeitet seit vielen Jahren in der Toskana.<\/p>\n<p>Als Malerin geheimnisvoller und traumhafter Momente beherrscht sie die Verwendung von Formen, Zeichen und Farben meisterhaft, um die Realit\u00e4t in einer lyrisch-sachlichen Tonart zu verkl\u00e4ren. In ihrer abstrakten Forschung offenbart die K\u00fcnstlerin ein forschendes Gewissen, das sich in v\u00f6llig neuen Ausdrucksformeln ausdr\u00fcckt. Dabei best\u00e4tigt sie den Sinn f\u00fcr die Form als reine Vitalit\u00e4t, indem sie den abstrakten Klang der Farbe und den Rhythmus der Volumetrie zum Ausdruck bringt und einen liebevollen Dialog mit dem chromatischen Material f\u00fchrt.<\/p>\n<p>Ihre ausgepr\u00e4gte Vorliebe f\u00fcr abstrakt-geometrische Formen ist zweifellos auf ihren stilisierenden Geschmack zur\u00fcckzuf\u00fchren, der sie eindeutig beeinflusst. Der materielle Reichtum, der durch die Integration von Materialien unterschiedlicher Natur und Herkunft in ihre Malerei entsteht, und die F\u00fclle der Farbpasten, die immer wieder neu erfunden werden, verraten eine sichere Beherrschung der Ausdrucksmittel. Diese sind in der Lage, Plastizit\u00e4t und Volumetrie wiederzugeben, Vorrechte unseres Klassizismus.<\/p>\n","protected":false},"excerpt":{"rendered":"<p>Jana Zanoskar (1965)<\/p>\n","protected":false},"featured_media":3717,"template":"","meta":{"site-sidebar-layout":"default","site-content-layout":"","ast-site-content-layout":"default","site-content-style":"default","site-sidebar-style":"default","ast-global-header-display":"","ast-banner-title-visibility":"","ast-main-header-display":"","ast-hfb-above-header-display":"","ast-hfb-below-header-display":"","ast-hfb-mobile-header-display":"","site-post-title":"","ast-breadcrumbs-content":"","ast-featured-img":"","footer-sml-layout":"","ast-disable-related-posts":"","theme-transparent-header-meta":"default","adv-header-id-meta":"","stick-header-meta":"","header-above-stick-meta":"","header-main-stick-meta":"","header-below-stick-meta":"","astra-migrate-meta-layouts":"set","ast-page-background-enabled":"default","ast-page-background-meta":{"desktop":{"background-color":"var(--ast-global-color-4)","background-image":"","background-repeat":"repeat","background-position":"center center","background-size":"auto","background-attachment":"scroll","background-type":"","background-media":"","overlay-type":"","overlay-color":"","overlay-opacity":"","overlay-gradient":""},"tablet":{"background-color":"","background-image":"","background-repeat":"repeat","background-position":"center center","background-size":"auto","background-attachment":"scroll","background-type":"","background-media":"","overlay-type":"","overlay-color":"","overlay-opacity":"","overlay-gradient":""},"mobile":{"background-color":"","background-image":"","background-repeat":"repeat","background-position":"center center","background-size":"auto","background-attachment":"scroll","background-type":"","background-media":"","overlay-type":"","overlay-color":"","overlay-opacity":"","overlay-gradient":""}},"ast-content-background-meta":{"desktop":{"background-color":"var(--ast-global-color-5)","background-image":"","background-repeat":"repeat","background-position":"center center","background-size":"auto","background-attachment":"scroll","background-type":"","background-media":"","overlay-type":"","overlay-color":"","overlay-opacity":"","overlay-gradient":""},"tablet":{"background-color":"var(--ast-global-color-5)","background-image":"","background-repeat":"repeat","background-position":"center center","background-size":"auto","background-attachment":"scroll","background-type":"","background-media":"","overlay-type":"","overlay-color":"","overlay-opacity":"","overlay-gradient":""},"mobile":{"background-color":"var(--ast-global-color-5)","background-image":"","background-repeat":"repeat","background-position":"center center","background-size":"auto","background-attachment":"scroll","background-type":"","background-media":"","overlay-type":"","overlay-color":"","overlay-opacity":"","overlay-gradient":""}}},"product_brand":[],"product_cat":[56,179,261,10817],"product_tag":[364,362,363,74,361,365],"class_list":{"0":"post-3659","1":"product","2":"type-product","3":"status-publish","4":"has-post-thumbnail","6":"product_cat-21th-century","7":"product_cat-gemaelde","8":"product_cat-jana-zanoskar","9":"product_cat-slowenisch","10":"product_tag-art","11":"product_tag-gemalde","12":"product_tag-kunst","13":"product_tag-painting","14":"product_tag-peintures","15":"product_tag-pittura","16":"desktop-align-center","17":"tablet-align-left","18":"mobile-align-left","20":"first","21":"instock","22":"taxable","23":"shipping-taxable","24":"product-type-simple"},"_links":{"self":[{"href":"https:\/\/collection.galerie-gerdes.com\/no\/wp-json\/wp\/v2\/product\/3659","targetHints":{"allow":["GET"]}}],"collection":[{"href":"https:\/\/collection.galerie-gerdes.com\/no\/wp-json\/wp\/v2\/product"}],"about":[{"href":"https:\/\/collection.galerie-gerdes.com\/no\/wp-json\/wp\/v2\/types\/product"}],"wp:featuredmedia":[{"embeddable":true,"href":"https:\/\/collection.galerie-gerdes.com\/no\/wp-json\/wp\/v2\/media\/3717"}],"wp:attachment":[{"href":"https:\/\/collection.galerie-gerdes.com\/no\/wp-json\/wp\/v2\/media?parent=3659"}],"wp:term":[{"taxonomy":"product_brand","embeddable":true,"href":"https:\/\/collection.galerie-gerdes.com\/no\/wp-json\/wp\/v2\/product_brand?post=3659"},{"taxonomy":"product_cat","embeddable":true,"href":"https:\/\/collection.galerie-gerdes.com\/no\/wp-json\/wp\/v2\/product_cat?post=3659"},{"taxonomy":"product_tag","embeddable":true,"href":"https:\/\/collection.galerie-gerdes.com\/no\/wp-json\/wp\/v2\/product_tag?post=3659"}],"curies":[{"name":"wp","href":"https:\/\/api.w.org\/{rel}","templated":true}]}}