{"id":470,"date":"2023-12-26T11:52:56","date_gmt":"2023-12-26T10:52:56","guid":{"rendered":"https:\/\/collection.galerie-gerdes.com\/?post_type=product&#038;p=470"},"modified":"2024-04-24T14:03:59","modified_gmt":"2024-04-24T12:03:59","slug":"paris-1904","status":"publish","type":"product","link":"https:\/\/collection.galerie-gerdes.com\/no\/p\/paris-1904\/","title":{"rendered":"Non finito Paris Ansicht mit Eifelturm, 1904 von Eduard Deventer, \u00d6lgem\u00e4lde auf Holz"},"content":{"rendered":"<p>Eduard Deventer, geboren am 12. Juli 1864 in Hamm und verstorben im Jahr 1928 in Berlin, war ein Kunstmaler.<\/p>\n<p>Seine Kindheit verbrachte Eduard Deventer im elterlichen Haus am Kentroper Weg 40 in Hamm. Er war das \u00e4lteste von f\u00fcnf Kindern von Bernhard und Johanna Deventer-Isselhorst. Sein Vater war als Drahtzieher t\u00e4tig, ein damals weit verbreiteter Beruf in Hamm.<\/p>\n<p>Im Jahr 1925 lebte Eduard Deventer in Zehlendorf bei Berlin. Er begann seine k\u00fcnstlerische Laufbahn als Handwerker und entwickelte sich sp\u00e4ter zum Sch\u00fcler der Kunstgewerbeschulen in D\u00fcsseldorf und M\u00fcnchen. Nach seinem Studium an der Kunstakademie in Berlin unternahm er zahlreiche Kunstreisen. Seine Werke, darunter Landschaften aus Italien und Deutschland, Kaiserportr\u00e4ts und andere Portr\u00e4ts, befinden sich gr\u00f6\u00dftenteils in privatem Besitz. Er malte und pr\u00e4sentierte Gem\u00e4lde, Aquarelle und Zeichnungen unter anderem im Gustav-L\u00fcbcke-Museum.<\/p>\n","protected":false},"excerpt":{"rendered":"<p>Eduard Deventer (1864-1928)<\/p>\n","protected":false},"featured_media":471,"template":"","meta":{"site-sidebar-layout":"default","site-content-layout":"","ast-site-content-layout":"default","site-content-style":"default","site-sidebar-style":"default","ast-global-header-display":"","ast-banner-title-visibility":"","ast-main-header-display":"","ast-hfb-above-header-display":"","ast-hfb-below-header-display":"","ast-hfb-mobile-header-display":"","site-post-title":"","ast-breadcrumbs-content":"","ast-featured-img":"","footer-sml-layout":"","ast-disable-related-posts":"","theme-transparent-header-meta":"default","adv-header-id-meta":"","stick-header-meta":"","header-above-stick-meta":"","header-main-stick-meta":"","header-below-stick-meta":"","astra-migrate-meta-layouts":"set","ast-page-background-enabled":"default","ast-page-background-meta":{"desktop":{"background-color":"var(--ast-global-color-4)","background-image":"","background-repeat":"repeat","background-position":"center center","background-size":"auto","background-attachment":"scroll","background-type":"","background-media":"","overlay-type":"","overlay-color":"","overlay-opacity":"","overlay-gradient":""},"tablet":{"background-color":"","background-image":"","background-repeat":"repeat","background-position":"center center","background-size":"auto","background-attachment":"scroll","background-type":"","background-media":"","overlay-type":"","overlay-color":"","overlay-opacity":"","overlay-gradient":""},"mobile":{"background-color":"","background-image":"","background-repeat":"repeat","background-position":"center center","background-size":"auto","background-attachment":"scroll","background-type":"","background-media":"","overlay-type":"","overlay-color":"","overlay-opacity":"","overlay-gradient":""}},"ast-content-background-meta":{"desktop":{"background-color":"var(--ast-global-color-5)","background-image":"","background-repeat":"repeat","background-position":"center center","background-size":"auto","background-attachment":"scroll","background-type":"","background-media":"","overlay-type":"","overlay-color":"","overlay-opacity":"","overlay-gradient":""},"tablet":{"background-color":"var(--ast-global-color-5)","background-image":"","background-repeat":"repeat","background-position":"center center","background-size":"auto","background-attachment":"scroll","background-type":"","background-media":"","overlay-type":"","overlay-color":"","overlay-opacity":"","overlay-gradient":""},"mobile":{"background-color":"var(--ast-global-color-5)","background-image":"","background-repeat":"repeat","background-position":"center center","background-size":"auto","background-attachment":"scroll","background-type":"","background-media":"","overlay-type":"","overlay-color":"","overlay-opacity":"","overlay-gradient":""}}},"product_brand":[],"product_cat":[52,25,163,179],"product_tag":[364,362,363,74,361,365],"class_list":{"0":"post-470","1":"product","2":"type-product","3":"status-publish","4":"has-post-thumbnail","6":"product_cat-20th-century","7":"product_cat-deutsch","8":"product_cat-eduard-deventer","9":"product_cat-gemaelde","10":"product_tag-art","11":"product_tag-gemalde","12":"product_tag-kunst","13":"product_tag-painting","14":"product_tag-peintures","15":"product_tag-pittura","16":"desktop-align-center","17":"tablet-align-left","18":"mobile-align-left","20":"first","21":"instock","22":"taxable","23":"shipping-taxable","24":"product-type-simple"},"_links":{"self":[{"href":"https:\/\/collection.galerie-gerdes.com\/no\/wp-json\/wp\/v2\/product\/470","targetHints":{"allow":["GET"]}}],"collection":[{"href":"https:\/\/collection.galerie-gerdes.com\/no\/wp-json\/wp\/v2\/product"}],"about":[{"href":"https:\/\/collection.galerie-gerdes.com\/no\/wp-json\/wp\/v2\/types\/product"}],"wp:featuredmedia":[{"embeddable":true,"href":"https:\/\/collection.galerie-gerdes.com\/no\/wp-json\/wp\/v2\/media\/471"}],"wp:attachment":[{"href":"https:\/\/collection.galerie-gerdes.com\/no\/wp-json\/wp\/v2\/media?parent=470"}],"wp:term":[{"taxonomy":"product_brand","embeddable":true,"href":"https:\/\/collection.galerie-gerdes.com\/no\/wp-json\/wp\/v2\/product_brand?post=470"},{"taxonomy":"product_cat","embeddable":true,"href":"https:\/\/collection.galerie-gerdes.com\/no\/wp-json\/wp\/v2\/product_cat?post=470"},{"taxonomy":"product_tag","embeddable":true,"href":"https:\/\/collection.galerie-gerdes.com\/no\/wp-json\/wp\/v2\/product_tag?post=470"}],"curies":[{"name":"wp","href":"https:\/\/api.w.org\/{rel}","templated":true}]}}