{"id":4940,"date":"2024-04-05T10:47:50","date_gmt":"2024-04-05T08:47:50","guid":{"rendered":"https:\/\/collection.galerie-gerdes.com\/?post_type=product&#038;p=4940"},"modified":"2024-04-24T14:01:09","modified_gmt":"2024-04-24T12:01:09","slug":"stilleben-gemalde-von-kurt-schuster","status":"publish","type":"product","link":"https:\/\/collection.galerie-gerdes.com\/no\/p\/stilleben-gemalde-von-kurt-schuster\/","title":{"rendered":"Stilleben, Gem\u00e4lde von Kurt SCHUSTER"},"content":{"rendered":"<p>Kurt Schuster wurde am 10. August 1906 in Forst\/Lausitz geboren und verstarb am 6. M\u00e4rz 1997 in Dresden. Er war ein renommierter deutscher Maler und Grafiker, der f\u00fcr seine herausragenden k\u00fcnstlerischen Arbeiten bekannt war.<\/p>\n<p>Seine k\u00fcnstlerische Begabung zeigte sich bereits in jungen Jahren durch qualit\u00e4tsvolle Zeichnungen, w\u00e4hrend sein Leben von der Musik und seinen Studien gepr\u00e4gt war. Nach einem Studium an der Akademie f\u00fcr Kunstgewerbe und der Akademie der Bildenden K\u00fcnste in Dresden, in denen er unter anderem von renommierten Lehrern wie Richard M\u00fcller unterrichtet wurde, er\u00f6ffneten ihm Erfolge bei Plakatwettbewerben erste M\u00f6glichkeiten als Grafiker und Maler.<\/p>\n<p>W\u00e4hrend der Zeit des Nationalsozialismus war Schuster Mitglied der Reichskammer der bildenden K\u00fcnste und des S\u00e4chsischen Kunstvereins. Nach dem Kriegsdienst und der Zerst\u00f6rung seiner Wohnung und fr\u00fcheren Werke im Bombardement Dresdens im Jahr 1945 setzte er seine k\u00fcnstlerische T\u00e4tigkeit fort. Als freier Grafiker und Maler arbeitete er f\u00fcr verschiedene Institutionen und wurde Mitglied bedeutender k\u00fcnstlerischer Verb\u00e4nde der DDR.<\/p>\n<p>Schusters Kunst zeichnete sich durch eine tiefe Verbundenheit mit der Natur, einer ruhigen Farbpalette und einer eindrucksvollen Darstellung von Licht und Schatten aus. Obwohl er sich politisch fernhielt, fanden sich in seinen Arbeiten oft christliche Motive und Themen, die seine christlich-humanistische Lebenshaltung widerspiegelten.<\/p>\n<p>Besonders bekannt wurden seine Werke durch Ver\u00f6ffentlichungen in regionalen Zeitungen und Kalendern sowie durch Auftr\u00e4ge von Museen und \u00f6ffentlichen Einrichtungen. Trotz seiner fast vollst\u00e4ndigen Erblindung im Jahr 1988 hinterlie\u00df Schuster ein bedeutendes k\u00fcnstlerisches Erbe und verstarb als angesehener K\u00fcnstler in Dresden.<\/p>\n","protected":false},"excerpt":{"rendered":"<p>Kurt SCHUSTER (1906-1997)<\/p>\n","protected":false},"featured_media":4941,"template":"","meta":{"site-sidebar-layout":"default","site-content-layout":"","ast-site-content-layout":"default","site-content-style":"default","site-sidebar-style":"default","ast-global-header-display":"","ast-banner-title-visibility":"","ast-main-header-display":"","ast-hfb-above-header-display":"","ast-hfb-below-header-display":"","ast-hfb-mobile-header-display":"","site-post-title":"","ast-breadcrumbs-content":"","ast-featured-img":"","footer-sml-layout":"","ast-disable-related-posts":"","theme-transparent-header-meta":"default","adv-header-id-meta":"","stick-header-meta":"","header-above-stick-meta":"","header-main-stick-meta":"","header-below-stick-meta":"","astra-migrate-meta-layouts":"set","ast-page-background-enabled":"default","ast-page-background-meta":{"desktop":{"background-color":"var(--ast-global-color-4)","background-image":"","background-repeat":"repeat","background-position":"center center","background-size":"auto","background-attachment":"scroll","background-type":"","background-media":"","overlay-type":"","overlay-color":"","overlay-opacity":"","overlay-gradient":""},"tablet":{"background-color":"","background-image":"","background-repeat":"repeat","background-position":"center center","background-size":"auto","background-attachment":"scroll","background-type":"","background-media":"","overlay-type":"","overlay-color":"","overlay-opacity":"","overlay-gradient":""},"mobile":{"background-color":"","background-image":"","background-repeat":"repeat","background-position":"center center","background-size":"auto","background-attachment":"scroll","background-type":"","background-media":"","overlay-type":"","overlay-color":"","overlay-opacity":"","overlay-gradient":""}},"ast-content-background-meta":{"desktop":{"background-color":"var(--ast-global-color-5)","background-image":"","background-repeat":"repeat","background-position":"center center","background-size":"auto","background-attachment":"scroll","background-type":"","background-media":"","overlay-type":"","overlay-color":"","overlay-opacity":"","overlay-gradient":""},"tablet":{"background-color":"var(--ast-global-color-5)","background-image":"","background-repeat":"repeat","background-position":"center center","background-size":"auto","background-attachment":"scroll","background-type":"","background-media":"","overlay-type":"","overlay-color":"","overlay-opacity":"","overlay-gradient":""},"mobile":{"background-color":"var(--ast-global-color-5)","background-image":"","background-repeat":"repeat","background-position":"center center","background-size":"auto","background-attachment":"scroll","background-type":"","background-media":"","overlay-type":"","overlay-color":"","overlay-opacity":"","overlay-gradient":""}}},"product_brand":[],"product_cat":[52,25,179,313,267],"product_tag":[364,362,363,74,361,365],"class_list":{"0":"post-4940","1":"product","2":"type-product","3":"status-publish","4":"has-post-thumbnail","6":"product_cat-20th-century","7":"product_cat-deutsch","8":"product_cat-gemaelde","9":"product_cat-kurt-schuster","10":"product_cat-oelgemaelde","11":"product_tag-art","12":"product_tag-gemalde","13":"product_tag-kunst","14":"product_tag-painting","15":"product_tag-peintures","16":"product_tag-pittura","17":"desktop-align-center","18":"tablet-align-left","19":"mobile-align-left","21":"first","22":"instock","23":"taxable","24":"shipping-taxable","25":"product-type-simple"},"_links":{"self":[{"href":"https:\/\/collection.galerie-gerdes.com\/no\/wp-json\/wp\/v2\/product\/4940","targetHints":{"allow":["GET"]}}],"collection":[{"href":"https:\/\/collection.galerie-gerdes.com\/no\/wp-json\/wp\/v2\/product"}],"about":[{"href":"https:\/\/collection.galerie-gerdes.com\/no\/wp-json\/wp\/v2\/types\/product"}],"wp:featuredmedia":[{"embeddable":true,"href":"https:\/\/collection.galerie-gerdes.com\/no\/wp-json\/wp\/v2\/media\/4941"}],"wp:attachment":[{"href":"https:\/\/collection.galerie-gerdes.com\/no\/wp-json\/wp\/v2\/media?parent=4940"}],"wp:term":[{"taxonomy":"product_brand","embeddable":true,"href":"https:\/\/collection.galerie-gerdes.com\/no\/wp-json\/wp\/v2\/product_brand?post=4940"},{"taxonomy":"product_cat","embeddable":true,"href":"https:\/\/collection.galerie-gerdes.com\/no\/wp-json\/wp\/v2\/product_cat?post=4940"},{"taxonomy":"product_tag","embeddable":true,"href":"https:\/\/collection.galerie-gerdes.com\/no\/wp-json\/wp\/v2\/product_tag?post=4940"}],"curies":[{"name":"wp","href":"https:\/\/api.w.org\/{rel}","templated":true}]}}