{"id":4955,"date":"2024-04-05T12:28:05","date_gmt":"2024-04-05T10:28:05","guid":{"rendered":"https:\/\/collection.galerie-gerdes.com\/?post_type=product&#038;p=4955"},"modified":"2024-09-26T17:16:31","modified_gmt":"2024-09-26T15:16:31","slug":"gemalde-von-peter-wurth","status":"publish","type":"product","link":"https:\/\/collection.galerie-gerdes.com\/no\/p\/gemalde-von-peter-wurth\/","title":{"rendered":"W\u00fcrzburg Festung, Gem\u00e4lde von Peter W\u00fcrth"},"content":{"rendered":"<p>Peter W\u00fcrth, geboren am 31. August 1873 in W\u00fcrzburg und verstorben am 10. April 1945 in Veitsh\u00f6chheim, war ein vielseitiger K\u00fcnstler als Maler, Zeichner, Grafiker und Exlibrisk\u00fcnstler. Er erlernte das Handwerk des Lithographen bei Franz Scheiner in W\u00fcrzburg und entwickelte seine F\u00e4higkeiten als Maler autodidaktisch.<\/p>\n<p>Seine Werke konzentrierten sich haupts\u00e4chlich auf Landschaften, Stadtansichten und religi\u00f6se Motive. Einige seiner Arbeiten sind Teil der Sammlungen der Stadt W\u00fcrzburg sowie des Mainfr\u00e4nkischen Museums in W\u00fcrzburg. Im Jahr 1995 wurde anl\u00e4sslich seines 50. Todestages eine Ausstellung mit dem Titel &laquo;Peter W\u00fcrth (1873 &#8211; 1945) &#8211; ein Veitsh\u00f6chheimer Maler&raquo; im J\u00fcdischen Kulturmuseum in Veitsh\u00f6chheim organisiert.<\/p>\n","protected":false},"excerpt":{"rendered":"<p>Peter W\u00fcrth (1873-1945)<\/p>\n","protected":false},"featured_media":4957,"template":"","meta":{"site-sidebar-layout":"default","site-content-layout":"","ast-site-content-layout":"default","site-content-style":"default","site-sidebar-style":"default","ast-global-header-display":"","ast-banner-title-visibility":"","ast-main-header-display":"","ast-hfb-above-header-display":"","ast-hfb-below-header-display":"","ast-hfb-mobile-header-display":"","site-post-title":"","ast-breadcrumbs-content":"","ast-featured-img":"","footer-sml-layout":"","ast-disable-related-posts":"","theme-transparent-header-meta":"default","adv-header-id-meta":"","stick-header-meta":"","header-above-stick-meta":"","header-main-stick-meta":"","header-below-stick-meta":"","astra-migrate-meta-layouts":"set","ast-page-background-enabled":"default","ast-page-background-meta":{"desktop":{"background-color":"var(--ast-global-color-4)","background-image":"","background-repeat":"repeat","background-position":"center center","background-size":"auto","background-attachment":"scroll","background-type":"","background-media":"","overlay-type":"","overlay-color":"","overlay-opacity":"","overlay-gradient":""},"tablet":{"background-color":"","background-image":"","background-repeat":"repeat","background-position":"center center","background-size":"auto","background-attachment":"scroll","background-type":"","background-media":"","overlay-type":"","overlay-color":"","overlay-opacity":"","overlay-gradient":""},"mobile":{"background-color":"","background-image":"","background-repeat":"repeat","background-position":"center center","background-size":"auto","background-attachment":"scroll","background-type":"","background-media":"","overlay-type":"","overlay-color":"","overlay-opacity":"","overlay-gradient":""}},"ast-content-background-meta":{"desktop":{"background-color":"var(--ast-global-color-5)","background-image":"","background-repeat":"repeat","background-position":"center center","background-size":"auto","background-attachment":"scroll","background-type":"","background-media":"","overlay-type":"","overlay-color":"","overlay-opacity":"","overlay-gradient":""},"tablet":{"background-color":"var(--ast-global-color-5)","background-image":"","background-repeat":"repeat","background-position":"center center","background-size":"auto","background-attachment":"scroll","background-type":"","background-media":"","overlay-type":"","overlay-color":"","overlay-opacity":"","overlay-gradient":""},"mobile":{"background-color":"var(--ast-global-color-5)","background-image":"","background-repeat":"repeat","background-position":"center center","background-size":"auto","background-attachment":"scroll","background-type":"","background-media":"","overlay-type":"","overlay-color":"","overlay-opacity":"","overlay-gradient":""}}},"product_brand":[],"product_cat":[52,25,179,409,267,315],"product_tag":[364,362,363,74,361,365],"class_list":{"0":"post-4955","1":"product","2":"type-product","3":"status-publish","4":"has-post-thumbnail","6":"product_cat-20th-century","7":"product_cat-deutsch","8":"product_cat-gemaelde","9":"product_cat-landschaft","10":"product_cat-oelgemaelde","11":"product_cat-peter-wurth","12":"product_tag-art","13":"product_tag-gemalde","14":"product_tag-kunst","15":"product_tag-painting","16":"product_tag-peintures","17":"product_tag-pittura","18":"desktop-align-center","19":"tablet-align-left","20":"mobile-align-left","22":"first","23":"instock","24":"taxable","25":"shipping-taxable","26":"product-type-simple"},"_links":{"self":[{"href":"https:\/\/collection.galerie-gerdes.com\/no\/wp-json\/wp\/v2\/product\/4955","targetHints":{"allow":["GET"]}}],"collection":[{"href":"https:\/\/collection.galerie-gerdes.com\/no\/wp-json\/wp\/v2\/product"}],"about":[{"href":"https:\/\/collection.galerie-gerdes.com\/no\/wp-json\/wp\/v2\/types\/product"}],"wp:featuredmedia":[{"embeddable":true,"href":"https:\/\/collection.galerie-gerdes.com\/no\/wp-json\/wp\/v2\/media\/4957"}],"wp:attachment":[{"href":"https:\/\/collection.galerie-gerdes.com\/no\/wp-json\/wp\/v2\/media?parent=4955"}],"wp:term":[{"taxonomy":"product_brand","embeddable":true,"href":"https:\/\/collection.galerie-gerdes.com\/no\/wp-json\/wp\/v2\/product_brand?post=4955"},{"taxonomy":"product_cat","embeddable":true,"href":"https:\/\/collection.galerie-gerdes.com\/no\/wp-json\/wp\/v2\/product_cat?post=4955"},{"taxonomy":"product_tag","embeddable":true,"href":"https:\/\/collection.galerie-gerdes.com\/no\/wp-json\/wp\/v2\/product_tag?post=4955"}],"curies":[{"name":"wp","href":"https:\/\/api.w.org\/{rel}","templated":true}]}}