{"id":511,"date":"2024-01-04T16:45:48","date_gmt":"2024-01-04T15:45:48","guid":{"rendered":"https:\/\/collection.galerie-gerdes.com\/?post_type=product&#038;p=511"},"modified":"2024-04-24T14:03:55","modified_gmt":"2024-04-24T12:03:55","slug":"portrait-einer-dame-in-einem-rotem-sessel","status":"publish","type":"product","link":"https:\/\/collection.galerie-gerdes.com\/no\/p\/portrait-einer-dame-in-einem-rotem-sessel\/","title":{"rendered":"Portr\u00e4t einer Dame in einem rotem Sessel, 1892, Alfred Tompson Gobert, Gem\u00e4lde"},"content":{"rendered":"<p>Alfred Tompson Gobert, franz\u00f6sischer. Maler, Emailleur und Keramiker (1822 Paris bis 1895 La Garenne-Bezons), Sohn des Pariser Malers Martial Gobert, ab 1840 Sch\u00fcler von Raymond Monvoisin, Charles Gleyre und Paul (Hippolyte) Delaroche, beschickte 1848\u201350 den Pariser Salon, auf Vermittlung von Jean-Auguste-Dominique Ingres und Delaroche 1849\u201391 Mitarbeiter und Leiter der Werkst\u00e4tten f\u00fcr Emailmalerei (Figurenmaler sur \u00e9mail et sur p\u00e2te) an der Manufaktur S\u00e8fres, er galt fortan als Erneuerer der alten Emailleurkunst von Limoges, seine Arbeiten wurden von Napoleon III. gern als Repr\u00e4sentationsgeschenke verwandt, nach Schlie\u00dfung der Emaillierateliers als Keramiker t\u00e4tig, beschickte die Weltausstellungen Antwerpen 1885 und Paris 1889, hier Ehrung mit Gold- und Silbermedaillen,<\/p>\n<p>Quelle: Thieme-Becker, Saur &laquo;Bio-Bibliographisches K\u00fcnstlerlexikon&raquo;, M\u00fcller-Singer, Neuwirth &laquo;Porzellanmalerlexikon&raquo; und B\u00e9n\u00e9zit.<\/p>\n","protected":false},"excerpt":{"rendered":"<p>zugeschrieben Alfred Tompson Gobert (1822-1895)<br \/>\nDeutliche Verunreinigungen.<\/p>\n","protected":false},"featured_media":517,"template":"","meta":{"site-sidebar-layout":"default","site-content-layout":"","ast-site-content-layout":"default","site-content-style":"default","site-sidebar-style":"default","ast-global-header-display":"","ast-banner-title-visibility":"","ast-main-header-display":"","ast-hfb-above-header-display":"","ast-hfb-below-header-display":"","ast-hfb-mobile-header-display":"","site-post-title":"","ast-breadcrumbs-content":"","ast-featured-img":"","footer-sml-layout":"","ast-disable-related-posts":"","theme-transparent-header-meta":"default","adv-header-id-meta":"","stick-header-meta":"","header-above-stick-meta":"","header-main-stick-meta":"","header-below-stick-meta":"","astra-migrate-meta-layouts":"set","ast-page-background-enabled":"default","ast-page-background-meta":{"desktop":{"background-color":"var(--ast-global-color-4)","background-image":"","background-repeat":"repeat","background-position":"center center","background-size":"auto","background-attachment":"scroll","background-type":"","background-media":"","overlay-type":"","overlay-color":"","overlay-opacity":"","overlay-gradient":""},"tablet":{"background-color":"","background-image":"","background-repeat":"repeat","background-position":"center center","background-size":"auto","background-attachment":"scroll","background-type":"","background-media":"","overlay-type":"","overlay-color":"","overlay-opacity":"","overlay-gradient":""},"mobile":{"background-color":"","background-image":"","background-repeat":"repeat","background-position":"center center","background-size":"auto","background-attachment":"scroll","background-type":"","background-media":"","overlay-type":"","overlay-color":"","overlay-opacity":"","overlay-gradient":""}},"ast-content-background-meta":{"desktop":{"background-color":"var(--ast-global-color-5)","background-image":"","background-repeat":"repeat","background-position":"center center","background-size":"auto","background-attachment":"scroll","background-type":"","background-media":"","overlay-type":"","overlay-color":"","overlay-opacity":"","overlay-gradient":""},"tablet":{"background-color":"var(--ast-global-color-5)","background-image":"","background-repeat":"repeat","background-position":"center center","background-size":"auto","background-attachment":"scroll","background-type":"","background-media":"","overlay-type":"","overlay-color":"","overlay-opacity":"","overlay-gradient":""},"mobile":{"background-color":"var(--ast-global-color-5)","background-image":"","background-repeat":"repeat","background-position":"center center","background-size":"auto","background-attachment":"scroll","background-type":"","background-media":"","overlay-type":"","overlay-color":"","overlay-opacity":"","overlay-gradient":""}}},"product_brand":[],"product_cat":[53,171,65,179],"product_tag":[364,362,363,74,361,365],"class_list":{"0":"post-511","1":"product","2":"type-product","3":"status-publish","4":"has-post-thumbnail","6":"product_cat-19th-century","7":"product_cat-alfred-thompson-gobert","8":"product_cat-franzoesisch","9":"product_cat-gemaelde","10":"product_tag-art","11":"product_tag-gemalde","12":"product_tag-kunst","13":"product_tag-painting","14":"product_tag-peintures","15":"product_tag-pittura","16":"desktop-align-center","17":"tablet-align-left","18":"mobile-align-left","20":"first","21":"instock","22":"taxable","23":"shipping-taxable","24":"product-type-simple"},"_links":{"self":[{"href":"https:\/\/collection.galerie-gerdes.com\/no\/wp-json\/wp\/v2\/product\/511","targetHints":{"allow":["GET"]}}],"collection":[{"href":"https:\/\/collection.galerie-gerdes.com\/no\/wp-json\/wp\/v2\/product"}],"about":[{"href":"https:\/\/collection.galerie-gerdes.com\/no\/wp-json\/wp\/v2\/types\/product"}],"wp:featuredmedia":[{"embeddable":true,"href":"https:\/\/collection.galerie-gerdes.com\/no\/wp-json\/wp\/v2\/media\/517"}],"wp:attachment":[{"href":"https:\/\/collection.galerie-gerdes.com\/no\/wp-json\/wp\/v2\/media?parent=511"}],"wp:term":[{"taxonomy":"product_brand","embeddable":true,"href":"https:\/\/collection.galerie-gerdes.com\/no\/wp-json\/wp\/v2\/product_brand?post=511"},{"taxonomy":"product_cat","embeddable":true,"href":"https:\/\/collection.galerie-gerdes.com\/no\/wp-json\/wp\/v2\/product_cat?post=511"},{"taxonomy":"product_tag","embeddable":true,"href":"https:\/\/collection.galerie-gerdes.com\/no\/wp-json\/wp\/v2\/product_tag?post=511"}],"curies":[{"name":"wp","href":"https:\/\/api.w.org\/{rel}","templated":true}]}}