{"id":7114,"date":"2024-05-20T11:26:53","date_gmt":"2024-05-20T09:26:53","guid":{"rendered":"https:\/\/collection.galerie-gerdes.com\/?post_type=product&#038;p=7114"},"modified":"2024-05-22T10:09:46","modified_gmt":"2024-05-22T08:09:46","slug":"weihnachtsstillleben-mit-nikolaus-puppe-und-weihnachtsstern-stanislaw-stueckgold","status":"publish","type":"product","link":"https:\/\/collection.galerie-gerdes.com\/no\/p\/weihnachtsstillleben-mit-nikolaus-puppe-und-weihnachtsstern-stanislaw-stueckgold\/","title":{"rendered":"Weihnachtsstillleben mit Nikolaus, Puppe und Weihnachtsstern | Stanislaw ST\u00dcCKGOLD"},"content":{"rendered":"<p>Stanislaus St\u00fcckgold, auch bekannt als Stanis\u0142aw oder Stanislas, wurde am 18. Mai 1868 in Warschau, im damaligen Russischen Kaiserreich, geboren. Er entstammte einer j\u00fcdischen Kaufmannsfamilie. Seine Ausbildung begann am Warschauer Polytechnikum, bevor er Chemie und Philosophie in Z\u00fcrich und Paris studierte. Nach seinem Wehrdienst in der russischen Armee arbeitete er in verschiedenen Positionen, darunter als Assistent in chemischen Laboratorien in Berlin und D\u00fcsseldorf sowie als Betriebsleiter einer Chemiefabrik in Warschau. Nebenbei war er auch in der Textilindustrie, im Kesselfeuerungswesen und im Eisenbahn- und Dampfschiffgesch\u00e4ft t\u00e4tig.<\/p>\n<p>In den Jahren 1905\/06 unterst\u00fctzte St\u00fcckgold die Revolution in Polen auf sozialistischer, nationalpolnischer und j\u00fcdischer Seite und wurde daf\u00fcr mehrfach verhaftet und inhaftiert. Nach der Niederschlagung der Revolution entschied er sich, seine Ingenieurst\u00e4tigkeit aufzugeben und begann ein Kunststudium in Warschau. Um einer drohenden Verschleppung nach Sibirien zu entgehen, floh er 1907 nach M\u00fcnchen und wurde Sch\u00fcler des ungarischen Malers Simon Holl\u00f3sy. Dort lernte er auch seine sp\u00e4tere Frau Elisabeth Veress kennen.<\/p>\n<p>Im Oktober 1908 zog St\u00fcckgold nach Paris, wo er Sch\u00fcler von Henri Matisse wurde. Er stellte regelm\u00e4\u00dfig im Salon des Ind\u00e9pendants aus und lernte K\u00fcnstler wie Henri Rousseau kennen. 1913 siedelte er mit seiner Frau nach M\u00fcnchen \u00fcber und wurde Anh\u00e4nger der Anthroposophie. Unter dem Einfluss von Marianne Werefkin und Hans Goltz stellte er seine Werke aus und er\u00f6ffnete eine Malschule in M\u00fcnchen, die er bis 1921 leitete.<\/p>\n<p>Nach der Trennung von seiner Frau im Jahr 1920 kehrte St\u00fcckgold nach Paris zur\u00fcck, wo er bis 1926 erneut eine Malschule leitete. Sein malerisches Werk umfasst Landschaften, Stillleben und Portr\u00e4ts, darunter auch bekannte Pers\u00f6nlichkeiten wie Albert Einstein und Else Lasker-Sch\u00fcler. Nach seinem Tod im Jahr 1933 wurde ihm posthum eine Retrospektive in der Galerie Bernheim-Jeune gewidmet.<\/p>\n<p>Stanislaus St\u00fcckgold hinterlie\u00df ein k\u00fcnstlerisches Erbe von leuchtenden Farben und expressiver Darstellung, das seine Vielseitigkeit und sein Talent als Maler widerspiegelt.<\/p>\n","protected":false},"excerpt":{"rendered":"<p>Stanislaw ST\u00dcCKGOLD (1868-1933)<\/p>\n","protected":false},"featured_media":7138,"template":"","meta":{"site-sidebar-layout":"default","site-content-layout":"","ast-site-content-layout":"default","site-content-style":"default","site-sidebar-style":"default","ast-global-header-display":"","ast-banner-title-visibility":"","ast-main-header-display":"","ast-hfb-above-header-display":"","ast-hfb-below-header-display":"","ast-hfb-mobile-header-display":"","site-post-title":"","ast-breadcrumbs-content":"","ast-featured-img":"","footer-sml-layout":"","ast-disable-related-posts":"","theme-transparent-header-meta":"default","adv-header-id-meta":"","stick-header-meta":"","header-above-stick-meta":"","header-main-stick-meta":"","header-below-stick-meta":"","astra-migrate-meta-layouts":"set","ast-page-background-enabled":"default","ast-page-background-meta":{"desktop":{"background-color":"var(--ast-global-color-4)","background-image":"","background-repeat":"repeat","background-position":"center center","background-size":"auto","background-attachment":"scroll","background-type":"","background-media":"","overlay-type":"","overlay-color":"","overlay-opacity":"","overlay-gradient":""},"tablet":{"background-color":"","background-image":"","background-repeat":"repeat","background-position":"center center","background-size":"auto","background-attachment":"scroll","background-type":"","background-media":"","overlay-type":"","overlay-color":"","overlay-opacity":"","overlay-gradient":""},"mobile":{"background-color":"","background-image":"","background-repeat":"repeat","background-position":"center center","background-size":"auto","background-attachment":"scroll","background-type":"","background-media":"","overlay-type":"","overlay-color":"","overlay-opacity":"","overlay-gradient":""}},"ast-content-background-meta":{"desktop":{"background-color":"var(--ast-global-color-5)","background-image":"","background-repeat":"repeat","background-position":"center center","background-size":"auto","background-attachment":"scroll","background-type":"","background-media":"","overlay-type":"","overlay-color":"","overlay-opacity":"","overlay-gradient":""},"tablet":{"background-color":"var(--ast-global-color-5)","background-image":"","background-repeat":"repeat","background-position":"center center","background-size":"auto","background-attachment":"scroll","background-type":"","background-media":"","overlay-type":"","overlay-color":"","overlay-opacity":"","overlay-gradient":""},"mobile":{"background-color":"var(--ast-global-color-5)","background-image":"","background-repeat":"repeat","background-position":"center center","background-size":"auto","background-attachment":"scroll","background-type":"","background-media":"","overlay-type":"","overlay-color":"","overlay-opacity":"","overlay-gradient":""}}},"product_brand":[],"product_cat":[52,179,267,403,404,408],"product_tag":[],"class_list":{"0":"post-7114","1":"product","2":"type-product","3":"status-publish","4":"has-post-thumbnail","6":"product_cat-20th-century","7":"product_cat-gemaelde","8":"product_cat-oelgemaelde","9":"product_cat-polnisch","10":"product_cat-stanislaw-stueckgold","11":"product_cat-stillleben","12":"desktop-align-center","13":"tablet-align-left","14":"mobile-align-left","16":"first","17":"instock","18":"taxable","19":"shipping-taxable","20":"product-type-simple"},"_links":{"self":[{"href":"https:\/\/collection.galerie-gerdes.com\/no\/wp-json\/wp\/v2\/product\/7114","targetHints":{"allow":["GET"]}}],"collection":[{"href":"https:\/\/collection.galerie-gerdes.com\/no\/wp-json\/wp\/v2\/product"}],"about":[{"href":"https:\/\/collection.galerie-gerdes.com\/no\/wp-json\/wp\/v2\/types\/product"}],"wp:featuredmedia":[{"embeddable":true,"href":"https:\/\/collection.galerie-gerdes.com\/no\/wp-json\/wp\/v2\/media\/7138"}],"wp:attachment":[{"href":"https:\/\/collection.galerie-gerdes.com\/no\/wp-json\/wp\/v2\/media?parent=7114"}],"wp:term":[{"taxonomy":"product_brand","embeddable":true,"href":"https:\/\/collection.galerie-gerdes.com\/no\/wp-json\/wp\/v2\/product_brand?post=7114"},{"taxonomy":"product_cat","embeddable":true,"href":"https:\/\/collection.galerie-gerdes.com\/no\/wp-json\/wp\/v2\/product_cat?post=7114"},{"taxonomy":"product_tag","embeddable":true,"href":"https:\/\/collection.galerie-gerdes.com\/no\/wp-json\/wp\/v2\/product_tag?post=7114"}],"curies":[{"name":"wp","href":"https:\/\/api.w.org\/{rel}","templated":true}]}}