{"id":117,"date":"2023-12-17T15:15:55","date_gmt":"2023-12-17T14:15:55","guid":{"rendered":"https:\/\/collection.galerie-gerdes.com\/?post_type=product&#038;p=117"},"modified":"2024-04-24T14:06:55","modified_gmt":"2024-04-24T12:06:55","slug":"franz-schicker-1983","status":"publish","type":"product","link":"https:\/\/collection.galerie-gerdes.com\/pl\/p\/franz-schicker-1983\/","title":{"rendered":"Franz Schicker, 1983, Filz-\/Federzeichnung"},"content":{"rendered":"<p>Geboren wurde Prof. Franz Schicker im Jahr 1915 entweder in V\u00f6cklabruck oder Regau, und er verstarb am 18. Februar 2010. Er f\u00fchrte ein vielseitiges K\u00fcnstlerleben in \u00d6sterreich als Maler, Zeichner, Kunsterzieher und Kunstvermittler. Nach dem Zweiten Weltkrieg setzte er sich im Jahr 1946 aktiv f\u00fcr die Wiedergr\u00fcndung der K\u00fcnstlergilde Salzkammergut ein. F\u00fcr eine lange Zeitspanne von 1955 bis 1978 hatte er das Amt des Pr\u00e4sidenten inne, und ab 1980 wurde ihm die Ehrenpr\u00e4sidentschaft verliehen.<\/p>\n<p>&nbsp;<\/p>\n<p>Herkunftsweise aus Rutzenmoos absolvierte dieser K\u00fcnstler sein Malereistudium von 1936 bis 1942 an der Akademie der bildenden K\u00fcnste in Wien, wo er unter Lardin studierte. Als ein Realist mit Einfl\u00fcssen des Kubismus wurde er zu einem prominenten Wegbereiter der Moderne im Salzkammergut. In dieser Region unterrichtete er an mehreren Schulen und schuf zahlreiche, oft monumentale Auftragsarbeiten, die im \u00f6ffentlichen Raum zu bewundern sind.<\/p>\n<p>&nbsp;<\/p>\n<p>W\u00e4hrend seiner Zeit an der Spitze der K\u00fcnstlergilde Salzkammergut, organisierte er Wanderausstellungen der Gildenmitglieder im Salzkammergut und koordinierte Austauschausstellungen mit Kunstvereinen in \u00d6sterreich und Bayern. Eine seiner ma\u00dfgeblichen Errungenschaften war die ma\u00dfgebliche Beteiligung an der Sanierung des historischen Kammerhofgeb\u00e4udes in Gmunden, aus der die dauerhafte Kammhofgalerie als Ausstellungsstandort der Gilde hervorging.<\/p>\n<p>&nbsp;<\/p>\n<p>In dieser Zeit entstand in Gmunden auch eine Druckwerkstatt, die sowohl als Arbeitsort als auch als Ausbildungsst\u00e4tte und Treffpunkt f\u00fcr K\u00fcnstler diente. Neben seiner T\u00e4tigkeit in der K\u00fcnstlergilde war Schicker Mitglied des Ober\u00f6sterreichischen Kunstvereins und der Berufsvereinigung bildender K\u00fcnstler Ober\u00f6sterreichs.<\/p>\n","protected":false},"excerpt":{"rendered":"<p>Geboren wurde Prof. Franz Schicker im Jahr 1915 entweder in V\u00f6cklabruck oder Regau, und er verstarb am 18. Februar 2010.<\/p>\n","protected":false},"featured_media":139,"template":"","meta":{"site-sidebar-layout":"default","site-content-layout":"","ast-site-content-layout":"default","site-content-style":"default","site-sidebar-style":"default","ast-global-header-display":"","ast-banner-title-visibility":"","ast-main-header-display":"","ast-hfb-above-header-display":"","ast-hfb-below-header-display":"","ast-hfb-mobile-header-display":"","site-post-title":"","ast-breadcrumbs-content":"","ast-featured-img":"","footer-sml-layout":"","ast-disable-related-posts":"","theme-transparent-header-meta":"default","adv-header-id-meta":"","stick-header-meta":"","header-above-stick-meta":"","header-main-stick-meta":"","header-below-stick-meta":"","astra-migrate-meta-layouts":"set","ast-page-background-enabled":"default","ast-page-background-meta":{"desktop":{"background-color":"var(--ast-global-color-4)","background-image":"","background-repeat":"repeat","background-position":"center center","background-size":"auto","background-attachment":"scroll","background-type":"","background-media":"","overlay-type":"","overlay-color":"","overlay-opacity":"","overlay-gradient":""},"tablet":{"background-color":"","background-image":"","background-repeat":"repeat","background-position":"center center","background-size":"auto","background-attachment":"scroll","background-type":"","background-media":"","overlay-type":"","overlay-color":"","overlay-opacity":"","overlay-gradient":""},"mobile":{"background-color":"","background-image":"","background-repeat":"repeat","background-position":"center center","background-size":"auto","background-attachment":"scroll","background-type":"","background-media":"","overlay-type":"","overlay-color":"","overlay-opacity":"","overlay-gradient":""}},"ast-content-background-meta":{"desktop":{"background-color":"var(--ast-global-color-5)","background-image":"","background-repeat":"repeat","background-position":"center center","background-size":"auto","background-attachment":"scroll","background-type":"","background-media":"","overlay-type":"","overlay-color":"","overlay-opacity":"","overlay-gradient":""},"tablet":{"background-color":"var(--ast-global-color-5)","background-image":"","background-repeat":"repeat","background-position":"center center","background-size":"auto","background-attachment":"scroll","background-type":"","background-media":"","overlay-type":"","overlay-color":"","overlay-opacity":"","overlay-gradient":""},"mobile":{"background-color":"var(--ast-global-color-5)","background-image":"","background-repeat":"repeat","background-position":"center center","background-size":"auto","background-attachment":"scroll","background-type":"","background-media":"","overlay-type":"","overlay-color":"","overlay-opacity":"","overlay-gradient":""}}},"product_brand":[],"product_cat":[15,52,76,179],"product_tag":[364,79,38,78,77,362,363,74,361,365],"class_list":{"0":"post-117","1":"product","2":"type-product","3":"status-publish","4":"has-post-thumbnail","6":"product_cat-oesterreichisch","7":"product_cat-20th-century","8":"product_cat-franz-schicker","9":"product_cat-gemaelde","10":"product_tag-art","11":"product_tag-coal","12":"product_tag-drawing","13":"product_tag-erotik","14":"product_tag-franz-schicker","15":"product_tag-gemalde","16":"product_tag-kunst","17":"product_tag-painting","18":"product_tag-peintures","19":"product_tag-pittura","20":"desktop-align-center","21":"tablet-align-left","22":"mobile-align-left","24":"first","25":"instock","26":"taxable","27":"shipping-taxable","28":"product-type-simple"},"_links":{"self":[{"href":"https:\/\/collection.galerie-gerdes.com\/pl\/wp-json\/wp\/v2\/product\/117","targetHints":{"allow":["GET"]}}],"collection":[{"href":"https:\/\/collection.galerie-gerdes.com\/pl\/wp-json\/wp\/v2\/product"}],"about":[{"href":"https:\/\/collection.galerie-gerdes.com\/pl\/wp-json\/wp\/v2\/types\/product"}],"wp:featuredmedia":[{"embeddable":true,"href":"https:\/\/collection.galerie-gerdes.com\/pl\/wp-json\/wp\/v2\/media\/139"}],"wp:attachment":[{"href":"https:\/\/collection.galerie-gerdes.com\/pl\/wp-json\/wp\/v2\/media?parent=117"}],"wp:term":[{"taxonomy":"product_brand","embeddable":true,"href":"https:\/\/collection.galerie-gerdes.com\/pl\/wp-json\/wp\/v2\/product_brand?post=117"},{"taxonomy":"product_cat","embeddable":true,"href":"https:\/\/collection.galerie-gerdes.com\/pl\/wp-json\/wp\/v2\/product_cat?post=117"},{"taxonomy":"product_tag","embeddable":true,"href":"https:\/\/collection.galerie-gerdes.com\/pl\/wp-json\/wp\/v2\/product_tag?post=117"}],"curies":[{"name":"wp","href":"https:\/\/api.w.org\/{rel}","templated":true}]}}