{"id":300691,"date":"2024-12-29T23:20:46","date_gmt":"2024-12-29T22:20:46","guid":{"rendered":"https:\/\/www.collection.galerie-gerdes.com\/?post_type=product&#038;p=300691"},"modified":"2025-01-06T22:05:14","modified_gmt":"2025-01-06T21:05:14","slug":"denkmal-wien-1916-aquarell-von-leopold-welleba","status":"publish","type":"product","link":"https:\/\/collection.galerie-gerdes.com\/pl\/p\/denkmal-wien-1916-aquarell-von-leopold-welleba\/","title":{"rendered":"Denkmal in Wien, 1916 | Aquarell von Leopold Welleba"},"content":{"rendered":"<p><strong>Leopold Columban Josef Welleba <\/strong>(*30. Januar 1878 in Wien; \u202024. Dezember 1953 in Wien) war ein \u00f6sterreichischer Komponist und Maler.<\/p>\n<p>Als zw\u00f6lftes Kind eines Architekten und Neffe des Subpriors des Schottenstiftes, Pater Columbanus Welleba (\u20201902), genoss Leopold Welleba fr\u00fch eine umfassende musikalische Ausbildung. Ab 1888 war er Hofs\u00e4ngerknabe in der Wiener Hofkapelle und wurde von Rudolf Bibl und Josef Zoczek unterrichtet. Nach seinem Ausscheiden aus der Hofkapelle 1892 erhielt er kurzzeitig Privatunterricht bei Anton Bruckner sowie bei Eusebius Mandyczewski.<\/p>\n<p>Obwohl er musikalisch ausgebildet war, wandte sich Welleba zun\u00e4chst der bildenden Kunst zu. An der Akademie der bildenden K\u00fcnste in Wien studierte er unter Edmund Hellmer (Plastik) und Christian Griepenkerl (Malerei). Seine Erfahrungen in der Hofkapelle hielt er sp\u00e4ter in einer Sammlung von 16 Aquarellen k\u00fcnstlerisch fest.<\/p>\n<p>1905 wurden erstmals seine Kompositionen \u00f6ffentlich aufgef\u00fchrt. Gleichzeitig war er als Portr\u00e4tmaler t\u00e4tig. Seine Heirat mit der Fabrikantentochter Helene F\u00fcrst (1876\u20131936) im Jahr 1906 erm\u00f6glichte es ihm, sich auf eine freischaffende Karriere als Komponist zu konzentrieren. Nebenbei arbeitete Welleba als privater Musikp\u00e4dagoge und absolvierte um 1908 eine Kapellmeisterausbildung an der Musikschule Kaiser.<\/p>\n<p>Die Urauff\u00fchrung seiner Oper <em>Stock im Eisen<\/em> am 5. Dezember 1909 im Theater an der Wien, die zu wohlt\u00e4tigen Zwecken veranstaltet wurde, erhielt jedoch vernichtende Kritiken. Man warf Welleba \u201eDilettantismus\u201c vor. Sp\u00e4tere Auff\u00fchrungen seiner Instrumentalmusik und Lieder wurden hingegen positiv aufgenommen, und einige seiner Werke wurden auch auf Radio Wien gesendet.<\/p>\n<p>Welleba trat am 22. Februar 1932 der NSDAP bei und war zudem Leiter der Fachgruppe f\u00fcr ernste Musik in der NS-Kulturgemeinde. 1936 wurde er wegen seiner illegalen politischen Aktivit\u00e4ten verhaftet, jedoch nach mehr als 20 Tagen Haft durch einen Amnestieerlass freigelassen.<\/p>\n<p>Musikalisch f\u00fchlte sich Welleba der romantischen Tradition von Richard Wagner und Anton Bruckner verpflichtet. In einer Selbstbiographie lehnte er die \u201eNeue Musik\u201c vehement ab und verband diese mit antisemitischen Ansichten, die er offen \u00e4u\u00dferte: \u201eF\u00fcr mich war diese artfremde Musik der Atonalen eben eine j\u00fcdische Angelegenheit, die meinen innersten Gef\u00fchlen widersprach und ich scheute mich auch gar nicht, dies offen auszusprechen.\u201c<\/p>\n","protected":false},"excerpt":{"rendered":"<p>Leopold Welleba (1878-1953)<\/p>\n","protected":false},"featured_media":303524,"template":"","meta":{"site-sidebar-layout":"default","site-content-layout":"","ast-site-content-layout":"default","site-content-style":"default","site-sidebar-style":"default","ast-global-header-display":"","ast-banner-title-visibility":"","ast-main-header-display":"","ast-hfb-above-header-display":"","ast-hfb-below-header-display":"","ast-hfb-mobile-header-display":"","site-post-title":"","ast-breadcrumbs-content":"","ast-featured-img":"","footer-sml-layout":"","ast-disable-related-posts":"","theme-transparent-header-meta":"default","adv-header-id-meta":"","stick-header-meta":"","header-above-stick-meta":"","header-main-stick-meta":"","header-below-stick-meta":"","astra-migrate-meta-layouts":"set","ast-page-background-enabled":"default","ast-page-background-meta":{"desktop":{"background-color":"var(--ast-global-color-4)","background-image":"","background-repeat":"repeat","background-position":"center center","background-size":"auto","background-attachment":"scroll","background-type":"","background-media":"","overlay-type":"","overlay-color":"","overlay-opacity":"","overlay-gradient":""},"tablet":{"background-color":"","background-image":"","background-repeat":"repeat","background-position":"center center","background-size":"auto","background-attachment":"scroll","background-type":"","background-media":"","overlay-type":"","overlay-color":"","overlay-opacity":"","overlay-gradient":""},"mobile":{"background-color":"","background-image":"","background-repeat":"repeat","background-position":"center center","background-size":"auto","background-attachment":"scroll","background-type":"","background-media":"","overlay-type":"","overlay-color":"","overlay-opacity":"","overlay-gradient":""}},"ast-content-background-meta":{"desktop":{"background-color":"var(--ast-global-color-5)","background-image":"","background-repeat":"repeat","background-position":"center center","background-size":"auto","background-attachment":"scroll","background-type":"","background-media":"","overlay-type":"","overlay-color":"","overlay-opacity":"","overlay-gradient":""},"tablet":{"background-color":"var(--ast-global-color-5)","background-image":"","background-repeat":"repeat","background-position":"center center","background-size":"auto","background-attachment":"scroll","background-type":"","background-media":"","overlay-type":"","overlay-color":"","overlay-opacity":"","overlay-gradient":""},"mobile":{"background-color":"var(--ast-global-color-5)","background-image":"","background-repeat":"repeat","background-position":"center center","background-size":"auto","background-attachment":"scroll","background-type":"","background-media":"","overlay-type":"","overlay-color":"","overlay-opacity":"","overlay-gradient":""}}},"product_brand":[],"product_cat":[14732],"product_tag":[],"class_list":{"0":"post-300691","1":"product","2":"type-product","3":"status-publish","4":"has-post-thumbnail","6":"product_cat-leopold-welleba","7":"desktop-align-center","8":"tablet-align-left","9":"mobile-align-left","11":"first","12":"instock","13":"taxable","14":"shipping-taxable","15":"product-type-simple"},"_links":{"self":[{"href":"https:\/\/collection.galerie-gerdes.com\/pl\/wp-json\/wp\/v2\/product\/300691","targetHints":{"allow":["GET"]}}],"collection":[{"href":"https:\/\/collection.galerie-gerdes.com\/pl\/wp-json\/wp\/v2\/product"}],"about":[{"href":"https:\/\/collection.galerie-gerdes.com\/pl\/wp-json\/wp\/v2\/types\/product"}],"wp:featuredmedia":[{"embeddable":true,"href":"https:\/\/collection.galerie-gerdes.com\/pl\/wp-json\/wp\/v2\/media\/303524"}],"wp:attachment":[{"href":"https:\/\/collection.galerie-gerdes.com\/pl\/wp-json\/wp\/v2\/media?parent=300691"}],"wp:term":[{"taxonomy":"product_brand","embeddable":true,"href":"https:\/\/collection.galerie-gerdes.com\/pl\/wp-json\/wp\/v2\/product_brand?post=300691"},{"taxonomy":"product_cat","embeddable":true,"href":"https:\/\/collection.galerie-gerdes.com\/pl\/wp-json\/wp\/v2\/product_cat?post=300691"},{"taxonomy":"product_tag","embeddable":true,"href":"https:\/\/collection.galerie-gerdes.com\/pl\/wp-json\/wp\/v2\/product_tag?post=300691"}],"curies":[{"name":"wp","href":"https:\/\/api.w.org\/{rel}","templated":true}]}}