{"id":309079,"date":"2023-12-16T16:23:37","date_gmt":"2023-12-16T15:23:37","guid":{"rendered":"https:\/\/collection.galerie-gerdes.com\/produkt\/dunski-krajobraz-dom-nad-jeziorem-obraz-achtona-friisa\/"},"modified":"2023-12-16T16:23:37","modified_gmt":"2023-12-16T15:23:37","slug":"dunski-krajobraz-dom-nad-jeziorem-obraz-achtona-friisa","status":"publish","type":"product","link":"https:\/\/collection.galerie-gerdes.com\/pl\/p\/dunski-krajobraz-dom-nad-jeziorem-obraz-achtona-friisa\/","title":{"rendered":"Du\u0144ski krajobraz, dom nad jeziorem, obraz Achtona Friisa"},"content":{"rendered":"<p>Achton Johannes Friis (1871-1939) by\u0142 znanym malarzem i ilustratorem. Urodzi\u0142 si\u0119 5 wrze\u015bnia 1871 r. w Trustrup, Lyngby Sogn, hrabstwo Randers, a zmar\u0142 17 grudnia 1939 r. w Kopenhadze. Jego matka, Maren F. Fries, by\u0142a c\u00f3rk\u0105 rolnika i 15 grudnia 1909 r. po\u015blubi\u0142a w Kopenhadze skrzypaczk\u0119 Marth\u0119 Elster. Martha urodzi\u0142a si\u0119 w tym samym mie\u015bcie 17 wrze\u015bnia 1879 roku i zmar\u0142a w Frederiksberg 28 lutego 1966 roku. By\u0142a c\u00f3rk\u0105 kapitana Gregersa E. i Lovise Augusty Petersen, kt\u00f3rzy byli zamo\u017cni.    <\/p>\n<p>Achton Friis by\u0142 wszechstronnym cz\u0142owiekiem, kt\u00f3ry \u0142\u0105czy\u0142 w sobie cechy rolnika z arystokratyczn\u0105 postaw\u0105. Ta unikalna mieszanka pozwoli\u0142a mu prowadzi\u0107 \u017cycie, kt\u00f3re by\u0142o zar\u00f3wno oddane, jak i wyj\u0105tkowo znacz\u0105ce, chocia\u017c nie by\u0142 wybitnie utalentowany w \u017cadnej z dziedzin. Podczas du\u0144skiej wyprawy z Myliusem-Erichsenem odkry\u0142 sw\u00f3j talent jako pisarz i artysta wizualny, g\u0142\u0119boko poruszony krajobrazami p\u00f3\u0142nocno-wschodniego wybrze\u017ca Grenlandii. Stworzy\u0142 seri\u0119 \u017cywych i imponuj\u0105cych obraz\u00f3w krajobrazowych, a tak\u017ce wytrawione i namalowane portrety, mi\u0119dzy innymi swojego przyjaciela J\u00f8rgena Br\u00f8nlunda. Prace te by\u0142y reprodukowane w ksi\u0105\u017ckach Myliusa-Erichsena po\u015bwi\u0119conych Grenlandii.    <\/p>\n<p>Opr\u00f3cz dzia\u0142alno\u015bci artystycznej Friis pisa\u0142 r\u00f3wnie\u017c i ilustrowa\u0142 dzienniki z podr\u00f3\u017cy, takie jak jego ksi\u0105\u017cka &#8222;Arctic Hunter&#8221;. Jego prawdziwym darem by\u0142o jednak uchwycenie r\u00f3\u017cnorodnego pi\u0119kna Danii oczami artysty. Jego prace, &#8222;Wyspy Du\u0144czyk\u00f3w  <\/p>\n","protected":false},"excerpt":{"rendered":"<p>Achton Johannes Friis (1871-1939)<br \/>\nPojedyncze ubytki koloru, zadrapania, wgniecenia<\/p>\n","protected":false},"featured_media":309080,"template":"","meta":{"site-sidebar-layout":"default","site-content-layout":"","ast-site-content-layout":"default","site-content-style":"default","site-sidebar-style":"default","ast-global-header-display":"","ast-banner-title-visibility":"","ast-main-header-display":"","ast-hfb-above-header-display":"","ast-hfb-below-header-display":"","ast-hfb-mobile-header-display":"","site-post-title":"","ast-breadcrumbs-content":"","ast-featured-img":"","footer-sml-layout":"","ast-disable-related-posts":"","theme-transparent-header-meta":"default","adv-header-id-meta":"","stick-header-meta":"","header-above-stick-meta":"","header-main-stick-meta":"","header-below-stick-meta":"","astra-migrate-meta-layouts":"default","ast-page-background-enabled":"default","ast-page-background-meta":{"desktop":{"background-color":"var(--ast-global-color-4)","background-image":"","background-repeat":"repeat","background-position":"center center","background-size":"auto","background-attachment":"scroll","background-type":"","background-media":"","overlay-type":"","overlay-color":"","overlay-opacity":"","overlay-gradient":""},"tablet":{"background-color":"","background-image":"","background-repeat":"repeat","background-position":"center center","background-size":"auto","background-attachment":"scroll","background-type":"","background-media":"","overlay-type":"","overlay-color":"","overlay-opacity":"","overlay-gradient":""},"mobile":{"background-color":"","background-image":"","background-repeat":"repeat","background-position":"center center","background-size":"auto","background-attachment":"scroll","background-type":"","background-media":"","overlay-type":"","overlay-color":"","overlay-opacity":"","overlay-gradient":""}},"ast-content-background-meta":{"desktop":{"background-color":"var(--ast-global-color-5)","background-image":"","background-repeat":"repeat","background-position":"center center","background-size":"auto","background-attachment":"scroll","background-type":"","background-media":"","overlay-type":"","overlay-color":"","overlay-opacity":"","overlay-gradient":""},"tablet":{"background-color":"var(--ast-global-color-5)","background-image":"","background-repeat":"repeat","background-position":"center center","background-size":"auto","background-attachment":"scroll","background-type":"","background-media":"","overlay-type":"","overlay-color":"","overlay-opacity":"","overlay-gradient":""},"mobile":{"background-color":"var(--ast-global-color-5)","background-image":"","background-repeat":"repeat","background-position":"center center","background-size":"auto","background-attachment":"scroll","background-type":"","background-media":"","overlay-type":"","overlay-color":"","overlay-opacity":"","overlay-gradient":""}}},"product_brand":[],"product_cat":[10545,10579,10629],"product_tag":[14970,14969,14971,14810,14812,14811,14815,14972,14814,14813],"class_list":{"0":"post-309079","1":"product","2":"type-product","3":"status-publish","4":"has-post-thumbnail","6":"product_cat-danish-pl","7":"product_cat-landschaft-pl","8":"product_cat-painting-pl","9":"product_tag-dunski","10":"product_tag-krajobraz-pl","11":"product_tag-malarstwo-olejne-pl","12":"product_tag-malowanie","13":"product_tag-malowanie-pl","14":"product_tag-pejzaze","15":"product_tag-pittura-pl","16":"product_tag-plotno-pl","17":"product_tag-rodzaj","18":"product_tag-sztuka","19":"desktop-align-center","20":"tablet-align-left","21":"mobile-align-left","23":"first","24":"instock","25":"taxable","26":"shipping-taxable","27":"product-type-simple"},"_links":{"self":[{"href":"https:\/\/collection.galerie-gerdes.com\/pl\/wp-json\/wp\/v2\/product\/309079","targetHints":{"allow":["GET"]}}],"collection":[{"href":"https:\/\/collection.galerie-gerdes.com\/pl\/wp-json\/wp\/v2\/product"}],"about":[{"href":"https:\/\/collection.galerie-gerdes.com\/pl\/wp-json\/wp\/v2\/types\/product"}],"wp:featuredmedia":[{"embeddable":true,"href":"https:\/\/collection.galerie-gerdes.com\/pl\/wp-json\/wp\/v2\/media\/309080"}],"wp:attachment":[{"href":"https:\/\/collection.galerie-gerdes.com\/pl\/wp-json\/wp\/v2\/media?parent=309079"}],"wp:term":[{"taxonomy":"product_brand","embeddable":true,"href":"https:\/\/collection.galerie-gerdes.com\/pl\/wp-json\/wp\/v2\/product_brand?post=309079"},{"taxonomy":"product_cat","embeddable":true,"href":"https:\/\/collection.galerie-gerdes.com\/pl\/wp-json\/wp\/v2\/product_cat?post=309079"},{"taxonomy":"product_tag","embeddable":true,"href":"https:\/\/collection.galerie-gerdes.com\/pl\/wp-json\/wp\/v2\/product_tag?post=309079"}],"curies":[{"name":"wp","href":"https:\/\/api.w.org\/{rel}","templated":true}]}}