{"id":327316,"date":"2025-09-23T14:39:40","date_gmt":"2025-09-23T12:39:40","guid":{"rendered":"https:\/\/collection.galerie-gerdes.com\/?post_type=product&#038;p=327316"},"modified":"2025-09-23T14:39:40","modified_gmt":"2025-09-23T12:39:40","slug":"blumenstillleben-mit-apfel-1980-gemaelde-von-carl-doerrbecker","status":"publish","type":"product","link":"https:\/\/collection.galerie-gerdes.com\/pl\/p\/blumenstillleben-mit-apfel-1980-gemaelde-von-carl-doerrbecker\/","title":{"rendered":"Blumenstillleben mit Apfel, 1980 | Gem\u00e4lde von Carl D\u00f6rrbecker"},"content":{"rendered":"<p><strong data-start=\"58\" data-end=\"77\">Karl D\u00f6rrbecker<\/strong> (*1894 in Frankfurt am Main; \u20201983 ebenda) war ein deutscher Maler. Seine Ausbildung begann er an der Kunstgewerbeschule und der Kunstgewerbetagesfachschule in Frankfurt am Main bei Professor Luthmer. Anschlie\u00dfend wurde er Sch\u00fcler von Wilhelm Altheim. Es folgte ein Studium an der St\u00e4del-Akademie bei Professor Andreas Egersd\u00f6rfer sowie an der Akademie der Bildenden K\u00fcnste in M\u00fcnchen bei Max Doerner. D\u00f6rrbecker war \u00fcberwiegend in Frankfurt am Main t\u00e4tig.<\/p>\n","protected":false},"excerpt":{"rendered":"<p>Karl D\u00f6rrbecker (1894-1983)<\/p>\n","protected":false},"featured_media":329187,"template":"","meta":{"site-sidebar-layout":"default","site-content-layout":"","ast-site-content-layout":"default","site-content-style":"default","site-sidebar-style":"default","ast-global-header-display":"","ast-banner-title-visibility":"","ast-main-header-display":"","ast-hfb-above-header-display":"","ast-hfb-below-header-display":"","ast-hfb-mobile-header-display":"","site-post-title":"","ast-breadcrumbs-content":"","ast-featured-img":"","footer-sml-layout":"","ast-disable-related-posts":"","theme-transparent-header-meta":"default","adv-header-id-meta":"","stick-header-meta":"","header-above-stick-meta":"","header-main-stick-meta":"","header-below-stick-meta":"","astra-migrate-meta-layouts":"set","ast-page-background-enabled":"default","ast-page-background-meta":{"desktop":{"background-color":"var(--ast-global-color-4)","background-image":"","background-repeat":"repeat","background-position":"center center","background-size":"auto","background-attachment":"scroll","background-type":"","background-media":"","overlay-type":"","overlay-color":"","overlay-opacity":"","overlay-gradient":""},"tablet":{"background-color":"","background-image":"","background-repeat":"repeat","background-position":"center center","background-size":"auto","background-attachment":"scroll","background-type":"","background-media":"","overlay-type":"","overlay-color":"","overlay-opacity":"","overlay-gradient":""},"mobile":{"background-color":"","background-image":"","background-repeat":"repeat","background-position":"center center","background-size":"auto","background-attachment":"scroll","background-type":"","background-media":"","overlay-type":"","overlay-color":"","overlay-opacity":"","overlay-gradient":""}},"ast-content-background-meta":{"desktop":{"background-color":"var(--ast-global-color-5)","background-image":"","background-repeat":"repeat","background-position":"center center","background-size":"auto","background-attachment":"scroll","background-type":"","background-media":"","overlay-type":"","overlay-color":"","overlay-opacity":"","overlay-gradient":""},"tablet":{"background-color":"var(--ast-global-color-5)","background-image":"","background-repeat":"repeat","background-position":"center center","background-size":"auto","background-attachment":"scroll","background-type":"","background-media":"","overlay-type":"","overlay-color":"","overlay-opacity":"","overlay-gradient":""},"mobile":{"background-color":"var(--ast-global-color-5)","background-image":"","background-repeat":"repeat","background-position":"center center","background-size":"auto","background-attachment":"scroll","background-type":"","background-media":"","overlay-type":"","overlay-color":"","overlay-opacity":"","overlay-gradient":""}}},"product_brand":[],"product_cat":[15264],"product_tag":[],"class_list":{"0":"post-327316","1":"product","2":"type-product","3":"status-publish","4":"has-post-thumbnail","6":"product_cat-karl-doerrbecker","7":"desktop-align-center","8":"tablet-align-left","9":"mobile-align-left","11":"first","12":"instock","13":"taxable","14":"shipping-taxable","15":"product-type-simple"},"_links":{"self":[{"href":"https:\/\/collection.galerie-gerdes.com\/pl\/wp-json\/wp\/v2\/product\/327316","targetHints":{"allow":["GET"]}}],"collection":[{"href":"https:\/\/collection.galerie-gerdes.com\/pl\/wp-json\/wp\/v2\/product"}],"about":[{"href":"https:\/\/collection.galerie-gerdes.com\/pl\/wp-json\/wp\/v2\/types\/product"}],"wp:featuredmedia":[{"embeddable":true,"href":"https:\/\/collection.galerie-gerdes.com\/pl\/wp-json\/wp\/v2\/media\/329187"}],"wp:attachment":[{"href":"https:\/\/collection.galerie-gerdes.com\/pl\/wp-json\/wp\/v2\/media?parent=327316"}],"wp:term":[{"taxonomy":"product_brand","embeddable":true,"href":"https:\/\/collection.galerie-gerdes.com\/pl\/wp-json\/wp\/v2\/product_brand?post=327316"},{"taxonomy":"product_cat","embeddable":true,"href":"https:\/\/collection.galerie-gerdes.com\/pl\/wp-json\/wp\/v2\/product_cat?post=327316"},{"taxonomy":"product_tag","embeddable":true,"href":"https:\/\/collection.galerie-gerdes.com\/pl\/wp-json\/wp\/v2\/product_tag?post=327316"}],"curies":[{"name":"wp","href":"https:\/\/api.w.org\/{rel}","templated":true}]}}