{"id":4036,"date":"2024-03-19T18:44:33","date_gmt":"2024-03-19T17:44:33","guid":{"rendered":"https:\/\/collection.galerie-gerdes.com\/?post_type=product&#038;p=4036"},"modified":"2024-04-24T14:03:16","modified_gmt":"2024-04-24T12:03:16","slug":"religiose-zeichnung-skizze-joahnnes-petrus-3-von-alois-j-springer","status":"publish","type":"product","link":"https:\/\/collection.galerie-gerdes.com\/pl\/p\/religiose-zeichnung-skizze-joahnnes-petrus-3-von-alois-j-springer\/","title":{"rendered":"Religi\u00f6se Zeichnung\/Skizze, Joahnnes &#038; Petrus (3) von Alois J. Springer"},"content":{"rendered":"<p>Alois J. Springer wurde am 9. April 1902 in Buchau geboren und verstarb am 22. Februar 1971 in Erlenmoos. Er war ein renommierter deutscher Maler aus Oberschwaben, dessen k\u00fcnstlerisches Schaffen von der Landschaft und den Traditionen seiner Heimat gepr\u00e4gt war.<\/p>\n<p>Aufgewachsen in Bad Buchau, begann Springer seine k\u00fcnstlerische Laufbahn mit einer Malerlehre, gefolgt von einem Studium an der Ulmer Kunstschule von 1924 bis 1929. Nach seinem Studium arbeitete er ab 1935 als Grafiker und unterhielt ein Atelier in Ravensburg, in dem er seine k\u00fcnstlerischen Projekte verwirklichte.<\/p>\n<p>W\u00e4hrend des Zweiten Weltkrieges diente Springer im Kriegsdienst und wurde nach seiner Entlassung aus der Kriegsgefangenschaft im Jahr 1946 in Ravensburg sesshaft. Er widmete sich einer Vielzahl k\u00fcnstlerischer Techniken, darunter \u00d6lgem\u00e4lde, Aquarelle, Zeichnungen, Holzschnitte, Monotypien, Sgraffitoarbeiten und Glasfenster. Seine Werke zeichneten sich oft durch religi\u00f6se Motive oder Szenen aus seiner Heimat aus, wobei er verschiedene Techniken wie Siebdruck und Schabtechnik einsetzte.<\/p>\n<p>Obwohl Springers Werke in der \u00d6ffentlichkeit positiv aufgenommen wurden, blieben gr\u00f6\u00dfere Verkaufserfolge aus. Im Jahr 1964 zog er nach Erlenmoos, dem Geburtsort seiner Frau Maria. Dort \u00e4nderte sich sein k\u00fcnstlerischer Stil von einer lyrisch-vertr\u00e4umten Landschaftsmalerei zu farbigen, kubischen Motiven.<\/p>\n<p>Springer fand in der Schriftstellerin Maria M\u00fcller-G\u00f6gler eine Weggef\u00e4hrtin und Interpretin seiner Werke. Sein Tod im Jahr 1971 hinterlie\u00df eine L\u00fccke in der Kunstszene von Oberschwaben. Kurt Diemer er\u00f6ffnete eine Ausstellung im Fruchtkasten Ochsenhausen im Jahr 1990 und w\u00fcrdigte Springers Beitrag zur Kunstszene, indem er sagte, dass sein Werk &#8222;zum k\u00fcnstlerischen Erbe Oberschwabens geh\u00f6ren wird&#8221;.<\/p>\n<p>Teile von Springers Nachlass befinden sich seit 2016 im Nordfl\u00fcgel des Oberen Tores in Rot an der Rot, einem Geb\u00e4ude, das urspr\u00fcnglich f\u00fcr das Wachpersonal der Reichsabtei Rot an der Rot im Jahr 1714 errichtet wurde. Alois J. Springer bleibt als bedeutender Vertreter der oberschw\u00e4bischen Kunstszene und als K\u00fcnstler, der das Wesen der Landschaft seiner Heimat mit dem Herzen erfasst hat, unvergessen.<br \/>\nVergleiche: https:\/\/www.rot.de\/site\/Rot-an-der-Rot\/get\/documents_E707354448\/rot\/Mediathek_Rot\/Tourismus\/Alois%20Springer%20Brosch%C3%BCre.pdf<\/p>\n","protected":false},"excerpt":{"rendered":"<p>Alois J. Springer (1902-1971)<\/p>\n","protected":false},"featured_media":4084,"template":"","meta":{"site-sidebar-layout":"default","site-content-layout":"","ast-site-content-layout":"default","site-content-style":"default","site-sidebar-style":"default","ast-global-header-display":"","ast-banner-title-visibility":"","ast-main-header-display":"","ast-hfb-above-header-display":"","ast-hfb-below-header-display":"","ast-hfb-mobile-header-display":"","site-post-title":"","ast-breadcrumbs-content":"","ast-featured-img":"","footer-sml-layout":"","ast-disable-related-posts":"","theme-transparent-header-meta":"default","adv-header-id-meta":"","stick-header-meta":"","header-above-stick-meta":"","header-main-stick-meta":"","header-below-stick-meta":"","astra-migrate-meta-layouts":"set","ast-page-background-enabled":"default","ast-page-background-meta":{"desktop":{"background-color":"var(--ast-global-color-4)","background-image":"","background-repeat":"repeat","background-position":"center center","background-size":"auto","background-attachment":"scroll","background-type":"","background-media":"","overlay-type":"","overlay-color":"","overlay-opacity":"","overlay-gradient":""},"tablet":{"background-color":"","background-image":"","background-repeat":"repeat","background-position":"center center","background-size":"auto","background-attachment":"scroll","background-type":"","background-media":"","overlay-type":"","overlay-color":"","overlay-opacity":"","overlay-gradient":""},"mobile":{"background-color":"","background-image":"","background-repeat":"repeat","background-position":"center center","background-size":"auto","background-attachment":"scroll","background-type":"","background-media":"","overlay-type":"","overlay-color":"","overlay-opacity":"","overlay-gradient":""}},"ast-content-background-meta":{"desktop":{"background-color":"var(--ast-global-color-5)","background-image":"","background-repeat":"repeat","background-position":"center center","background-size":"auto","background-attachment":"scroll","background-type":"","background-media":"","overlay-type":"","overlay-color":"","overlay-opacity":"","overlay-gradient":""},"tablet":{"background-color":"var(--ast-global-color-5)","background-image":"","background-repeat":"repeat","background-position":"center center","background-size":"auto","background-attachment":"scroll","background-type":"","background-media":"","overlay-type":"","overlay-color":"","overlay-opacity":"","overlay-gradient":""},"mobile":{"background-color":"var(--ast-global-color-5)","background-image":"","background-repeat":"repeat","background-position":"center center","background-size":"auto","background-attachment":"scroll","background-type":"","background-media":"","overlay-type":"","overlay-color":"","overlay-opacity":"","overlay-gradient":""}}},"product_brand":[],"product_cat":[52,280,25,179,266],"product_tag":[364,362,363,74,361,365],"class_list":{"0":"post-4036","1":"product","2":"type-product","3":"status-publish","4":"has-post-thumbnail","6":"product_cat-20th-century","7":"product_cat-alois-j-springer","8":"product_cat-deutsch","9":"product_cat-gemaelde","10":"product_cat-zeichnung","11":"product_tag-art","12":"product_tag-gemalde","13":"product_tag-kunst","14":"product_tag-painting","15":"product_tag-peintures","16":"product_tag-pittura","17":"desktop-align-center","18":"tablet-align-left","19":"mobile-align-left","21":"first","22":"instock","23":"taxable","24":"shipping-taxable","25":"product-type-simple"},"_links":{"self":[{"href":"https:\/\/collection.galerie-gerdes.com\/pl\/wp-json\/wp\/v2\/product\/4036","targetHints":{"allow":["GET"]}}],"collection":[{"href":"https:\/\/collection.galerie-gerdes.com\/pl\/wp-json\/wp\/v2\/product"}],"about":[{"href":"https:\/\/collection.galerie-gerdes.com\/pl\/wp-json\/wp\/v2\/types\/product"}],"wp:featuredmedia":[{"embeddable":true,"href":"https:\/\/collection.galerie-gerdes.com\/pl\/wp-json\/wp\/v2\/media\/4084"}],"wp:attachment":[{"href":"https:\/\/collection.galerie-gerdes.com\/pl\/wp-json\/wp\/v2\/media?parent=4036"}],"wp:term":[{"taxonomy":"product_brand","embeddable":true,"href":"https:\/\/collection.galerie-gerdes.com\/pl\/wp-json\/wp\/v2\/product_brand?post=4036"},{"taxonomy":"product_cat","embeddable":true,"href":"https:\/\/collection.galerie-gerdes.com\/pl\/wp-json\/wp\/v2\/product_cat?post=4036"},{"taxonomy":"product_tag","embeddable":true,"href":"https:\/\/collection.galerie-gerdes.com\/pl\/wp-json\/wp\/v2\/product_tag?post=4036"}],"curies":[{"name":"wp","href":"https:\/\/api.w.org\/{rel}","templated":true}]}}