{"id":420745,"date":"2026-02-07T17:48:24","date_gmt":"2026-02-07T16:48:24","guid":{"rendered":"https:\/\/collection.galerie-gerdes.com\/?post_type=product&#038;p=420745"},"modified":"2026-02-07T17:53:32","modified_gmt":"2026-02-07T16:53:32","slug":"sommerliche-landschaft-kleines-gemaelde-von-frank-heise","status":"publish","type":"product","link":"https:\/\/collection.galerie-gerdes.com\/pl\/p\/sommerliche-landschaft-kleines-gemaelde-von-frank-heise\/","title":{"rendered":"Sommerliche Landschaft | Kleines Gem\u00e4lde von Frank Heise"},"content":{"rendered":"<p data-start=\"85\" data-end=\"513\"><strong data-start=\"85\" data-end=\"100\">Frank Heise<\/strong> (* 1939 in Pritzwalk, Brandenburg; \u2020 2000 in Stuttgart-Sillenbuch) war ein deutscher Maler. Nach seinem Umzug nach Stuttgart begann er 1971 ein Studium der \u00d6lmalerei. Seine fr\u00fchen Bildmotive fand er \u00fcberwiegend in der n\u00e4heren Umgebung, darunter der Eichenhain, der Silberwald, die Fildern, die Wangener H\u00f6he und der Sch\u00f6nbuch. Sp\u00e4ter erweiterte er sein Motivspektrum auf die Schw\u00e4bische Alb bis hin zum Bodensee.<\/p>\n<p data-start=\"515\" data-end=\"875\" data-is-last-node=\"\" data-is-only-node=\"\">Zu seinen k\u00fcnstlerischen Lehrmeistern z\u00e4hlten unter anderem Hermann Reichert (1884\u20131974), Thomas F. D\u00fcrr (*1931), Emil H\u00fclf (1904\u20131993), Sepp Vees (1908\u20131989), Richard Hohly (1902\u20131995) sowie Wolfgang L\u00e4mmle (*1941). Heises Gem\u00e4lde verstehen sich als Hommage an die Sch\u00f6nheit der Natur und zeichnen sich durch einen ausgepr\u00e4gten Farben- und Formenreichtum aus.<\/p>\n","protected":false},"excerpt":{"rendered":"<p class=\"p1\">Frank Heise (1939-2000)<\/p>\n","protected":false},"featured_media":420806,"template":"","meta":{"site-sidebar-layout":"default","site-content-layout":"","ast-site-content-layout":"default","site-content-style":"default","site-sidebar-style":"default","ast-global-header-display":"","ast-banner-title-visibility":"","ast-main-header-display":"","ast-hfb-above-header-display":"","ast-hfb-below-header-display":"","ast-hfb-mobile-header-display":"","site-post-title":"","ast-breadcrumbs-content":"","ast-featured-img":"","footer-sml-layout":"","ast-disable-related-posts":"","theme-transparent-header-meta":"default","adv-header-id-meta":"","stick-header-meta":"","header-above-stick-meta":"","header-main-stick-meta":"","header-below-stick-meta":"","astra-migrate-meta-layouts":"set","ast-page-background-enabled":"default","ast-page-background-meta":{"desktop":{"background-color":"var(--ast-global-color-4)","background-image":"","background-repeat":"repeat","background-position":"center center","background-size":"auto","background-attachment":"scroll","background-type":"","background-media":"","overlay-type":"","overlay-color":"","overlay-opacity":"","overlay-gradient":""},"tablet":{"background-color":"","background-image":"","background-repeat":"repeat","background-position":"center center","background-size":"auto","background-attachment":"scroll","background-type":"","background-media":"","overlay-type":"","overlay-color":"","overlay-opacity":"","overlay-gradient":""},"mobile":{"background-color":"","background-image":"","background-repeat":"repeat","background-position":"center center","background-size":"auto","background-attachment":"scroll","background-type":"","background-media":"","overlay-type":"","overlay-color":"","overlay-opacity":"","overlay-gradient":""}},"ast-content-background-meta":{"desktop":{"background-color":"var(--ast-global-color-5)","background-image":"","background-repeat":"repeat","background-position":"center center","background-size":"auto","background-attachment":"scroll","background-type":"","background-media":"","overlay-type":"","overlay-color":"","overlay-opacity":"","overlay-gradient":""},"tablet":{"background-color":"var(--ast-global-color-5)","background-image":"","background-repeat":"repeat","background-position":"center center","background-size":"auto","background-attachment":"scroll","background-type":"","background-media":"","overlay-type":"","overlay-color":"","overlay-opacity":"","overlay-gradient":""},"mobile":{"background-color":"var(--ast-global-color-5)","background-image":"","background-repeat":"repeat","background-position":"center center","background-size":"auto","background-attachment":"scroll","background-type":"","background-media":"","overlay-type":"","overlay-color":"","overlay-opacity":"","overlay-gradient":""}}},"product_brand":[],"product_cat":[15365],"product_tag":[],"class_list":{"0":"post-420745","1":"product","2":"type-product","3":"status-publish","4":"has-post-thumbnail","6":"product_cat-frank-heise","7":"desktop-align-center","8":"tablet-align-left","9":"mobile-align-left","11":"first","12":"instock","13":"taxable","14":"shipping-taxable","15":"product-type-simple"},"_links":{"self":[{"href":"https:\/\/collection.galerie-gerdes.com\/pl\/wp-json\/wp\/v2\/product\/420745","targetHints":{"allow":["GET"]}}],"collection":[{"href":"https:\/\/collection.galerie-gerdes.com\/pl\/wp-json\/wp\/v2\/product"}],"about":[{"href":"https:\/\/collection.galerie-gerdes.com\/pl\/wp-json\/wp\/v2\/types\/product"}],"wp:featuredmedia":[{"embeddable":true,"href":"https:\/\/collection.galerie-gerdes.com\/pl\/wp-json\/wp\/v2\/media\/420806"}],"wp:attachment":[{"href":"https:\/\/collection.galerie-gerdes.com\/pl\/wp-json\/wp\/v2\/media?parent=420745"}],"wp:term":[{"taxonomy":"product_brand","embeddable":true,"href":"https:\/\/collection.galerie-gerdes.com\/pl\/wp-json\/wp\/v2\/product_brand?post=420745"},{"taxonomy":"product_cat","embeddable":true,"href":"https:\/\/collection.galerie-gerdes.com\/pl\/wp-json\/wp\/v2\/product_cat?post=420745"},{"taxonomy":"product_tag","embeddable":true,"href":"https:\/\/collection.galerie-gerdes.com\/pl\/wp-json\/wp\/v2\/product_tag?post=420745"}],"curies":[{"name":"wp","href":"https:\/\/api.w.org\/{rel}","templated":true}]}}