{"id":432200,"date":"2026-02-08T18:14:38","date_gmt":"2026-02-08T17:14:38","guid":{"rendered":"https:\/\/collection.galerie-gerdes.com\/?post_type=product&#038;p=432200"},"modified":"2026-02-28T23:27:38","modified_gmt":"2026-02-28T22:27:38","slug":"flusslandschaft-mit-segelboot-gemaelde-wilhelm-reuter","status":"publish","type":"product","link":"https:\/\/collection.galerie-gerdes.com\/pl\/p\/flusslandschaft-mit-segelboot-gemaelde-wilhelm-reuter\/","title":{"rendered":"Flusslandschaft mit Segelboot | Gem\u00e4lde Wilhelm Reuter"},"content":{"rendered":"<p data-start=\"0\" data-end=\"431\">Wilhelm Reuter (* 26. September 1859 in Karlsruhe; \u2020 17. November 1937 in N\u00fcrnberg) war ein deutscher Genre-, Portr\u00e4t- und Landschaftsmaler. Zun\u00e4chst studierte er Baukunst am Polytechnikum Karlsruhe sowie an der Kunstschule Karlsruhe bei Ferdinand Keller. W\u00e4hrend seiner Studienzeit trat er 1883 der Burschenschaft Germania (heute Teutonia) bei und wurde 1885 Conkneipant. Im Jahr 1886 lebte er in der Leopoldstra\u00dfe 8 in Karlsruhe.<\/p>\n<p data-start=\"433\" data-end=\"766\">Nach Abschluss seiner Ausbildung unternahm Reuter mehrere Studienreisen ins Ausland. Zwischen 1894 und 1896 hielt er sich in Pforzheim auf, ab 1899 war er in Bamberg t\u00e4tig. In den folgenden Jahren arbeitete er als Wandmaler in der Fr\u00e4nkischen Schweiz und in N\u00fcrnberg. Von 1906 bis 1932 hatte er seinen Wohnsitz dauerhaft in N\u00fcrnberg.<\/p>\n<p data-start=\"768\" data-end=\"939\" data-is-last-node=\"\" data-is-only-node=\"\">Reuter war Mitglied des Albrecht-D\u00fcrer-Bundes sowie der N\u00fcrnberger Kunstgenossenschaft. F\u00fcr sein k\u00fcnstlerisches Schaffen wurde er mit der Medaille f\u00fcr Kunst ausgezeichnet.<\/p>\n","protected":false},"excerpt":{"rendered":"<p>Wilhelm Reuter (1859-1937)<\/p>\n","protected":false},"featured_media":432934,"template":"","meta":{"site-sidebar-layout":"default","site-content-layout":"","ast-site-content-layout":"default","site-content-style":"default","site-sidebar-style":"default","ast-global-header-display":"","ast-banner-title-visibility":"","ast-main-header-display":"","ast-hfb-above-header-display":"","ast-hfb-below-header-display":"","ast-hfb-mobile-header-display":"","site-post-title":"","ast-breadcrumbs-content":"","ast-featured-img":"","footer-sml-layout":"","ast-disable-related-posts":"","theme-transparent-header-meta":"default","adv-header-id-meta":"","stick-header-meta":"","header-above-stick-meta":"","header-main-stick-meta":"","header-below-stick-meta":"","astra-migrate-meta-layouts":"set","ast-page-background-enabled":"default","ast-page-background-meta":{"desktop":{"background-color":"var(--ast-global-color-4)","background-image":"","background-repeat":"repeat","background-position":"center center","background-size":"auto","background-attachment":"scroll","background-type":"","background-media":"","overlay-type":"","overlay-color":"","overlay-opacity":"","overlay-gradient":""},"tablet":{"background-color":"","background-image":"","background-repeat":"repeat","background-position":"center center","background-size":"auto","background-attachment":"scroll","background-type":"","background-media":"","overlay-type":"","overlay-color":"","overlay-opacity":"","overlay-gradient":""},"mobile":{"background-color":"","background-image":"","background-repeat":"repeat","background-position":"center center","background-size":"auto","background-attachment":"scroll","background-type":"","background-media":"","overlay-type":"","overlay-color":"","overlay-opacity":"","overlay-gradient":""}},"ast-content-background-meta":{"desktop":{"background-color":"var(--ast-global-color-5)","background-image":"","background-repeat":"repeat","background-position":"center center","background-size":"auto","background-attachment":"scroll","background-type":"","background-media":"","overlay-type":"","overlay-color":"","overlay-opacity":"","overlay-gradient":""},"tablet":{"background-color":"var(--ast-global-color-5)","background-image":"","background-repeat":"repeat","background-position":"center center","background-size":"auto","background-attachment":"scroll","background-type":"","background-media":"","overlay-type":"","overlay-color":"","overlay-opacity":"","overlay-gradient":""},"mobile":{"background-color":"var(--ast-global-color-5)","background-image":"","background-repeat":"repeat","background-position":"center center","background-size":"auto","background-attachment":"scroll","background-type":"","background-media":"","overlay-type":"","overlay-color":"","overlay-opacity":"","overlay-gradient":""}}},"product_brand":[],"product_cat":[15],"product_tag":[],"class_list":{"0":"post-432200","1":"product","2":"type-product","3":"status-publish","4":"has-post-thumbnail","6":"product_cat-oesterreichisch","7":"desktop-align-center","8":"tablet-align-left","9":"mobile-align-left","11":"first","12":"instock","13":"taxable","14":"shipping-taxable","15":"product-type-simple"},"_links":{"self":[{"href":"https:\/\/collection.galerie-gerdes.com\/pl\/wp-json\/wp\/v2\/product\/432200","targetHints":{"allow":["GET"]}}],"collection":[{"href":"https:\/\/collection.galerie-gerdes.com\/pl\/wp-json\/wp\/v2\/product"}],"about":[{"href":"https:\/\/collection.galerie-gerdes.com\/pl\/wp-json\/wp\/v2\/types\/product"}],"wp:featuredmedia":[{"embeddable":true,"href":"https:\/\/collection.galerie-gerdes.com\/pl\/wp-json\/wp\/v2\/media\/432934"}],"wp:attachment":[{"href":"https:\/\/collection.galerie-gerdes.com\/pl\/wp-json\/wp\/v2\/media?parent=432200"}],"wp:term":[{"taxonomy":"product_brand","embeddable":true,"href":"https:\/\/collection.galerie-gerdes.com\/pl\/wp-json\/wp\/v2\/product_brand?post=432200"},{"taxonomy":"product_cat","embeddable":true,"href":"https:\/\/collection.galerie-gerdes.com\/pl\/wp-json\/wp\/v2\/product_cat?post=432200"},{"taxonomy":"product_tag","embeddable":true,"href":"https:\/\/collection.galerie-gerdes.com\/pl\/wp-json\/wp\/v2\/product_tag?post=432200"}],"curies":[{"name":"wp","href":"https:\/\/api.w.org\/{rel}","templated":true}]}}