{"id":4769,"date":"2024-03-28T16:54:34","date_gmt":"2024-03-28T15:54:34","guid":{"rendered":"https:\/\/collection.galerie-gerdes.com\/?post_type=product&#038;p=4769"},"modified":"2024-08-16T22:09:40","modified_gmt":"2024-08-16T20:09:40","slug":"gesprach-im-wald-zeichnung-von-martin-claus-fur-die-fliegenden-blatter","status":"publish","type":"product","link":"https:\/\/collection.galerie-gerdes.com\/pl\/p\/gesprach-im-wald-zeichnung-von-martin-claus-fur-die-fliegenden-blatter\/","title":{"rendered":"Gespr\u00e4ch im Wald, Zeichnung von Martin Claus, f\u00fcr die Fliegenden Bl\u00e4tter"},"content":{"rendered":"<p>Martin Claus (1892 \u2013 1975) war einer der deutschen K\u00fcnstler, die in der ersten H\u00e4lfte des 19. Jahrhunderts satirische Zeichnungen f\u00fcr Zeitungen und Zeitschriften anfertigten, die sp\u00e4ter als Cartoons bezeichnet wurden. Seine humorvollen und detailreichen Aquarelle und Gouachen zeichneten sich durch eine gro\u00dfe erz\u00e4hlerische Qualit\u00e4t aus, die das Bild auch ohne Text wertvoll machte.<\/p>\n<p>F\u00fcr Deutschlands f\u00fchrende satirische und humorvolle Wochenzeitung &#8222;Fliegende Bl\u00e4tter&#8221; sowie f\u00fcr das reich illustrierte Wochenmagazin &#8222;Meggendorfer Bl\u00e4tter, Magazin f\u00fcr Humor und Kunst&#8221;, lieferte der K\u00fcnstler farbenfrohe Cover und ganzseitige Illustrationen. Seine Werke waren gepr\u00e4gt von Witzen, Geschichten, Gedichten und visuellen Erz\u00e4hlungen. Oftmals arbeitete Claus mit bekannten K\u00fcnstlern zusammen, um den Inhalt seiner Illustrationen zu gestalten.<\/p>\n","protected":false},"excerpt":{"rendered":"<p>Martin Claus (1892-1975)<\/p>\n","protected":false},"featured_media":4772,"template":"","meta":{"site-sidebar-layout":"default","site-content-layout":"","ast-site-content-layout":"default","site-content-style":"default","site-sidebar-style":"default","ast-global-header-display":"","ast-banner-title-visibility":"","ast-main-header-display":"","ast-hfb-above-header-display":"","ast-hfb-below-header-display":"","ast-hfb-mobile-header-display":"","site-post-title":"","ast-breadcrumbs-content":"","ast-featured-img":"","footer-sml-layout":"","ast-disable-related-posts":"","theme-transparent-header-meta":"default","adv-header-id-meta":"","stick-header-meta":"","header-above-stick-meta":"","header-main-stick-meta":"","header-below-stick-meta":"","astra-migrate-meta-layouts":"set","ast-page-background-enabled":"default","ast-page-background-meta":{"desktop":{"background-color":"var(--ast-global-color-4)","background-image":"","background-repeat":"repeat","background-position":"center center","background-size":"auto","background-attachment":"scroll","background-type":"","background-media":"","overlay-type":"","overlay-color":"","overlay-opacity":"","overlay-gradient":""},"tablet":{"background-color":"","background-image":"","background-repeat":"repeat","background-position":"center center","background-size":"auto","background-attachment":"scroll","background-type":"","background-media":"","overlay-type":"","overlay-color":"","overlay-opacity":"","overlay-gradient":""},"mobile":{"background-color":"","background-image":"","background-repeat":"repeat","background-position":"center center","background-size":"auto","background-attachment":"scroll","background-type":"","background-media":"","overlay-type":"","overlay-color":"","overlay-opacity":"","overlay-gradient":""}},"ast-content-background-meta":{"desktop":{"background-color":"var(--ast-global-color-5)","background-image":"","background-repeat":"repeat","background-position":"center center","background-size":"auto","background-attachment":"scroll","background-type":"","background-media":"","overlay-type":"","overlay-color":"","overlay-opacity":"","overlay-gradient":""},"tablet":{"background-color":"var(--ast-global-color-5)","background-image":"","background-repeat":"repeat","background-position":"center center","background-size":"auto","background-attachment":"scroll","background-type":"","background-media":"","overlay-type":"","overlay-color":"","overlay-opacity":"","overlay-gradient":""},"mobile":{"background-color":"var(--ast-global-color-5)","background-image":"","background-repeat":"repeat","background-position":"center center","background-size":"auto","background-attachment":"scroll","background-type":"","background-media":"","overlay-type":"","overlay-color":"","overlay-opacity":"","overlay-gradient":""}}},"product_brand":[],"product_cat":[52,25,179,424,298,266],"product_tag":[364,362,363,74,361,365],"class_list":{"0":"post-4769","1":"product","2":"type-product","3":"status-publish","4":"has-post-thumbnail","6":"product_cat-20th-century","7":"product_cat-deutsch","8":"product_cat-gemaelde","9":"product_cat-karikaturen","10":"product_cat-martin-claus","11":"product_cat-zeichnung","12":"product_tag-art","13":"product_tag-gemalde","14":"product_tag-kunst","15":"product_tag-painting","16":"product_tag-peintures","17":"product_tag-pittura","18":"desktop-align-center","19":"tablet-align-left","20":"mobile-align-left","22":"first","23":"instock","24":"taxable","25":"shipping-taxable","26":"product-type-simple"},"_links":{"self":[{"href":"https:\/\/collection.galerie-gerdes.com\/pl\/wp-json\/wp\/v2\/product\/4769","targetHints":{"allow":["GET"]}}],"collection":[{"href":"https:\/\/collection.galerie-gerdes.com\/pl\/wp-json\/wp\/v2\/product"}],"about":[{"href":"https:\/\/collection.galerie-gerdes.com\/pl\/wp-json\/wp\/v2\/types\/product"}],"wp:featuredmedia":[{"embeddable":true,"href":"https:\/\/collection.galerie-gerdes.com\/pl\/wp-json\/wp\/v2\/media\/4772"}],"wp:attachment":[{"href":"https:\/\/collection.galerie-gerdes.com\/pl\/wp-json\/wp\/v2\/media?parent=4769"}],"wp:term":[{"taxonomy":"product_brand","embeddable":true,"href":"https:\/\/collection.galerie-gerdes.com\/pl\/wp-json\/wp\/v2\/product_brand?post=4769"},{"taxonomy":"product_cat","embeddable":true,"href":"https:\/\/collection.galerie-gerdes.com\/pl\/wp-json\/wp\/v2\/product_cat?post=4769"},{"taxonomy":"product_tag","embeddable":true,"href":"https:\/\/collection.galerie-gerdes.com\/pl\/wp-json\/wp\/v2\/product_tag?post=4769"}],"curies":[{"name":"wp","href":"https:\/\/api.w.org\/{rel}","templated":true}]}}