{"id":203943,"date":"2024-07-27T12:51:52","date_gmt":"2024-07-27T10:51:52","guid":{"rendered":"https:\/\/www.collection.galerie-gerdes.com\/?post_type=product&#038;p=203943"},"modified":"2024-10-02T12:00:56","modified_gmt":"2024-10-02T10:00:56","slug":"mann-beim-beobachten-federzeichnung-von-ernst-graner","status":"publish","type":"product","link":"https:\/\/collection.galerie-gerdes.com\/pt-pt\/p\/mann-beim-beobachten-federzeichnung-von-ernst-graner\/","title":{"rendered":"Mann beim Beobachten | Federzeichnung Ernst Graner"},"content":{"rendered":"<div class=\"flex flex-grow flex-col max-w-full\">\n<div class=\"min-h-[20px] text-message flex w-full flex-col items-end gap-2 whitespace-pre-wrap break-words [.text-message+&amp;]:mt-5 overflow-x-auto\" dir=\"auto\" data-message-author-role=\"assistant\" data-message-id=\"e55fc9d9-6460-4513-8a10-0802ce232d5d\">\n<div class=\"flex w-full flex-col gap-1 empty:hidden first:pt-[3px]\">\n<div class=\"markdown prose w-full break-words dark:prose-invert dark\">\n<p>Ernst Graner wurde am 25. September 1865 in Werdau, Sachsen, geboren und verstarb am 27. November 1943 in Wien. Er war ein bedeutender \u00f6sterreichischer Aquarellist. Graner studierte an der Wiener Akademie unter Eduard von Lichtenfels und begann ab 1890, seine Landschaftsgem\u00e4lde auf Wiener Ausstellungen zu pr\u00e4sentieren.<\/p>\n<p>Graner wird als einer der herausragendsten Wiener Aquarellisten seiner Zeit angesehen. Seine zahlreichen Aquarelle zeigen detaillierte Ansichten von Wien mit reichen Staffagen, besonders die Hofburg und Schloss Sch\u00f6nbrunn mit den Ausfahrten Kaiser Franz Josephs. Einige der von ihm abgebildeten Geb\u00e4ude existieren heute nicht mehr, darunter die Wiener Rotunde, der Philipphof und das Wiener Stadttheater. In seiner fr\u00fchen Schaffensperiode malte Graner auch Genreszenen.<\/p>\n<p>Graner war mit Maria Kastler, der Tochter eines Hammerschmieds aus Klam (Klamschlucht), verheiratet und hielt sich zeitweise dort auf. Das Bildnis &#8220;Maria in der Schlucht&#8221; zeigt die Z\u00fcge seiner Frau. Ein von ihm gemaltes Fresko an der Hammerschmiede in der Klamschlucht, das Teil des Kulturwanderwegs August Strindbergweg-Klamschlucht ist, stellt seinen Schwiegervater bei der Arbeit dar. Graner wurde in einem ehrenhalber gewidmeten Grab am Wiener Zentralfriedhof beigesetzt.<\/p>\n<p>1961 wurde in Wien-Liesing (23. Bezirk) die Granergasse nach ihm benannt. Werke von Graner sind unter anderem im Historischen Museum der Stadt Wien ausgestellt.<\/p>\n<\/div>\n<\/div>\n<\/div>\n<\/div>\n","protected":false},"excerpt":{"rendered":"<p>Ernst Graner (1865-1943)<\/p>\n","protected":false},"featured_media":204394,"template":"","meta":{"site-sidebar-layout":"default","site-content-layout":"","ast-site-content-layout":"default","site-content-style":"default","site-sidebar-style":"default","ast-global-header-display":"","ast-banner-title-visibility":"","ast-main-header-display":"","ast-hfb-above-header-display":"","ast-hfb-below-header-display":"","ast-hfb-mobile-header-display":"","site-post-title":"","ast-breadcrumbs-content":"","ast-featured-img":"","footer-sml-layout":"","ast-disable-related-posts":"","theme-transparent-header-meta":"default","adv-header-id-meta":"","stick-header-meta":"","header-above-stick-meta":"","header-main-stick-meta":"","header-below-stick-meta":"","astra-migrate-meta-layouts":"set","ast-page-background-enabled":"default","ast-page-background-meta":{"desktop":{"background-color":"var(--ast-global-color-4)","background-image":"","background-repeat":"repeat","background-position":"center center","background-size":"auto","background-attachment":"scroll","background-type":"","background-media":"","overlay-type":"","overlay-color":"","overlay-opacity":"","overlay-gradient":""},"tablet":{"background-color":"","background-image":"","background-repeat":"repeat","background-position":"center center","background-size":"auto","background-attachment":"scroll","background-type":"","background-media":"","overlay-type":"","overlay-color":"","overlay-opacity":"","overlay-gradient":""},"mobile":{"background-color":"","background-image":"","background-repeat":"repeat","background-position":"center center","background-size":"auto","background-attachment":"scroll","background-type":"","background-media":"","overlay-type":"","overlay-color":"","overlay-opacity":"","overlay-gradient":""}},"ast-content-background-meta":{"desktop":{"background-color":"var(--ast-global-color-5)","background-image":"","background-repeat":"repeat","background-position":"center center","background-size":"auto","background-attachment":"scroll","background-type":"","background-media":"","overlay-type":"","overlay-color":"","overlay-opacity":"","overlay-gradient":""},"tablet":{"background-color":"var(--ast-global-color-5)","background-image":"","background-repeat":"repeat","background-position":"center center","background-size":"auto","background-attachment":"scroll","background-type":"","background-media":"","overlay-type":"","overlay-color":"","overlay-opacity":"","overlay-gradient":""},"mobile":{"background-color":"var(--ast-global-color-5)","background-image":"","background-repeat":"repeat","background-position":"center center","background-size":"auto","background-attachment":"scroll","background-type":"","background-media":"","overlay-type":"","overlay-color":"","overlay-opacity":"","overlay-gradient":""}}},"product_brand":[],"product_cat":[15,52,14298,179,424,266],"product_tag":[],"class_list":{"0":"post-203943","1":"product","2":"type-product","3":"status-publish","4":"has-post-thumbnail","6":"product_cat-oesterreichisch","7":"product_cat-20th-century","8":"product_cat-ernst-graner","9":"product_cat-gemaelde","10":"product_cat-karikaturen","11":"product_cat-zeichnung","12":"desktop-align-center","13":"tablet-align-left","14":"mobile-align-left","16":"first","17":"instock","18":"taxable","19":"shipping-taxable","20":"product-type-simple"},"_links":{"self":[{"href":"https:\/\/collection.galerie-gerdes.com\/pt-pt\/wp-json\/wp\/v2\/product\/203943","targetHints":{"allow":["GET"]}}],"collection":[{"href":"https:\/\/collection.galerie-gerdes.com\/pt-pt\/wp-json\/wp\/v2\/product"}],"about":[{"href":"https:\/\/collection.galerie-gerdes.com\/pt-pt\/wp-json\/wp\/v2\/types\/product"}],"wp:featuredmedia":[{"embeddable":true,"href":"https:\/\/collection.galerie-gerdes.com\/pt-pt\/wp-json\/wp\/v2\/media\/204394"}],"wp:attachment":[{"href":"https:\/\/collection.galerie-gerdes.com\/pt-pt\/wp-json\/wp\/v2\/media?parent=203943"}],"wp:term":[{"taxonomy":"product_brand","embeddable":true,"href":"https:\/\/collection.galerie-gerdes.com\/pt-pt\/wp-json\/wp\/v2\/product_brand?post=203943"},{"taxonomy":"product_cat","embeddable":true,"href":"https:\/\/collection.galerie-gerdes.com\/pt-pt\/wp-json\/wp\/v2\/product_cat?post=203943"},{"taxonomy":"product_tag","embeddable":true,"href":"https:\/\/collection.galerie-gerdes.com\/pt-pt\/wp-json\/wp\/v2\/product_tag?post=203943"}],"curies":[{"name":"wp","href":"https:\/\/api.w.org\/{rel}","templated":true}]}}