{"id":211676,"date":"2024-08-02T21:38:32","date_gmt":"2024-08-02T19:38:32","guid":{"rendered":"https:\/\/www.collection.galerie-gerdes.com\/?post_type=product&#038;p=211676"},"modified":"2024-08-17T15:04:10","modified_gmt":"2024-08-17T13:04:10","slug":"roemischer-brunnen-im-park-gemaelde-von-paul-blume","status":"publish","type":"product","link":"https:\/\/collection.galerie-gerdes.com\/pt-pt\/p\/roemischer-brunnen-im-park-gemaelde-von-paul-blume\/","title":{"rendered":"R\u00f6mischer Brunnen im Park | Gem\u00e4lde von Paul BLUME"},"content":{"rendered":"<p>Paul Blume (* 1891 in Hildesheim; \u2020 zwischen 1973 und 1981, m\u00f6glicherweise in Baden-Baden oder Mannheim) war ein deutscher Maler und Radierer. Er erhielt seine k\u00fcnstlerische Ausbildung an der Akademie der K\u00fcnste in Berlin, wo er Meistersch\u00fcler von Friedrich Kallmorgen war. Anschlie\u00dfend setzte er seine Studien an der Kunstakademie Karlsruhe fort und wurde dort Meistersch\u00fcler von Paul Haueisen. Blume war zun\u00e4chst in Heidelberg t\u00e4tig und zog 1923 nach Mannheim, wo er seine k\u00fcnstlerische Karriere fortsetzte. Diese Angaben sind den Quellen im Internet entnommen.<\/p>\n","protected":false},"excerpt":{"rendered":"<p>Paul BLUME (ca. 1891\u20131973)<\/p>\n","protected":false},"featured_media":213208,"template":"","meta":{"site-sidebar-layout":"default","site-content-layout":"","ast-site-content-layout":"default","site-content-style":"default","site-sidebar-style":"default","ast-global-header-display":"","ast-banner-title-visibility":"","ast-main-header-display":"","ast-hfb-above-header-display":"","ast-hfb-below-header-display":"","ast-hfb-mobile-header-display":"","site-post-title":"","ast-breadcrumbs-content":"","ast-featured-img":"","footer-sml-layout":"","ast-disable-related-posts":"","theme-transparent-header-meta":"default","adv-header-id-meta":"","stick-header-meta":"","header-above-stick-meta":"","header-main-stick-meta":"","header-below-stick-meta":"","astra-migrate-meta-layouts":"set","ast-page-background-enabled":"default","ast-page-background-meta":{"desktop":{"background-color":"var(--ast-global-color-4)","background-image":"","background-repeat":"repeat","background-position":"center center","background-size":"auto","background-attachment":"scroll","background-type":"","background-media":"","overlay-type":"","overlay-color":"","overlay-opacity":"","overlay-gradient":""},"tablet":{"background-color":"","background-image":"","background-repeat":"repeat","background-position":"center center","background-size":"auto","background-attachment":"scroll","background-type":"","background-media":"","overlay-type":"","overlay-color":"","overlay-opacity":"","overlay-gradient":""},"mobile":{"background-color":"","background-image":"","background-repeat":"repeat","background-position":"center center","background-size":"auto","background-attachment":"scroll","background-type":"","background-media":"","overlay-type":"","overlay-color":"","overlay-opacity":"","overlay-gradient":""}},"ast-content-background-meta":{"desktop":{"background-color":"var(--ast-global-color-5)","background-image":"","background-repeat":"repeat","background-position":"center center","background-size":"auto","background-attachment":"scroll","background-type":"","background-media":"","overlay-type":"","overlay-color":"","overlay-opacity":"","overlay-gradient":""},"tablet":{"background-color":"var(--ast-global-color-5)","background-image":"","background-repeat":"repeat","background-position":"center center","background-size":"auto","background-attachment":"scroll","background-type":"","background-media":"","overlay-type":"","overlay-color":"","overlay-opacity":"","overlay-gradient":""},"mobile":{"background-color":"var(--ast-global-color-5)","background-image":"","background-repeat":"repeat","background-position":"center center","background-size":"auto","background-attachment":"scroll","background-type":"","background-media":"","overlay-type":"","overlay-color":"","overlay-opacity":"","overlay-gradient":""}}},"product_brand":[],"product_cat":[14315],"product_tag":[],"class_list":{"0":"post-211676","1":"product","2":"type-product","3":"status-publish","4":"has-post-thumbnail","6":"product_cat-paul-blume","7":"desktop-align-center","8":"tablet-align-left","9":"mobile-align-left","11":"first","12":"instock","13":"taxable","14":"shipping-taxable","15":"product-type-simple"},"_links":{"self":[{"href":"https:\/\/collection.galerie-gerdes.com\/pt-pt\/wp-json\/wp\/v2\/product\/211676","targetHints":{"allow":["GET"]}}],"collection":[{"href":"https:\/\/collection.galerie-gerdes.com\/pt-pt\/wp-json\/wp\/v2\/product"}],"about":[{"href":"https:\/\/collection.galerie-gerdes.com\/pt-pt\/wp-json\/wp\/v2\/types\/product"}],"wp:featuredmedia":[{"embeddable":true,"href":"https:\/\/collection.galerie-gerdes.com\/pt-pt\/wp-json\/wp\/v2\/media\/213208"}],"wp:attachment":[{"href":"https:\/\/collection.galerie-gerdes.com\/pt-pt\/wp-json\/wp\/v2\/media?parent=211676"}],"wp:term":[{"taxonomy":"product_brand","embeddable":true,"href":"https:\/\/collection.galerie-gerdes.com\/pt-pt\/wp-json\/wp\/v2\/product_brand?post=211676"},{"taxonomy":"product_cat","embeddable":true,"href":"https:\/\/collection.galerie-gerdes.com\/pt-pt\/wp-json\/wp\/v2\/product_cat?post=211676"},{"taxonomy":"product_tag","embeddable":true,"href":"https:\/\/collection.galerie-gerdes.com\/pt-pt\/wp-json\/wp\/v2\/product_tag?post=211676"}],"curies":[{"name":"wp","href":"https:\/\/api.w.org\/{rel}","templated":true}]}}