{"id":225246,"date":"2024-08-23T22:14:54","date_gmt":"2024-08-23T20:14:54","guid":{"rendered":"https:\/\/www.collection.galerie-gerdes.com\/?post_type=product&#038;p=225246"},"modified":"2024-09-03T20:43:47","modified_gmt":"2024-09-03T18:43:47","slug":"soldaten-federzeichnung-von-oskar-merte-meggendorfer-blaetter","status":"publish","type":"product","link":"https:\/\/collection.galerie-gerdes.com\/pt-pt\/p\/soldaten-federzeichnung-von-oskar-merte-meggendorfer-blaetter\/","title":{"rendered":"Soldaten | Federzeichnung von Oskar Mert\u00e9 | Meggendorfer-Bl\u00e4tter"},"content":{"rendered":"<p>Oskar Mert\u00e9 (* 23. Oktober 1872 in M\u00fcnchen; \u2020 23. Juni 1938 in Bad Aibling) war ein deutscher Maler, Zeichner und Illustrator, der vor allem f\u00fcr seine Schlachten- und Pferdedarstellungen bekannt wurde.<\/p>\n<p>Geboren als Sohn der Kunstmaler Heinrich Mert\u00e9 (1838\u20131917) und Emilie Mert\u00e9, begann Mert\u00e9 schon fr\u00fch eine k\u00fcnstlerische Laufbahn. Er studierte von 1884 bis 1891 Malerei an der K\u00f6niglichen Akademie der K\u00fcnste in M\u00fcnchen unter der Anleitung von Karl Raupp.<\/p>\n<p>Sein k\u00fcnstlerisches Schaffen umfasste vor allem Illustrationen f\u00fcr popul\u00e4re Publikationen wie die \u201eFliegenden Bl\u00e4tter\u201c und die \u201eDeutsche Kavalleriezeitung\u201c. Mert\u00e9 spezialisierte sich auf die Darstellung von Schlachten und Pferden, was ihm gro\u00dfe Anerkennung einbrachte. Ein bedeutender Wendepunkt in seiner Karriere war die Zusammenarbeit mit dem renommierten Schlachtenmaler Franz Alexejewitsch Roubaud. Unter dessen Leitung arbeitete Mert\u00e9 von 1901 bis 1904 an dem monumentalen Panorama der Schlacht von Sewastopol und von 1911 bis 1912 am Panorama der Schlacht von Borodino mit. Diese Werke, die sich durch ihre Gr\u00f6\u00dfe und Detailtreue auszeichneten, erforderten jahrelange Arbeit und sind eindrucksvolle Zeugnisse seiner Fertigkeit in der Schlachtenmalerei.<\/p>\n<p>Neben seinen monumentalen Projekten illustrierte Mert\u00e9 viele Jugendb\u00fccher, oft mit Szenen aus dem Soldatenleben, und schuf zahlreiche Postkarten mit \u00e4hnlichen Motiven.<\/p>\n","protected":false},"excerpt":{"rendered":"<p>Oskar Mert\u00e9 (1873-1938)<\/p>\n","protected":false},"featured_media":225434,"template":"","meta":{"site-sidebar-layout":"default","site-content-layout":"","ast-site-content-layout":"default","site-content-style":"default","site-sidebar-style":"default","ast-global-header-display":"","ast-banner-title-visibility":"","ast-main-header-display":"","ast-hfb-above-header-display":"","ast-hfb-below-header-display":"","ast-hfb-mobile-header-display":"","site-post-title":"","ast-breadcrumbs-content":"","ast-featured-img":"","footer-sml-layout":"","ast-disable-related-posts":"","theme-transparent-header-meta":"default","adv-header-id-meta":"","stick-header-meta":"","header-above-stick-meta":"","header-main-stick-meta":"","header-below-stick-meta":"","astra-migrate-meta-layouts":"set","ast-page-background-enabled":"default","ast-page-background-meta":{"desktop":{"background-color":"var(--ast-global-color-4)","background-image":"","background-repeat":"repeat","background-position":"center center","background-size":"auto","background-attachment":"scroll","background-type":"","background-media":"","overlay-type":"","overlay-color":"","overlay-opacity":"","overlay-gradient":""},"tablet":{"background-color":"","background-image":"","background-repeat":"repeat","background-position":"center center","background-size":"auto","background-attachment":"scroll","background-type":"","background-media":"","overlay-type":"","overlay-color":"","overlay-opacity":"","overlay-gradient":""},"mobile":{"background-color":"","background-image":"","background-repeat":"repeat","background-position":"center center","background-size":"auto","background-attachment":"scroll","background-type":"","background-media":"","overlay-type":"","overlay-color":"","overlay-opacity":"","overlay-gradient":""}},"ast-content-background-meta":{"desktop":{"background-color":"var(--ast-global-color-5)","background-image":"","background-repeat":"repeat","background-position":"center center","background-size":"auto","background-attachment":"scroll","background-type":"","background-media":"","overlay-type":"","overlay-color":"","overlay-opacity":"","overlay-gradient":""},"tablet":{"background-color":"var(--ast-global-color-5)","background-image":"","background-repeat":"repeat","background-position":"center center","background-size":"auto","background-attachment":"scroll","background-type":"","background-media":"","overlay-type":"","overlay-color":"","overlay-opacity":"","overlay-gradient":""},"mobile":{"background-color":"var(--ast-global-color-5)","background-image":"","background-repeat":"repeat","background-position":"center center","background-size":"auto","background-attachment":"scroll","background-type":"","background-media":"","overlay-type":"","overlay-color":"","overlay-opacity":"","overlay-gradient":""}}},"product_brand":[],"product_cat":[52,25,424,14346],"product_tag":[],"class_list":{"0":"post-225246","1":"product","2":"type-product","3":"status-publish","4":"has-post-thumbnail","6":"product_cat-20th-century","7":"product_cat-deutsch","8":"product_cat-karikaturen","9":"product_cat-oskar-merte","10":"desktop-align-center","11":"tablet-align-left","12":"mobile-align-left","14":"first","15":"instock","16":"taxable","17":"shipping-taxable","18":"product-type-simple"},"_links":{"self":[{"href":"https:\/\/collection.galerie-gerdes.com\/pt-pt\/wp-json\/wp\/v2\/product\/225246","targetHints":{"allow":["GET"]}}],"collection":[{"href":"https:\/\/collection.galerie-gerdes.com\/pt-pt\/wp-json\/wp\/v2\/product"}],"about":[{"href":"https:\/\/collection.galerie-gerdes.com\/pt-pt\/wp-json\/wp\/v2\/types\/product"}],"wp:featuredmedia":[{"embeddable":true,"href":"https:\/\/collection.galerie-gerdes.com\/pt-pt\/wp-json\/wp\/v2\/media\/225434"}],"wp:attachment":[{"href":"https:\/\/collection.galerie-gerdes.com\/pt-pt\/wp-json\/wp\/v2\/media?parent=225246"}],"wp:term":[{"taxonomy":"product_brand","embeddable":true,"href":"https:\/\/collection.galerie-gerdes.com\/pt-pt\/wp-json\/wp\/v2\/product_brand?post=225246"},{"taxonomy":"product_cat","embeddable":true,"href":"https:\/\/collection.galerie-gerdes.com\/pt-pt\/wp-json\/wp\/v2\/product_cat?post=225246"},{"taxonomy":"product_tag","embeddable":true,"href":"https:\/\/collection.galerie-gerdes.com\/pt-pt\/wp-json\/wp\/v2\/product_tag?post=225246"}],"curies":[{"name":"wp","href":"https:\/\/api.w.org\/{rel}","templated":true}]}}