{"id":236287,"date":"2024-09-10T08:36:19","date_gmt":"2024-09-10T06:36:19","guid":{"rendered":"https:\/\/www.collection.galerie-gerdes.com\/?post_type=product&#038;p=236287"},"modified":"2024-09-25T15:10:39","modified_gmt":"2024-09-25T13:10:39","slug":"norddeutsche-wiesenlandschaft-tusche-federzeichnung-von-wilhelm-tegtmeyer","status":"publish","type":"product","link":"https:\/\/collection.galerie-gerdes.com\/pt-pt\/p\/norddeutsche-wiesenlandschaft-tusche-federzeichnung-von-wilhelm-tegtmeyer\/","title":{"rendered":"Norddeutsche Wiesenlandschaft | Tusche-Federzeichnung von Wilhelm Tegtmeyer"},"content":{"rendered":"<p>Wilhelm Tegtmeier (* 9. Januar 1895 in Barmen, jetzt Wuppertal; \u2020 6. November 1968 in Nethen) war ein deutscher Maler, der durch seine Werke im Bereich des Realismus und der Neuen Sachlichkeit bekannt wurde.<\/p>\n<p>Tegtmeier verbrachte einen Teil seiner Jugend in Leer und besuchte das Ratsgymnasium in Osnabr\u00fcck, wo er 1913 sein Abitur ablegte. Seine Zeit in der Wandervogel-Bewegung pr\u00e4gte ihn ebenso wie seine Erfahrungen als Leichtmatrose, wo er auf Segelschiffen zweimal Kap Hoorn umrundete. Im Ersten Weltkrieg diente er sowohl an der Ost- als auch an der Westfront. Ab 1918 studierte er Kunst an der Kunstgewerbeschule Hamburg bei Julius Wohlers und Ewald D\u00fclberg sowie Altgriechisch an der Universit\u00e4t Hamburg.<\/p>\n<p>Tegtmeier freundete sich mit Kunsthistorikern wie Rosa Schapire und Wilhelm Niemeyer an, die seine Holzschnitte in der expressionistischen Zeitschrift <em>K\u00fcndung<\/em> ver\u00f6ffentlichten. Zudem erschienen seine Werke in der Zeitschrift <em>Die Aktion<\/em>. Zu dieser Zeit lernte er K\u00fcnstler wie Heinrich Vogeler und Otto Tetjus T\u00fcgel kennen.<\/p>\n<p>Nach kurzer T\u00e4tigkeit als Kunsterzieher am Kaiser-Wilhelm-Gymnasium in Hannover wandte er sich vollst\u00e4ndig der freischaffenden Kunst zu. In den 1920er Jahren wechselte er von einem expressionistischen Stil zur Neuen Sachlichkeit und lie\u00df sich von Altmeistern wie Matthias Gr\u00fcnewald und Albrecht D\u00fcrer inspirieren.<\/p>\n<p>In den 1930er Jahren trat Tegtmeier der NSDAP bei und wurde 1936 an die Nordische Kunsthochschule in Bremen berufen, wo er unter anderem Wandmalereien f\u00fcr das Olympische Dorf schuf. Trotz seiner Anpassung an das Regime wurden seine fr\u00fcheren expressionistischen Werke 1937 in der Aktion \u201eEntartete Kunst\u201c aus mehreren Museen beschlagnahmt und vernichtet.<\/p>\n<p>1941 denunzierte Tegtmeier den Direktor der Kunsthochschule Carl Horn, was ihm den Titel eines Professors einbrachte. 1944 verlor er bei einem Bombenangriff in Berlin einen Gro\u00dfteil seiner Werke. Nach dem Krieg f\u00fchrte ihn die Notwendigkeit, sich materiell abzusichern, zur\u00fcck zur Seefahrt, wo er auf Fischdampfern als Steuermann t\u00e4tig war.<\/p>\n<p>Ab 1950 lebte und arbeitete Tegtmeier in Nethen, wo er wieder verst\u00e4rkt k\u00fcnstlerisch t\u00e4tig wurde. Besonders bemerkenswert sind seine Arbeiten im Bereich der Grafik sowie seine Sgraffito- und Mosaik-Gestaltungen. Ab 1956 widmete er sich verst\u00e4rkt maritimen Themen, angelehnt an seine Erfahrungen zur See, und schuf gro\u00dfformatige Holzschnitte.<\/p>\n<p>Mit seinem vielf\u00e4ltigen Werk in unterschiedlichen Stilen gilt Wilhelm Tegtmeier, neben Franz Radziwill, als einer der bedeutendsten Vertreter des Realismus im Oldenburger Land.<\/p>\n","protected":false},"excerpt":{"rendered":"<p>Wilhelm Tegtmeyer (1895-1968)<\/p>\n","protected":false},"featured_media":236798,"template":"","meta":{"site-sidebar-layout":"default","site-content-layout":"","ast-site-content-layout":"default","site-content-style":"default","site-sidebar-style":"default","ast-global-header-display":"","ast-banner-title-visibility":"","ast-main-header-display":"","ast-hfb-above-header-display":"","ast-hfb-below-header-display":"","ast-hfb-mobile-header-display":"","site-post-title":"","ast-breadcrumbs-content":"","ast-featured-img":"","footer-sml-layout":"","ast-disable-related-posts":"","theme-transparent-header-meta":"default","adv-header-id-meta":"","stick-header-meta":"","header-above-stick-meta":"","header-main-stick-meta":"","header-below-stick-meta":"","astra-migrate-meta-layouts":"set","ast-page-background-enabled":"default","ast-page-background-meta":{"desktop":{"background-color":"var(--ast-global-color-4)","background-image":"","background-repeat":"repeat","background-position":"center center","background-size":"auto","background-attachment":"scroll","background-type":"","background-media":"","overlay-type":"","overlay-color":"","overlay-opacity":"","overlay-gradient":""},"tablet":{"background-color":"","background-image":"","background-repeat":"repeat","background-position":"center center","background-size":"auto","background-attachment":"scroll","background-type":"","background-media":"","overlay-type":"","overlay-color":"","overlay-opacity":"","overlay-gradient":""},"mobile":{"background-color":"","background-image":"","background-repeat":"repeat","background-position":"center center","background-size":"auto","background-attachment":"scroll","background-type":"","background-media":"","overlay-type":"","overlay-color":"","overlay-opacity":"","overlay-gradient":""}},"ast-content-background-meta":{"desktop":{"background-color":"var(--ast-global-color-5)","background-image":"","background-repeat":"repeat","background-position":"center center","background-size":"auto","background-attachment":"scroll","background-type":"","background-media":"","overlay-type":"","overlay-color":"","overlay-opacity":"","overlay-gradient":""},"tablet":{"background-color":"var(--ast-global-color-5)","background-image":"","background-repeat":"repeat","background-position":"center center","background-size":"auto","background-attachment":"scroll","background-type":"","background-media":"","overlay-type":"","overlay-color":"","overlay-opacity":"","overlay-gradient":""},"mobile":{"background-color":"var(--ast-global-color-5)","background-image":"","background-repeat":"repeat","background-position":"center center","background-size":"auto","background-attachment":"scroll","background-type":"","background-media":"","overlay-type":"","overlay-color":"","overlay-opacity":"","overlay-gradient":""}}},"product_brand":[],"product_cat":[14373],"product_tag":[],"class_list":{"0":"post-236287","1":"product","2":"type-product","3":"status-publish","4":"has-post-thumbnail","6":"product_cat-wilhelm-tegtmeyer","7":"desktop-align-center","8":"tablet-align-left","9":"mobile-align-left","11":"first","12":"instock","13":"taxable","14":"shipping-taxable","15":"product-type-simple"},"_links":{"self":[{"href":"https:\/\/collection.galerie-gerdes.com\/pt-pt\/wp-json\/wp\/v2\/product\/236287","targetHints":{"allow":["GET"]}}],"collection":[{"href":"https:\/\/collection.galerie-gerdes.com\/pt-pt\/wp-json\/wp\/v2\/product"}],"about":[{"href":"https:\/\/collection.galerie-gerdes.com\/pt-pt\/wp-json\/wp\/v2\/types\/product"}],"wp:featuredmedia":[{"embeddable":true,"href":"https:\/\/collection.galerie-gerdes.com\/pt-pt\/wp-json\/wp\/v2\/media\/236798"}],"wp:attachment":[{"href":"https:\/\/collection.galerie-gerdes.com\/pt-pt\/wp-json\/wp\/v2\/media?parent=236287"}],"wp:term":[{"taxonomy":"product_brand","embeddable":true,"href":"https:\/\/collection.galerie-gerdes.com\/pt-pt\/wp-json\/wp\/v2\/product_brand?post=236287"},{"taxonomy":"product_cat","embeddable":true,"href":"https:\/\/collection.galerie-gerdes.com\/pt-pt\/wp-json\/wp\/v2\/product_cat?post=236287"},{"taxonomy":"product_tag","embeddable":true,"href":"https:\/\/collection.galerie-gerdes.com\/pt-pt\/wp-json\/wp\/v2\/product_tag?post=236287"}],"curies":[{"name":"wp","href":"https:\/\/api.w.org\/{rel}","templated":true}]}}